{"id":9111,"date":"2026-04-08T13:44:07","date_gmt":"2026-04-08T11:44:07","guid":{"rendered":"https:\/\/assn-nyon.ch\/?page_id=9111"},"modified":"2026-04-08T13:44:07","modified_gmt":"2026-04-08T11:44:07","slug":"workshop-subventions-et-sponsoring-prive","status":"publish","type":"page","link":"https:\/\/assn-nyon.ch\/?page_id=9111","title":{"rendered":"Workshop \u00ab Subventions et sponsoring priv\u00e9 \u00bb"},"content":{"rendered":"<p>[et_pb_section fb_built=\u00a0\u00bb1&Prime; theme_builder_area=\u00a0\u00bbpost_content\u00a0\u00bb _builder_version=\u00a0\u00bb4.27.5&Prime; _module_preset=\u00a0\u00bbdefault\u00a0\u00bb][et_pb_row _builder_version=\u00a0\u00bb4.27.5&Prime; _module_preset=\u00a0\u00bbdefault\u00a0\u00bb theme_builder_area=\u00a0\u00bbpost_content\u00a0\u00bb module_alignment=\u00a0\u00bbcenter\u00a0\u00bb hover_enabled=\u00a0\u00bb0&Prime; sticky_enabled=\u00a0\u00bb0&Prime;][et_pb_column _builder_version=\u00a0\u00bb4.27.5&Prime; _module_preset=\u00a0\u00bbdefault\u00a0\u00bb type=\u00a0\u00bb4_4&Prime; theme_builder_area=\u00a0\u00bbpost_content\u00a0\u00bb][et_pb_image _builder_version=\u00a0\u00bb4.27.5&Prime; _module_preset=\u00a0\u00bbdefault\u00a0\u00bb theme_builder_area=\u00a0\u00bbpost_content\u00a0\u00bb title_text=\u00a0\u00bb21-logo-ASSN-10-cm-avec-filet-T-noir\u00a0\u00bb src=\u00a0\u00bbhttps:\/\/assn-nyon.ch\/wp-content\/uploads\/21-logo-ASSN-10-cm-avec-filet-T-noir-1.png\u00a0\u00bb hover_enabled=\u00a0\u00bb0&Prime; sticky_enabled=\u00a0\u00bb0&Prime;][\/et_pb_image][et_pb_image _builder_version=\u00a0\u00bb4.27.5&Prime; _module_preset=\u00a0\u00bbdefault\u00a0\u00bb theme_builder_area=\u00a0\u00bbpost_content\u00a0\u00bb title_text=\u00a0\u00bbDSC_0942&Prime; src=\u00a0\u00bbhttps:\/\/assn-nyon.ch\/wp-content\/uploads\/DSC_0942-scaled.jpg\u00a0\u00bb hover_enabled=\u00a0\u00bb0&Prime; sticky_enabled=\u00a0\u00bb0&Prime;][\/et_pb_image][et_pb_text _builder_version=\u00a0\u00bb4.27.5&Prime; _module_preset=\u00a0\u00bbdefault\u00a0\u00bb theme_builder_area=\u00a0\u00bbpost_content\u00a0\u00bb hover_enabled=\u00a0\u00bb0&Prime; sticky_enabled=\u00a0\u00bb0&Prime;]<\/p>\n<h3 class=\"ws-ng-mail-style--473eJzz9HPyjwAABGYBgQ\" style=\"text-align: justify;\">Le mardi 31 mars c\u2019est tenu le premier workshop de l\u2019ASSN sur la th\u00e9matique \u00ab subvention et sponsoring priv\u00e9 \u00bb.<\/h3>\n<h3 class=\"ws-ng-mail-style--473eJzz9HPyjwAABGYBgQ\" style=\"text-align: justify;\">Nous avons eu la chance d\u2019accueillir Jo\u00ebl Bruniholz du canton de Vaud qui est venu expliqu\u00e9 les diff\u00e9rentes sources de financement publics. Il existe 3 niveaux de soutien, communal, cantonal et national. La politique sportive cantonale est grandissante et l\u2019avenir du sport dans le canton a \u00e9t\u00e9 tr\u00e8s bien expos\u00e9.<\/h3>\n<h3 class=\"ws-ng-mail-style--473eJzz9HPyjwAABGYBgQ\" style=\"text-align: justify;\">Ensuite, nous avons eu une magnifique table ronde, mod\u00e9r\u00e9e par Gilles Bi\u00e9ler du Quotidien La C\u00f4te. Une discussion autour du sponsoring priv\u00e9 avec des beaux t\u00e9moignages et explications de la part de nos trois invit\u00e9s, Madame Nadia Werro, responsable communication et marketing chez Berney Associ\u00e9s, Monsieur Rafael Binggeli, CEO de l\u2019Agence Sponsorize et Monsieur Blaise Guignard, pr\u00e9sident de la soci\u00e9t\u00e9 nautique de Nyon.<\/h3>\n<h3 class=\"ws-ng-mail-style--473eJzz9HPyjwAABGYBgQ\" style=\"text-align: justify;\">Un premier workshop r\u00e9ussi avec plus de 30 participants.<\/h3>\n<h3 style=\"text-align: justify;\">Merci \u00e0 toutes les personnes qui ont particip\u00e9 \u00e0 cet \u00e9v\u00e8nement.<\/h3>\n<p>[\/et_pb_text][\/et_pb_column][\/et_pb_row][\/et_pb_section]<\/p>\n","protected":false},"excerpt":{"rendered":"<p>Le mardi 31 mars c\u2019est tenu le premier workshop de l\u2019ASSN sur la th\u00e9matique \u00ab subvention et sponsoring priv\u00e9 \u00bb. Nous avons eu la chance d\u2019accueillir Jo\u00ebl Bruniholz du canton de Vaud qui est venu expliqu\u00e9 les diff\u00e9rentes sources de financement publics. Il existe 3 niveaux de soutien, communal, cantonal et national. La politique sportive [&hellip;]<\/p>\n","protected":false},"author":4,"featured_media":9114,"parent":0,"menu_order":0,"comment_status":"closed","ping_status":"closed","template":"","meta":{"_et_pb_use_builder":"on","_et_pb_old_content":"","_et_gb_content_width":"","footnotes":""},"class_list":["post-9111","page","type-page","status-publish","has-post-thumbnail","hentry"],"yoast_head":"<!-- This site is optimized with the Yoast SEO plugin v27.3 - https:\/\/yoast.com\/product\/yoast-seo-wordpress\/ -->\n<title>Workshop \u00ab Subventions et sponsoring priv\u00e9 \u00bb - ASSN - NYON<\/title>\n<meta name=\"description\" content=\"ASSN Nyon, voici les derniers \u00e9v\u00e8nements concernant l&#039;ASSN ou ses membres\" \/>\n<meta name=\"robots\" content=\"index, follow, max-snippet:-1, max-image-preview:large, max-video-preview:-1\" \/>\n<link rel=\"canonical\" href=\"https:\/\/assn-nyon.ch\/?page_id=9111\" \/>\n<meta property=\"og:locale\" content=\"fr_FR\" \/>\n<meta property=\"og:type\" content=\"article\" \/>\n<meta property=\"og:title\" content=\"Workshop \u00ab Subventions et sponsoring priv\u00e9 \u00bb - ASSN - NYON\" \/>\n<meta property=\"og:description\" content=\"ASSN Nyon, voici les derniers \u00e9v\u00e8nements concernant l&#039;ASSN ou ses membres\" \/>\n<meta property=\"og:url\" content=\"https:\/\/assn-nyon.ch\/?page_id=9111\" \/>\n<meta property=\"og:site_name\" content=\"ASSN - NYON\" \/>\n<meta property=\"og:image\" content=\"https:\/\/assn-nyon.ch\/wp-content\/uploads\/DSC_0942-scaled.jpg\" \/>\n\t<meta property=\"og:image:width\" content=\"2560\" \/>\n\t<meta property=\"og:image:height\" content=\"1707\" \/>\n\t<meta property=\"og:image:type\" content=\"image\/jpeg\" \/>\n<meta name=\"twitter:card\" content=\"summary_large_image\" \/>\n<meta name=\"twitter:label1\" content=\"Dur\u00e9e de lecture estim\u00e9e\" \/>\n\t<meta name=\"twitter:data1\" content=\"35 minutes\" \/>\n<script type=\"application\/ld+json\" class=\"yoast-schema-graph\">{\"@context\":\"https:\\\/\\\/schema.org\",\"@graph\":[{\"@type\":\"WebPage\",\"@id\":\"https:\\\/\\\/assn-nyon.ch\\\/?page_id=9111\",\"url\":\"https:\\\/\\\/assn-nyon.ch\\\/?page_id=9111\",\"name\":\"Workshop \u00ab Subventions et sponsoring priv\u00e9 \u00bb - ASSN - NYON\",\"isPartOf\":{\"@id\":\"https:\\\/\\\/assn-nyon.ch\\\/#website\"},\"primaryImageOfPage\":{\"@id\":\"https:\\\/\\\/assn-nyon.ch\\\/?page_id=9111#primaryimage\"},\"image\":{\"@id\":\"https:\\\/\\\/assn-nyon.ch\\\/?page_id=9111#primaryimage\"},\"thumbnailUrl\":\"https:\\\/\\\/assn-nyon.ch\\\/wp-content\\\/uploads\\\/DSC_0942-scaled.jpg\",\"datePublished\":\"2026-04-08T11:44:07+00:00\",\"description\":\"ASSN Nyon, voici les derniers \u00e9v\u00e8nements concernant l'ASSN ou ses membres\",\"breadcrumb\":{\"@id\":\"https:\\\/\\\/assn-nyon.ch\\\/?page_id=9111#breadcrumb\"},\"inLanguage\":\"fr-FR\",\"potentialAction\":[{\"@type\":\"ReadAction\",\"target\":[\"https:\\\/\\\/assn-nyon.ch\\\/?page_id=9111\"]}]},{\"@type\":\"ImageObject\",\"inLanguage\":\"fr-FR\",\"@id\":\"https:\\\/\\\/assn-nyon.ch\\\/?page_id=9111#primaryimage\",\"url\":\"https:\\\/\\\/assn-nyon.ch\\\/wp-content\\\/uploads\\\/DSC_0942-scaled.jpg\",\"contentUrl\":\"https:\\\/\\\/assn-nyon.ch\\\/wp-content\\\/uploads\\\/DSC_0942-scaled.jpg\",\"width\":2560,\"height\":1707},{\"@type\":\"BreadcrumbList\",\"@id\":\"https:\\\/\\\/assn-nyon.ch\\\/?page_id=9111#breadcrumb\",\"itemListElement\":[{\"@type\":\"ListItem\",\"position\":1,\"name\":\"Accueil\",\"item\":\"https:\\\/\\\/assn-nyon.ch\\\/\"},{\"@type\":\"ListItem\",\"position\":2,\"name\":\"Workshop \u00ab Subventions et sponsoring priv\u00e9 \u00bb\"}]},{\"@type\":\"WebSite\",\"@id\":\"https:\\\/\\\/assn-nyon.ch\\\/#website\",\"url\":\"https:\\\/\\\/assn-nyon.ch\\\/\",\"name\":\"ASSN - NYON\",\"description\":\"Un nouveau site pour les soci\u00e9t\u00e9s sportives\",\"publisher\":{\"@id\":\"https:\\\/\\\/assn-nyon.ch\\\/#organization\"},\"potentialAction\":[{\"@type\":\"SearchAction\",\"target\":{\"@type\":\"EntryPoint\",\"urlTemplate\":\"https:\\\/\\\/assn-nyon.ch\\\/?s={search_term_string}\"},\"query-input\":{\"@type\":\"PropertyValueSpecification\",\"valueRequired\":true,\"valueName\":\"search_term_string\"}}],\"inLanguage\":\"fr-FR\"},{\"@type\":\"Organization\",\"@id\":\"https:\\\/\\\/assn-nyon.ch\\\/#organization\",\"name\":\"ASSN - NYON\",\"url\":\"https:\\\/\\\/assn-nyon.ch\\\/\",\"logo\":{\"@type\":\"ImageObject\",\"inLanguage\":\"fr-FR\",\"@id\":\"https:\\\/\\\/assn-nyon.ch\\\/#\\\/schema\\\/logo\\\/image\\\/\",\"url\":\"https:\\\/\\\/assn-nyon.ch\\\/wp-content\\\/uploads\\\/21-logo-ASSN-10-cm-avec-filet-T-noir-1.png\",\"contentUrl\":\"https:\\\/\\\/assn-nyon.ch\\\/wp-content\\\/uploads\\\/21-logo-ASSN-10-cm-avec-filet-T-noir-1.png\",\"width\":283,\"height\":89,\"caption\":\"ASSN - NYON\"},\"image\":{\"@id\":\"https:\\\/\\\/assn-nyon.ch\\\/#\\\/schema\\\/logo\\\/image\\\/\"}}]}<\/script>\n<!-- \/ Yoast SEO plugin. -->","yoast_head_json":{"title":"Workshop \u00ab Subventions et sponsoring priv\u00e9 \u00bb - ASSN - NYON","description":"ASSN Nyon, voici les derniers \u00e9v\u00e8nements concernant l'ASSN ou ses membres","robots":{"index":"index","follow":"follow","max-snippet":"max-snippet:-1","max-image-preview":"max-image-preview:large","max-video-preview":"max-video-preview:-1"},"canonical":"https:\/\/assn-nyon.ch\/?page_id=9111","og_locale":"fr_FR","og_type":"article","og_title":"Workshop \u00ab Subventions et sponsoring priv\u00e9 \u00bb - ASSN - NYON","og_description":"ASSN Nyon, voici les derniers \u00e9v\u00e8nements concernant l'ASSN ou ses membres","og_url":"https:\/\/assn-nyon.ch\/?page_id=9111","og_site_name":"ASSN - NYON","og_image":[{"width":2560,"height":1707,"url":"https:\/\/assn-nyon.ch\/wp-content\/uploads\/DSC_0942-scaled.jpg","type":"image\/jpeg"}],"twitter_card":"summary_large_image","twitter_misc":{"Dur\u00e9e de lecture estim\u00e9e":"35 minutes"},"schema":{"@context":"https:\/\/schema.org","@graph":[{"@type":"WebPage","@id":"https:\/\/assn-nyon.ch\/?page_id=9111","url":"https:\/\/assn-nyon.ch\/?page_id=9111","name":"Workshop \u00ab Subventions et sponsoring priv\u00e9 \u00bb - ASSN - NYON","isPartOf":{"@id":"https:\/\/assn-nyon.ch\/#website"},"primaryImageOfPage":{"@id":"https:\/\/assn-nyon.ch\/?page_id=9111#primaryimage"},"image":{"@id":"https:\/\/assn-nyon.ch\/?page_id=9111#primaryimage"},"thumbnailUrl":"https:\/\/assn-nyon.ch\/wp-content\/uploads\/DSC_0942-scaled.jpg","datePublished":"2026-04-08T11:44:07+00:00","description":"ASSN Nyon, voici les derniers \u00e9v\u00e8nements concernant l'ASSN ou ses membres","breadcrumb":{"@id":"https:\/\/assn-nyon.ch\/?page_id=9111#breadcrumb"},"inLanguage":"fr-FR","potentialAction":[{"@type":"ReadAction","target":["https:\/\/assn-nyon.ch\/?page_id=9111"]}]},{"@type":"ImageObject","inLanguage":"fr-FR","@id":"https:\/\/assn-nyon.ch\/?page_id=9111#primaryimage","url":"https:\/\/assn-nyon.ch\/wp-content\/uploads\/DSC_0942-scaled.jpg","contentUrl":"https:\/\/assn-nyon.ch\/wp-content\/uploads\/DSC_0942-scaled.jpg","width":2560,"height":1707},{"@type":"BreadcrumbList","@id":"https:\/\/assn-nyon.ch\/?page_id=9111#breadcrumb","itemListElement":[{"@type":"ListItem","position":1,"name":"Accueil","item":"https:\/\/assn-nyon.ch\/"},{"@type":"ListItem","position":2,"name":"Workshop \u00ab Subventions et sponsoring priv\u00e9 \u00bb"}]},{"@type":"WebSite","@id":"https:\/\/assn-nyon.ch\/#website","url":"https:\/\/assn-nyon.ch\/","name":"ASSN - NYON","description":"Un nouveau site pour les soci\u00e9t\u00e9s sportives","publisher":{"@id":"https:\/\/assn-nyon.ch\/#organization"},"potentialAction":[{"@type":"SearchAction","target":{"@type":"EntryPoint","urlTemplate":"https:\/\/assn-nyon.ch\/?s={search_term_string}"},"query-input":{"@type":"PropertyValueSpecification","valueRequired":true,"valueName":"search_term_string"}}],"inLanguage":"fr-FR"},{"@type":"Organization","@id":"https:\/\/assn-nyon.ch\/#organization","name":"ASSN - NYON","url":"https:\/\/assn-nyon.ch\/","logo":{"@type":"ImageObject","inLanguage":"fr-FR","@id":"https:\/\/assn-nyon.ch\/#\/schema\/logo\/image\/","url":"https:\/\/assn-nyon.ch\/wp-content\/uploads\/21-logo-ASSN-10-cm-avec-filet-T-noir-1.png","contentUrl":"https:\/\/assn-nyon.ch\/wp-content\/uploads\/21-logo-ASSN-10-cm-avec-filet-T-noir-1.png","width":283,"height":89,"caption":"ASSN - NYON"},"image":{"@id":"https:\/\/assn-nyon.ch\/#\/schema\/logo\/image\/"}}]}},"_links":{"self":[{"href":"https:\/\/assn-nyon.ch\/index.php?rest_route=\/wp\/v2\/pages\/9111","targetHints":{"allow":["GET"]}}],"collection":[{"href":"https:\/\/assn-nyon.ch\/index.php?rest_route=\/wp\/v2\/pages"}],"about":[{"href":"https:\/\/assn-nyon.ch\/index.php?rest_route=\/wp\/v2\/types\/page"}],"author":[{"embeddable":true,"href":"https:\/\/assn-nyon.ch\/index.php?rest_route=\/wp\/v2\/users\/4"}],"replies":[{"embeddable":true,"href":"https:\/\/assn-nyon.ch\/index.php?rest_route=%2Fwp%2Fv2%2Fcomments&post=9111"}],"version-history":[{"count":2,"href":"https:\/\/assn-nyon.ch\/index.php?rest_route=\/wp\/v2\/pages\/9111\/revisions"}],"predecessor-version":[{"id":9116,"href":"https:\/\/assn-nyon.ch\/index.php?rest_route=\/wp\/v2\/pages\/9111\/revisions\/9116"}],"wp:featuredmedia":[{"embeddable":true,"href":"https:\/\/assn-nyon.ch\/index.php?rest_route=\/wp\/v2\/media\/9114"}],"wp:attachment":[{"href":"https:\/\/assn-nyon.ch\/index.php?rest_route=%2Fwp%2Fv2%2Fmedia&parent=9111"}],"curies":[{"name":"wp","href":"https:\/\/api.w.org\/{rel}","templated":true}]}}