{"id":9019,"date":"2025-10-05T13:21:53","date_gmt":"2025-10-05T11:21:53","guid":{"rendered":"https:\/\/assn-nyon.ch\/?page_id=9019"},"modified":"2025-10-05T13:46:17","modified_gmt":"2025-10-05T11:46:17","slug":"9019-2","status":"publish","type":"page","link":"https:\/\/assn-nyon.ch\/?page_id=9019","title":{"rendered":""},"content":{"rendered":"<p>[et_pb_section fb_built=\u00a0\u00bb1&Prime; theme_builder_area=\u00a0\u00bbpost_content\u00a0\u00bb _builder_version=\u00a0\u00bb4.27.4&Prime; _module_preset=\u00a0\u00bbdefault\u00a0\u00bb][et_pb_row _builder_version=\u00a0\u00bb4.27.4&Prime; _module_preset=\u00a0\u00bbdefault\u00a0\u00bb theme_builder_area=\u00a0\u00bbpost_content\u00a0\u00bb hover_enabled=\u00a0\u00bb0&Prime; sticky_enabled=\u00a0\u00bb0&Prime;][et_pb_column _builder_version=\u00a0\u00bb4.27.4&Prime; _module_preset=\u00a0\u00bbdefault\u00a0\u00bb type=\u00a0\u00bb4_4&Prime; theme_builder_area=\u00a0\u00bbpost_content\u00a0\u00bb][et_pb_text _builder_version=\u00a0\u00bb4.27.4&Prime; _module_preset=\u00a0\u00bbdefault\u00a0\u00bb theme_builder_area=\u00a0\u00bbpost_content\u00a0\u00bb hover_enabled=\u00a0\u00bb0&Prime; sticky_enabled=\u00a0\u00bb0&Prime; custom_margin=\u00a0\u00bb-31px||||false|false\u00a0\u00bb text_font_size=\u00a0\u00bb20px\u00a0\u00bb text_orientation=\u00a0\u00bbcenter\u00a0\u00bb]<\/p>\n<h1><span style=\"color: #0000ff;\"><strong>Minibus de l&rsquo;ASSN op\u00e9rationnel<\/strong><\/span><\/h1>\n<p>[\/et_pb_text][\/et_pb_column][\/et_pb_row][et_pb_row _builder_version=\u00a0\u00bb4.27.4&Prime; _module_preset=\u00a0\u00bbdefault\u00a0\u00bb column_structure=\u00a0\u00bb1_2,1_2&Prime; theme_builder_area=\u00a0\u00bbpost_content\u00a0\u00bb max_width=\u00a0\u00bb1998px\u00a0\u00bb width=\u00a0\u00bb100%\u00a0\u00bb hover_enabled=\u00a0\u00bb0&Prime; sticky_enabled=\u00a0\u00bb0&Prime; custom_padding=\u00a0\u00bb|0px||0px|false|false\u00a0\u00bb][et_pb_column _builder_version=\u00a0\u00bb4.27.4&Prime; _module_preset=\u00a0\u00bbdefault\u00a0\u00bb type=\u00a0\u00bb1_2&Prime; theme_builder_area=\u00a0\u00bbpost_content\u00a0\u00bb custom_padding=\u00a0\u00bb|84px|||false|false\u00a0\u00bb hover_enabled=\u00a0\u00bb0&Prime; sticky_enabled=\u00a0\u00bb0&Prime;][et_pb_text _builder_version=\u00a0\u00bb4.27.4&Prime; _module_preset=\u00a0\u00bbdefault\u00a0\u00bb theme_builder_area=\u00a0\u00bbpost_content\u00a0\u00bb hover_enabled=\u00a0\u00bb0&Prime; sticky_enabled=\u00a0\u00bb0&Prime; custom_margin=\u00a0\u00bb||-28px||false|false\u00a0\u00bb]<\/p>\n<h2><span style=\"color: #339966;\">Pour rappel, voici une copie du PV de l&rsquo;AG du 3 septembre 2024 :<\/span><\/h2>\n<p>&nbsp;<\/p>\n<p>&nbsp;<\/p>\n<p>[\/et_pb_text][et_pb_image src=\u00a0\u00bbhttps:\/\/assn-nyon.ch\/wp-content\/uploads\/Capture-decran-2025-10-05-125939.png\u00a0\u00bb _builder_version=\u00a0\u00bb4.27.4&Prime; _module_preset=\u00a0\u00bbdefault\u00a0\u00bb theme_builder_area=\u00a0\u00bbpost_content\u00a0\u00bb title_text=\u00a0\u00bbCapture d&rsquo;\u00e9cran 2025-10-05 125939&Prime; hover_enabled=\u00a0\u00bb0&Prime; sticky_enabled=\u00a0\u00bb0&Prime; width=\u00a0\u00bb100%\u00a0\u00bb max_width=\u00a0\u00bb100%\u00a0\u00bb][\/et_pb_image][\/et_pb_column][et_pb_column _builder_version=\u00a0\u00bb4.27.4&Prime; _module_preset=\u00a0\u00bbdefault\u00a0\u00bb type=\u00a0\u00bb1_2&Prime; theme_builder_area=\u00a0\u00bbpost_content\u00a0\u00bb custom_padding=\u00a0\u00bb|||84px|false|false\u00a0\u00bb hover_enabled=\u00a0\u00bb0&Prime; sticky_enabled=\u00a0\u00bb0&Prime;][et_pb_text _builder_version=\u00a0\u00bb4.27.4&Prime; _module_preset=\u00a0\u00bbdefault\u00a0\u00bb theme_builder_area=\u00a0\u00bbpost_content\u00a0\u00bb hover_enabled=\u00a0\u00bb0&Prime; sticky_enabled=\u00a0\u00bb0&Prime; custom_margin=\u00a0\u00bb||||false|false\u00a0\u00bb]<\/p>\n<h2><span style=\"color: #339966;\">2025<\/span><\/h2>\n<h2><\/h2>\n<p>&nbsp;<\/p>\n<h2>Projet termin\u00e9.<\/h2>\n<h2>Achat d&rsquo;un minibus Mercedes-Benz Vito de 9 places avec la r\u00e9partition financi\u00e8re suivante :<\/h2>\n<h2>ASSN\u00a0 \u00a0 15&rsquo;000.-<\/h2>\n<h2>FDS\u00a0 \u00a0 \u00a0 \u00a025&rsquo;000.-<\/h2>\n<h2>FFSV\u00a0 \u00a0 \u00a0 \u00a09&rsquo;640.-<\/h2>\n<h2>VdN\u00a0 \u00a0 \u00a0 \u00a0 \u00a05&rsquo;000.-<\/h2>\n<h2><\/h2>\n<h2><\/h2>\n<p>&nbsp;<\/p>\n<p>[\/et_pb_text][et_pb_image src=\u00a0\u00bbhttps:\/\/assn-nyon.ch\/wp-content\/uploads\/20251001_143117-scaled.jpg\u00a0\u00bb _builder_version=\u00a0\u00bb4.27.4&Prime; _module_preset=\u00a0\u00bbdefault\u00a0\u00bb theme_builder_area=\u00a0\u00bbpost_content\u00a0\u00bb title_text=\u00a0\u00bb20251001_143117&Prime; hover_enabled=\u00a0\u00bb0&Prime; sticky_enabled=\u00a0\u00bb0&Prime; custom_margin=\u00a0\u00bb-46px||||false|false\u00a0\u00bb][\/et_pb_image][\/et_pb_column][\/et_pb_row][\/et_pb_section]<\/p>\n","protected":false},"excerpt":{"rendered":"<p>Minibus de l&rsquo;ASSN op\u00e9rationnelPour rappel, voici une copie du PV de l&rsquo;AG du 3 septembre 2024 : &nbsp; &nbsp;2025 &nbsp; Projet termin\u00e9. Achat d&rsquo;un minibus Mercedes-Benz Vito de 9 places avec la r\u00e9partition financi\u00e8re suivante : ASSN\u00a0 \u00a0 15&rsquo;000.- FDS\u00a0 \u00a0 \u00a0 \u00a025&rsquo;000.- FFSV\u00a0 \u00a0 \u00a0 \u00a09&rsquo;640.- VdN\u00a0 \u00a0 \u00a0 \u00a0 \u00a05&rsquo;000.- &nbsp;<\/p>\n","protected":false},"author":4,"featured_media":0,"parent":0,"menu_order":0,"comment_status":"closed","ping_status":"closed","template":"","meta":{"_et_pb_use_builder":"on","_et_pb_old_content":"","_et_gb_content_width":"","footnotes":""},"class_list":["post-9019","page","type-page","status-publish","hentry"],"yoast_head":"<!-- This site is optimized with the Yoast SEO plugin v26.8 - https:\/\/yoast.com\/product\/yoast-seo-wordpress\/ -->\n<title>- ASSN - NYON<\/title>\n<meta name=\"robots\" content=\"index, follow, max-snippet:-1, max-image-preview:large, max-video-preview:-1\" \/>\n<link rel=\"canonical\" href=\"https:\/\/assn-nyon.ch\/?page_id=9019\" \/>\n<meta property=\"og:locale\" content=\"fr_FR\" \/>\n<meta property=\"og:type\" content=\"article\" \/>\n<meta property=\"og:title\" content=\"- ASSN - NYON\" \/>\n<meta property=\"og:description\" content=\"Minibus de l&#039;ASSN op\u00e9rationnelPour rappel, voici une copie du PV de l&#039;AG du 3 septembre 2024 : &nbsp; &nbsp;2025 &nbsp; Projet termin\u00e9. Achat d&#039;un minibus Mercedes-Benz Vito de 9 places avec la r\u00e9partition financi\u00e8re suivante : ASSN\u00a0 \u00a0 15&#039;000.- FDS\u00a0 \u00a0 \u00a0 \u00a025&#039;000.- FFSV\u00a0 \u00a0 \u00a0 \u00a09&#039;640.- VdN\u00a0 \u00a0 \u00a0 \u00a0 \u00a05&#039;000.- &nbsp;\" \/>\n<meta property=\"og:url\" content=\"https:\/\/assn-nyon.ch\/?page_id=9019\" \/>\n<meta property=\"og:site_name\" content=\"ASSN - NYON\" \/>\n<meta property=\"article:modified_time\" content=\"2025-10-05T11:46:17+00:00\" \/>\n<meta name=\"twitter:card\" content=\"summary_large_image\" \/>\n<script type=\"application\/ld+json\" class=\"yoast-schema-graph\">{\"@context\":\"https:\/\/schema.org\",\"@graph\":[{\"@type\":\"WebPage\",\"@id\":\"https:\/\/assn-nyon.ch\/?page_id=9019\",\"url\":\"https:\/\/assn-nyon.ch\/?page_id=9019\",\"name\":\"- ASSN - NYON\",\"isPartOf\":{\"@id\":\"https:\/\/assn-nyon.ch\/#website\"},\"datePublished\":\"2025-10-05T11:21:53+00:00\",\"dateModified\":\"2025-10-05T11:46:17+00:00\",\"inLanguage\":\"fr-FR\",\"potentialAction\":[{\"@type\":\"ReadAction\",\"target\":[\"https:\/\/assn-nyon.ch\/?page_id=9019\"]}]},{\"@type\":\"WebSite\",\"@id\":\"https:\/\/assn-nyon.ch\/#website\",\"url\":\"https:\/\/assn-nyon.ch\/\",\"name\":\"ASSN - NYON\",\"description\":\"Un nouveau site pour les soci\u00e9t\u00e9s sportives\",\"publisher\":{\"@id\":\"https:\/\/assn-nyon.ch\/#organization\"},\"potentialAction\":[{\"@type\":\"SearchAction\",\"target\":{\"@type\":\"EntryPoint\",\"urlTemplate\":\"https:\/\/assn-nyon.ch\/?s={search_term_string}\"},\"query-input\":{\"@type\":\"PropertyValueSpecification\",\"valueRequired\":true,\"valueName\":\"search_term_string\"}}],\"inLanguage\":\"fr-FR\"},{\"@type\":\"Organization\",\"@id\":\"https:\/\/assn-nyon.ch\/#organization\",\"name\":\"ASSN - NYON\",\"url\":\"https:\/\/assn-nyon.ch\/\",\"logo\":{\"@type\":\"ImageObject\",\"inLanguage\":\"fr-FR\",\"@id\":\"https:\/\/assn-nyon.ch\/#\/schema\/logo\/image\/\",\"url\":\"https:\/\/assn-nyon.ch\/wp-content\/uploads\/21-logo-ASSN-10-cm-avec-filet-T-noir-1.png\",\"contentUrl\":\"https:\/\/assn-nyon.ch\/wp-content\/uploads\/21-logo-ASSN-10-cm-avec-filet-T-noir-1.png\",\"width\":283,\"height\":89,\"caption\":\"ASSN - NYON\"},\"image\":{\"@id\":\"https:\/\/assn-nyon.ch\/#\/schema\/logo\/image\/\"}}]}<\/script>\n<!-- \/ Yoast SEO plugin. -->","yoast_head_json":{"title":"- ASSN - NYON","robots":{"index":"index","follow":"follow","max-snippet":"max-snippet:-1","max-image-preview":"max-image-preview:large","max-video-preview":"max-video-preview:-1"},"canonical":"https:\/\/assn-nyon.ch\/?page_id=9019","og_locale":"fr_FR","og_type":"article","og_title":"- ASSN - NYON","og_description":"Minibus de l'ASSN op\u00e9rationnelPour rappel, voici une copie du PV de l'AG du 3 septembre 2024 : &nbsp; &nbsp;2025 &nbsp; Projet termin\u00e9. Achat d'un minibus Mercedes-Benz Vito de 9 places avec la r\u00e9partition financi\u00e8re suivante : ASSN\u00a0 \u00a0 15'000.- FDS\u00a0 \u00a0 \u00a0 \u00a025'000.- FFSV\u00a0 \u00a0 \u00a0 \u00a09'640.- VdN\u00a0 \u00a0 \u00a0 \u00a0 \u00a05'000.- &nbsp;","og_url":"https:\/\/assn-nyon.ch\/?page_id=9019","og_site_name":"ASSN - NYON","article_modified_time":"2025-10-05T11:46:17+00:00","twitter_card":"summary_large_image","schema":{"@context":"https:\/\/schema.org","@graph":[{"@type":"WebPage","@id":"https:\/\/assn-nyon.ch\/?page_id=9019","url":"https:\/\/assn-nyon.ch\/?page_id=9019","name":"- ASSN - NYON","isPartOf":{"@id":"https:\/\/assn-nyon.ch\/#website"},"datePublished":"2025-10-05T11:21:53+00:00","dateModified":"2025-10-05T11:46:17+00:00","inLanguage":"fr-FR","potentialAction":[{"@type":"ReadAction","target":["https:\/\/assn-nyon.ch\/?page_id=9019"]}]},{"@type":"WebSite","@id":"https:\/\/assn-nyon.ch\/#website","url":"https:\/\/assn-nyon.ch\/","name":"ASSN - NYON","description":"Un nouveau site pour les soci\u00e9t\u00e9s sportives","publisher":{"@id":"https:\/\/assn-nyon.ch\/#organization"},"potentialAction":[{"@type":"SearchAction","target":{"@type":"EntryPoint","urlTemplate":"https:\/\/assn-nyon.ch\/?s={search_term_string}"},"query-input":{"@type":"PropertyValueSpecification","valueRequired":true,"valueName":"search_term_string"}}],"inLanguage":"fr-FR"},{"@type":"Organization","@id":"https:\/\/assn-nyon.ch\/#organization","name":"ASSN - NYON","url":"https:\/\/assn-nyon.ch\/","logo":{"@type":"ImageObject","inLanguage":"fr-FR","@id":"https:\/\/assn-nyon.ch\/#\/schema\/logo\/image\/","url":"https:\/\/assn-nyon.ch\/wp-content\/uploads\/21-logo-ASSN-10-cm-avec-filet-T-noir-1.png","contentUrl":"https:\/\/assn-nyon.ch\/wp-content\/uploads\/21-logo-ASSN-10-cm-avec-filet-T-noir-1.png","width":283,"height":89,"caption":"ASSN - NYON"},"image":{"@id":"https:\/\/assn-nyon.ch\/#\/schema\/logo\/image\/"}}]}},"_links":{"self":[{"href":"https:\/\/assn-nyon.ch\/index.php?rest_route=\/wp\/v2\/pages\/9019","targetHints":{"allow":["GET"]}}],"collection":[{"href":"https:\/\/assn-nyon.ch\/index.php?rest_route=\/wp\/v2\/pages"}],"about":[{"href":"https:\/\/assn-nyon.ch\/index.php?rest_route=\/wp\/v2\/types\/page"}],"author":[{"embeddable":true,"href":"https:\/\/assn-nyon.ch\/index.php?rest_route=\/wp\/v2\/users\/4"}],"replies":[{"embeddable":true,"href":"https:\/\/assn-nyon.ch\/index.php?rest_route=%2Fwp%2Fv2%2Fcomments&post=9019"}],"version-history":[{"count":5,"href":"https:\/\/assn-nyon.ch\/index.php?rest_route=\/wp\/v2\/pages\/9019\/revisions"}],"predecessor-version":[{"id":9032,"href":"https:\/\/assn-nyon.ch\/index.php?rest_route=\/wp\/v2\/pages\/9019\/revisions\/9032"}],"wp:attachment":[{"href":"https:\/\/assn-nyon.ch\/index.php?rest_route=%2Fwp%2Fv2%2Fmedia&parent=9019"}],"curies":[{"name":"wp","href":"https:\/\/api.w.org\/{rel}","templated":true}]}}