{"id":48,"date":"2017-01-16T13:59:45","date_gmt":"2017-01-16T12:59:45","guid":{"rendered":"http:\/\/assn-nyon.ch\/?page_id=48"},"modified":"2021-09-14T17:20:10","modified_gmt":"2021-09-14T15:20:10","slug":"fondation-de-luefa","status":"publish","type":"page","link":"https:\/\/assn-nyon.ch\/?page_id=48","title":{"rendered":"Fondation de l&rsquo;UEFA pour le d\u00e9veloppement du sport \u00e0 Nyon"},"content":{"rendered":"<p>[et_pb_section admin_label=\u00a0\u00bbsection\u00a0\u00bb]<br \/>\n\t\t\t[et_pb_row admin_label=\u00a0\u00bbrow\u00a0\u00bb]<br \/>\n\t\t\t\t[et_pb_column type=\u00a0\u00bb4_4&Prime;][et_pb_text admin_label=\u00a0\u00bbText\u00a0\u00bb]<a href=\"http:\/\/assn-nyon.ch\/wp-content\/uploads\/ASSN_FondationDeveloppementSportNyon_statuts.pdf\">Statuts de la Fondation<\/a><\/p>\n<p>&nbsp;<\/p>\n<p>R\u00e9capitulatif des Projets Retenus<\/p>\n<p>&nbsp;<\/p>\n<table border=\"3\" cellspacing=\"2\" cellpadding=\"6\">\n<tbody>\n<tr bgcolor=\"#FFFF99\">\n<td width=\"80\"><b>Ann\u00e9e<\/b><\/td>\n<td width=\"100\"><b>Dossiers<br \/>\nPr\u00e9sent\u00e9s<\/b><\/td>\n<td width=\"100\"><b>Dossiers<br \/>\nPrim\u00e9s<\/b><\/td>\n<td width=\"350\"><b>B\u00e9n\u00e9ficiaires<\/b><\/td>\n<td width=\"120\"><b>Montant CHF<\/b><\/td>\n<td width=\"550\"><b>Projet<\/b><\/td>\n<\/tr>\n<tr bgcolor=\"#FFFFCC\">\n<td rowspan=\"2\" align=\"center\" bgcolor=\"#FFFF99\"><b>2011<\/b><\/td>\n<td>12<\/td>\n<td>11<\/td>\n<td>Soci\u00e9t\u00e9 Nautique de Nyon<br \/>\nCercle des Nageurs de Nyon<br \/>\nM. Gaetan Procureur (Ski Club)<br \/>\nJudo Team de Nyon, pour les freres Genito<br \/>\nScouts de Nyon<br \/>\nTriathlon de Nyon<br \/>\nGym Nyon<br \/>\nNyon Basket F\u00e9minin<br \/>\nNyon Rugby Club<br \/>\nTwirling Sport de Nyon<br \/>\nCOVA Nyon<\/td>\n<td>10&rsquo;000.-<br \/>\n5&rsquo;000.-<br \/>\n5&rsquo;000.-<br \/>\n2&#215;5&rsquo;000.-<br \/>\n5&rsquo;000.-<br \/>\n10&rsquo;000.-<br \/>\n5&rsquo;738.35<br \/>\n5&rsquo;976.-<br \/>\n5&rsquo;000.-<br \/>\n3&rsquo;000.-<br \/>\n5&rsquo;000.-<\/td>\n<td>Achat de mat\u00e9riel<br \/>\nOrganisation du championnat suisse de natation<br \/>\nSport-\u00e9tudes \u00e0 Brigue pour champ. du monde junior<br \/>\nPr\u00e9paration pour divers championnats<br \/>\nOrganisation d&rsquo;un camp dans le cadre des 100 ans<br \/>\nOrganisation du champ. d\u2019Europe juniors et U23 en 2013<br \/>\nAchat mat\u00e9riel pour une piste d\u2019acrobatie et 1 \u00ab\u00a0vario cheval\u00a0\u00bb<br \/>\nOrganisation de deux camps pour jeunes<br \/>\nParticipation au tournoi \u00ab\u00a0\u00e9cole de rugby\u00a0\u00bb dans le Var<br \/>\nParticipation aux champ. d\u2019Europe du team junior en 2012<br \/>\nPlanche de prix pour le champ. multiples \u00e0 Nyon, 2012<\/td>\n<\/tr>\n<tr bgcolor=\"#FFFFCC\">\n<td colspan=\"3\"><\/td>\n<td>69&rsquo;714.35<\/td>\n<td><\/td>\n<\/tr>\n<tr bgcolor=\"#FFFFCC\">\n<td rowspan=\"2\" align=\"center\" bgcolor=\"#FFFF99\"><b>2010<\/b><\/td>\n<td>5<\/td>\n<td>5<\/td>\n<td>Club Subaquatique de Nyon<br \/>\nClub Alpin Suisse<br \/>\nSki Club de Nyon<br \/>\nCNN, Mlle Manon Zryd (**)<br \/>\nP\u00e9tanque Nyonnaise<br \/>\n(**)Montant r\u00e9parti sur 2 ans<\/td>\n<td>10&rsquo;000.-<br \/>\n20&rsquo;000.-<br \/>\n5&rsquo;000.-<br \/>\n20&rsquo;000.-<br \/>\n25&rsquo;000.-<\/td>\n<td>Achat d&rsquo;Equipements compatibles d&rsquo;Oxyg\u00e9ne<br \/>\nAchat d&rsquo;un v\u00e9hicule de 8 places<br \/>\nDemande d&rsquo;Achat de Mat\u00e9riel<br \/>\nMise en place d&rsquo;une Structure de Natation Synchronis\u00e9e \u00e0 Nyon<br \/>\nProjet d&rsquo;Installation Provisoire du club, Route du Stand<\/td>\n<\/tr>\n<tr bgcolor=\"#FFFFCC\">\n<td colspan=\"3\"><\/td>\n<td>80&rsquo;000.-<\/td>\n<td><\/td>\n<\/tr>\n<tr bgcolor=\"#FFFFCC\">\n<td rowspan=\"2\" align=\"center\" bgcolor=\"#FFFF99\"><b>2009<\/b><\/td>\n<td>10<\/td>\n<td>6<\/td>\n<td>Club de l&rsquo;Aviron, Nyon<br \/>\nMelle Marisa Lavanchy<br \/>\nNyon Region Trophy (*)<br \/>\nBasket Ball Club de Nyon<br \/>\nHockey Club de Nyon<br \/>\nCercle des Nageurs de Nyon<br \/>\n(*) Montant r\u00e9parti sur 3 ans<\/td>\n<td>20&rsquo;000.-<br \/>\n10&rsquo;000.-<br \/>\n20&rsquo;000.-<br \/>\n20&rsquo;000.-<br \/>\n20&rsquo;000.-<br \/>\n10&rsquo;000.-<\/td>\n<td>Achat d&rsquo;un Bateau<br \/>\nPr\u00e9paration pour les J.O. de Londres 2012<br \/>\nFavoriser le Sport et gratuit\u00e9 pour les enfants de moins de 10 ans<br \/>\nOrganisation de Camps pour le Mouvement Jeunesse<br \/>\nMise en place d&rsquo;une Ecole de Hockey sur Glace<br \/>\nParticipation a l&rsquo;Achat d&rsquo;un Bus<\/td>\n<\/tr>\n<tr bgcolor=\"#FFFFCC\">\n<td colspan=\"3\"><\/td>\n<td>100&rsquo;000.-<\/td>\n<td><\/td>\n<\/tr>\n<tr bgcolor=\"#FFFFCC\">\n<td align=\"center\" bgcolor=\"#FFFF99\"><b>2002<br \/>\n\u00e0<br \/>\n2008<\/b><\/td>\n<td colspan=\"5\" align=\"center\"><strong><br \/>\n<a href=\"http:\/\/assn-nyon.ch\/wp-content\/uploads\/ASSN_FondationDeveloppementSportNyon_projets-2002-2008.pdf\" target=\"_blank\" rel=\"noopener\">Liste des laur\u00e9ats &#8211; 2002 \u00e0 2008<\/a><\/strong><\/td>\n<\/tr>\n<\/tbody>\n<\/table>\n<p>&nbsp;[\/et_pb_text][\/et_pb_column]<br \/>\n\t\t\t[\/et_pb_row]<br \/>\n\t\t[\/et_pb_section]<\/p>\n","protected":false},"excerpt":{"rendered":"<p>Statuts de la Fondation &nbsp; R\u00e9capitulatif des Projets Retenus &nbsp; Ann\u00e9e Dossiers Pr\u00e9sent\u00e9s Dossiers Prim\u00e9s B\u00e9n\u00e9ficiaires Montant CHF Projet 2011 12 11 Soci\u00e9t\u00e9 Nautique de Nyon Cercle des Nageurs de Nyon M. Gaetan Procureur (Ski Club) Judo Team de Nyon, pour les freres Genito Scouts de Nyon Triathlon de Nyon Gym Nyon Nyon Basket F\u00e9minin [&hellip;]<\/p>\n","protected":false},"author":4,"featured_media":0,"parent":0,"menu_order":0,"comment_status":"closed","ping_status":"closed","template":"","meta":{"_et_pb_use_builder":"on","_et_pb_old_content":"<a href=\"http:\/\/assn-nyon.ch\/wp-content\/uploads\/ASSN_FondationDeveloppementSportNyon_statuts.pdf\">Statuts de la Fondation<\/a>\r\n\r\n&nbsp;\r\n\r\nR\u00e9capitulatif des Projets Retenus\r\n\r\n&nbsp;\r\n<table border=\"3\" cellspacing=\"2\" cellpadding=\"6\">\r\n<tbody>\r\n<tr bgcolor=\"#FFFF99\">\r\n<td width=\"80\"><b>Ann\u00e9e<\/b><\/td>\r\n<td width=\"100\"><b>Dossiers\r\nPr\u00e9sent\u00e9s<\/b><\/td>\r\n<td width=\"100\"><b>Dossiers\r\nPrim\u00e9s<\/b><\/td>\r\n<td width=\"350\"><b>B\u00e9n\u00e9ficiaires<\/b><\/td>\r\n<td width=\"120\"><b>Montant CHF<\/b><\/td>\r\n<td width=\"550\"><b>Projet<\/b><\/td>\r\n<\/tr>\r\n<tr bgcolor=\"#FFFFCC\">\r\n<td rowspan=\"2\" align=\"center\" bgcolor=\"#FFFF99\"><b>2011<\/b><\/td>\r\n<td>12<\/td>\r\n<td>11<\/td>\r\n<td>Soci\u00e9t\u00e9 Nautique de Nyon\r\nCercle des Nageurs de Nyon\r\nM. Gaetan Procureur (Ski Club)\r\nJudo Team de Nyon, pour les freres Genito\r\nScouts de Nyon\r\nTriathlon de Nyon\r\nGym Nyon\r\nNyon Basket F\u00e9minin\r\nNyon Rugby Club\r\nTwirling Sport de Nyon\r\nCOVA Nyon<\/td>\r\n<td>10'000.-\r\n5'000.-\r\n5'000.-\r\n2x5'000.-\r\n5'000.-\r\n10'000.-\r\n5'738.35\r\n5'976.-\r\n5'000.-\r\n3'000.-\r\n5'000.-<\/td>\r\n<td>Achat de mat\u00e9riel\r\nOrganisation du championnat suisse de natation\r\nSport-\u00e9tudes \u00e0 Brigue pour champ. du monde junior\r\nPr\u00e9paration pour divers championnats\r\nOrganisation d'un camp dans le cadre des 100 ans\r\nOrganisation du champ. d\u2019Europe juniors et U23 en 2013\r\nAchat mat\u00e9riel pour une piste d\u2019acrobatie et 1 \"vario cheval\"\r\nOrganisation de deux camps pour jeunes\r\nParticipation au tournoi \"\u00e9cole de rugby\" dans le Var\r\nParticipation aux champ. d\u2019Europe du team junior en 2012\r\nPlanche de prix pour le champ. multiples \u00e0 Nyon, 2012<\/td>\r\n<\/tr>\r\n<tr bgcolor=\"#FFFFCC\">\r\n<td colspan=\"3\"><\/td>\r\n<td>69'714.35<\/td>\r\n<td><\/td>\r\n<\/tr>\r\n<tr bgcolor=\"#FFFFCC\">\r\n<td rowspan=\"2\" align=\"center\" bgcolor=\"#FFFF99\"><b>2010<\/b><\/td>\r\n<td>5<\/td>\r\n<td>5<\/td>\r\n<td>Club Subaquatique de Nyon\r\nClub Alpin Suisse\r\nSki Club de Nyon\r\nCNN, Mlle Manon Zryd (**)\r\nP\u00e9tanque Nyonnaise\r\n(**)Montant r\u00e9parti sur 2 ans<\/td>\r\n<td>10'000.-\r\n20'000.-\r\n5'000.-\r\n20'000.-\r\n25'000.-<\/td>\r\n<td>Achat d'Equipements compatibles d'Oxyg\u00e9ne\r\nAchat d'un v\u00e9hicule de 8 places\r\nDemande d'Achat de Mat\u00e9riel\r\nMise en place d'une Structure de Natation Synchronis\u00e9e \u00e0 Nyon\r\nProjet d'Installation Provisoire du club, Route du Stand<\/td>\r\n<\/tr>\r\n<tr bgcolor=\"#FFFFCC\">\r\n<td colspan=\"3\"><\/td>\r\n<td>80'000.-<\/td>\r\n<td><\/td>\r\n<\/tr>\r\n<tr bgcolor=\"#FFFFCC\">\r\n<td rowspan=\"2\" align=\"center\" bgcolor=\"#FFFF99\"><b>2009<\/b><\/td>\r\n<td>10<\/td>\r\n<td>6<\/td>\r\n<td>Club de l'Aviron, Nyon\r\nMelle Marisa Lavanchy\r\nNyon Region Trophy (*)\r\nBasket Ball Club de Nyon\r\nHockey Club de Nyon\r\nCercle des Nageurs de Nyon\r\n(*) Montant r\u00e9parti sur 3 ans<\/td>\r\n<td>20'000.-\r\n10'000.-\r\n20'000.-\r\n20'000.-\r\n20'000.-\r\n10'000.-<\/td>\r\n<td>Achat d'un Bateau\r\nPr\u00e9paration pour les J.O. de Londres 2012\r\nFavoriser le Sport et gratuit\u00e9 pour les enfants de moins de 10 ans\r\nOrganisation de Camps pour le Mouvement Jeunesse\r\nMise en place d'une Ecole de Hockey sur Glace\r\nParticipation a l'Achat d'un Bus<\/td>\r\n<\/tr>\r\n<tr bgcolor=\"#FFFFCC\">\r\n<td colspan=\"3\"><\/td>\r\n<td>100'000.-<\/td>\r\n<td><\/td>\r\n<\/tr>\r\n<tr bgcolor=\"#FFFFCC\">\r\n<td align=\"center\" bgcolor=\"#FFFF99\"><b>2002\r\n\u00e0\r\n2008<\/b><\/td>\r\n<td colspan=\"5\" align=\"center\"><strong>\r\n<a href=\"http:\/\/assn-nyon.ch\/wp-content\/uploads\/ASSN_FondationDeveloppementSportNyon_projets-2002-2008.pdf\" target=\"_blank\">Liste des laur\u00e9ats - 2002 \u00e0 2008<\/a><\/strong><\/td>\r\n<\/tr>\r\n<\/tbody>\r\n<\/table>\r\n&nbsp;","_et_gb_content_width":"","footnotes":""},"class_list":["post-48","page","type-page","status-publish","hentry"],"yoast_head":"<!-- This site is optimized with the Yoast SEO plugin v27.3 - https:\/\/yoast.com\/product\/yoast-seo-wordpress\/ -->\n<title>Fondation de l&#039;UEFA pour le d\u00e9veloppement du sport \u00e0 Nyon - ASSN - NYON<\/title>\n<meta name=\"robots\" content=\"index, follow, max-snippet:-1, max-image-preview:large, max-video-preview:-1\" \/>\n<link rel=\"canonical\" href=\"https:\/\/assn-nyon.ch\/?page_id=48\" \/>\n<meta property=\"og:locale\" content=\"fr_FR\" \/>\n<meta property=\"og:type\" content=\"article\" \/>\n<meta property=\"og:title\" content=\"Fondation de l&#039;UEFA pour le d\u00e9veloppement du sport \u00e0 Nyon - ASSN - NYON\" \/>\n<meta property=\"og:description\" content=\"Statuts de la Fondation &nbsp; R\u00e9capitulatif des Projets Retenus &nbsp; Ann\u00e9e Dossiers Pr\u00e9sent\u00e9s Dossiers Prim\u00e9s B\u00e9n\u00e9ficiaires Montant CHF Projet 2011 12 11 Soci\u00e9t\u00e9 Nautique de Nyon Cercle des Nageurs de Nyon M. Gaetan Procureur (Ski Club) Judo Team de Nyon, pour les freres Genito Scouts de Nyon Triathlon de Nyon Gym Nyon Nyon Basket F\u00e9minin [&hellip;]\" \/>\n<meta property=\"og:url\" content=\"https:\/\/assn-nyon.ch\/?page_id=48\" \/>\n<meta property=\"og:site_name\" content=\"ASSN - NYON\" \/>\n<meta property=\"article:modified_time\" content=\"2021-09-14T15:20:10+00:00\" \/>\n<meta name=\"twitter:card\" content=\"summary_large_image\" \/>\n<meta name=\"twitter:label1\" content=\"Dur\u00e9e de lecture estim\u00e9e\" \/>\n\t<meta name=\"twitter:data1\" content=\"2 minutes\" \/>\n<script type=\"application\/ld+json\" class=\"yoast-schema-graph\">{\"@context\":\"https:\\\/\\\/schema.org\",\"@graph\":[{\"@type\":\"WebPage\",\"@id\":\"https:\\\/\\\/assn-nyon.ch\\\/?page_id=48\",\"url\":\"https:\\\/\\\/assn-nyon.ch\\\/?page_id=48\",\"name\":\"Fondation de l'UEFA pour le d\u00e9veloppement du sport \u00e0 Nyon - ASSN - NYON\",\"isPartOf\":{\"@id\":\"https:\\\/\\\/assn-nyon.ch\\\/#website\"},\"datePublished\":\"2017-01-16T12:59:45+00:00\",\"dateModified\":\"2021-09-14T15:20:10+00:00\",\"breadcrumb\":{\"@id\":\"https:\\\/\\\/assn-nyon.ch\\\/?page_id=48#breadcrumb\"},\"inLanguage\":\"fr-FR\",\"potentialAction\":[{\"@type\":\"ReadAction\",\"target\":[\"https:\\\/\\\/assn-nyon.ch\\\/?page_id=48\"]}]},{\"@type\":\"BreadcrumbList\",\"@id\":\"https:\\\/\\\/assn-nyon.ch\\\/?page_id=48#breadcrumb\",\"itemListElement\":[{\"@type\":\"ListItem\",\"position\":1,\"name\":\"Accueil\",\"item\":\"https:\\\/\\\/assn-nyon.ch\\\/\"},{\"@type\":\"ListItem\",\"position\":2,\"name\":\"Fondation de l&rsquo;UEFA pour le d\u00e9veloppement du sport \u00e0 Nyon\"}]},{\"@type\":\"WebSite\",\"@id\":\"https:\\\/\\\/assn-nyon.ch\\\/#website\",\"url\":\"https:\\\/\\\/assn-nyon.ch\\\/\",\"name\":\"ASSN - NYON\",\"description\":\"Un nouveau site pour les soci\u00e9t\u00e9s sportives\",\"publisher\":{\"@id\":\"https:\\\/\\\/assn-nyon.ch\\\/#organization\"},\"potentialAction\":[{\"@type\":\"SearchAction\",\"target\":{\"@type\":\"EntryPoint\",\"urlTemplate\":\"https:\\\/\\\/assn-nyon.ch\\\/?s={search_term_string}\"},\"query-input\":{\"@type\":\"PropertyValueSpecification\",\"valueRequired\":true,\"valueName\":\"search_term_string\"}}],\"inLanguage\":\"fr-FR\"},{\"@type\":\"Organization\",\"@id\":\"https:\\\/\\\/assn-nyon.ch\\\/#organization\",\"name\":\"ASSN - NYON\",\"url\":\"https:\\\/\\\/assn-nyon.ch\\\/\",\"logo\":{\"@type\":\"ImageObject\",\"inLanguage\":\"fr-FR\",\"@id\":\"https:\\\/\\\/assn-nyon.ch\\\/#\\\/schema\\\/logo\\\/image\\\/\",\"url\":\"https:\\\/\\\/assn-nyon.ch\\\/wp-content\\\/uploads\\\/21-logo-ASSN-10-cm-avec-filet-T-noir-1.png\",\"contentUrl\":\"https:\\\/\\\/assn-nyon.ch\\\/wp-content\\\/uploads\\\/21-logo-ASSN-10-cm-avec-filet-T-noir-1.png\",\"width\":283,\"height\":89,\"caption\":\"ASSN - NYON\"},\"image\":{\"@id\":\"https:\\\/\\\/assn-nyon.ch\\\/#\\\/schema\\\/logo\\\/image\\\/\"}}]}<\/script>\n<!-- \/ Yoast SEO plugin. -->","yoast_head_json":{"title":"Fondation de l'UEFA pour le d\u00e9veloppement du sport \u00e0 Nyon - ASSN - NYON","robots":{"index":"index","follow":"follow","max-snippet":"max-snippet:-1","max-image-preview":"max-image-preview:large","max-video-preview":"max-video-preview:-1"},"canonical":"https:\/\/assn-nyon.ch\/?page_id=48","og_locale":"fr_FR","og_type":"article","og_title":"Fondation de l'UEFA pour le d\u00e9veloppement du sport \u00e0 Nyon - ASSN - NYON","og_description":"Statuts de la Fondation &nbsp; R\u00e9capitulatif des Projets Retenus &nbsp; Ann\u00e9e Dossiers Pr\u00e9sent\u00e9s Dossiers Prim\u00e9s B\u00e9n\u00e9ficiaires Montant CHF Projet 2011 12 11 Soci\u00e9t\u00e9 Nautique de Nyon Cercle des Nageurs de Nyon M. Gaetan Procureur (Ski Club) Judo Team de Nyon, pour les freres Genito Scouts de Nyon Triathlon de Nyon Gym Nyon Nyon Basket F\u00e9minin [&hellip;]","og_url":"https:\/\/assn-nyon.ch\/?page_id=48","og_site_name":"ASSN - NYON","article_modified_time":"2021-09-14T15:20:10+00:00","twitter_card":"summary_large_image","twitter_misc":{"Dur\u00e9e de lecture estim\u00e9e":"2 minutes"},"schema":{"@context":"https:\/\/schema.org","@graph":[{"@type":"WebPage","@id":"https:\/\/assn-nyon.ch\/?page_id=48","url":"https:\/\/assn-nyon.ch\/?page_id=48","name":"Fondation de l'UEFA pour le d\u00e9veloppement du sport \u00e0 Nyon - ASSN - NYON","isPartOf":{"@id":"https:\/\/assn-nyon.ch\/#website"},"datePublished":"2017-01-16T12:59:45+00:00","dateModified":"2021-09-14T15:20:10+00:00","breadcrumb":{"@id":"https:\/\/assn-nyon.ch\/?page_id=48#breadcrumb"},"inLanguage":"fr-FR","potentialAction":[{"@type":"ReadAction","target":["https:\/\/assn-nyon.ch\/?page_id=48"]}]},{"@type":"BreadcrumbList","@id":"https:\/\/assn-nyon.ch\/?page_id=48#breadcrumb","itemListElement":[{"@type":"ListItem","position":1,"name":"Accueil","item":"https:\/\/assn-nyon.ch\/"},{"@type":"ListItem","position":2,"name":"Fondation de l&rsquo;UEFA pour le d\u00e9veloppement du sport \u00e0 Nyon"}]},{"@type":"WebSite","@id":"https:\/\/assn-nyon.ch\/#website","url":"https:\/\/assn-nyon.ch\/","name":"ASSN - NYON","description":"Un nouveau site pour les soci\u00e9t\u00e9s sportives","publisher":{"@id":"https:\/\/assn-nyon.ch\/#organization"},"potentialAction":[{"@type":"SearchAction","target":{"@type":"EntryPoint","urlTemplate":"https:\/\/assn-nyon.ch\/?s={search_term_string}"},"query-input":{"@type":"PropertyValueSpecification","valueRequired":true,"valueName":"search_term_string"}}],"inLanguage":"fr-FR"},{"@type":"Organization","@id":"https:\/\/assn-nyon.ch\/#organization","name":"ASSN - NYON","url":"https:\/\/assn-nyon.ch\/","logo":{"@type":"ImageObject","inLanguage":"fr-FR","@id":"https:\/\/assn-nyon.ch\/#\/schema\/logo\/image\/","url":"https:\/\/assn-nyon.ch\/wp-content\/uploads\/21-logo-ASSN-10-cm-avec-filet-T-noir-1.png","contentUrl":"https:\/\/assn-nyon.ch\/wp-content\/uploads\/21-logo-ASSN-10-cm-avec-filet-T-noir-1.png","width":283,"height":89,"caption":"ASSN - NYON"},"image":{"@id":"https:\/\/assn-nyon.ch\/#\/schema\/logo\/image\/"}}]}},"_links":{"self":[{"href":"https:\/\/assn-nyon.ch\/index.php?rest_route=\/wp\/v2\/pages\/48","targetHints":{"allow":["GET"]}}],"collection":[{"href":"https:\/\/assn-nyon.ch\/index.php?rest_route=\/wp\/v2\/pages"}],"about":[{"href":"https:\/\/assn-nyon.ch\/index.php?rest_route=\/wp\/v2\/types\/page"}],"author":[{"embeddable":true,"href":"https:\/\/assn-nyon.ch\/index.php?rest_route=\/wp\/v2\/users\/4"}],"replies":[{"embeddable":true,"href":"https:\/\/assn-nyon.ch\/index.php?rest_route=%2Fwp%2Fv2%2Fcomments&post=48"}],"version-history":[{"count":16,"href":"https:\/\/assn-nyon.ch\/index.php?rest_route=\/wp\/v2\/pages\/48\/revisions"}],"predecessor-version":[{"id":1682,"href":"https:\/\/assn-nyon.ch\/index.php?rest_route=\/wp\/v2\/pages\/48\/revisions\/1682"}],"wp:attachment":[{"href":"https:\/\/assn-nyon.ch\/index.php?rest_route=%2Fwp%2Fv2%2Fmedia&parent=48"}],"curies":[{"name":"wp","href":"https:\/\/api.w.org\/{rel}","templated":true}]}}