{"id":408,"date":"2017-01-28T16:46:30","date_gmt":"2017-01-28T15:46:30","guid":{"rendered":"http:\/\/assn-nyon.ch\/?page_id=408"},"modified":"2019-03-12T21:03:48","modified_gmt":"2019-03-12T20:03:48","slug":"tennis-club-de-nyon","status":"publish","type":"page","link":"https:\/\/assn-nyon.ch\/?page_id=408","title":{"rendered":"Tennis Club de Nyon"},"content":{"rendered":"<table cellspacing=\"4\" cellpadding=\"10\">\n<tbody>\n<tr>\n<td align=\"LEFT\" valign=\"CENTER\" bgcolor=\"#a0c6f2\" width=\"400\">T\u00e9l.: 022 361 69 45<br \/>\nFax: 022 361 56 13<br \/>\n<a href=\"http:\/\/www.tennisclubnyon.ch\">www.tennisclubnyon.ch<\/a><br \/>\n<a href=\"mailto:info@tennisclubnyon.ch\">info@tennisclubnyon.ch<\/a><br \/>\nPr\u00e9sident : Pierre-Alain Dupuis<br \/>\nT\u00e9l.: 079 217 24 23<\/td>\n<td align=\"CENTER\" valign=\"CENTER\" bgcolor=\"#ffffcc\">&nbsp;<\/p>\n<p><b><br \/>\n<span style=\"color: #ffff99;\"><span style=\"font-size: xx-small;\"><img loading=\"lazy\" decoding=\"async\" class=\"wp-image-427 size-full aligncenter\" src=\"http:\/\/assn-nyon.ch\/wp-content\/uploads\/sport_tennis.jpg\" width=\"120\" height=\"120\" \/><\/span><\/span><\/b><\/td>\n<\/tr>\n<tr>\n<td colspan=\"2\" align=\"CENTER\" valign=\"CENTER\" bgcolor=\"#c71414\" width=\"800\">\n<p style=\"text-align: center;\"><span style=\"color: #ffcc99;\">Vid\u00e9os \u00e9missions NRTV<\/span><\/p>\n<p style=\"text-align: center;\"><span style=\"color: #ffcc99;\"><a style=\"color: #ffcc99;\" href=\"https:\/\/www.youtube.com\/watch?v=bPXLXecznmM\" target=\"_blank\" rel=\"noopener noreferrer\">03.11.2016 &#8211; l&rsquo;ASSN pr\u00e9sente la formation des jeunes au TC Nyon, avec Israel Perez, directeur de l&rsquo;\u00e9cole et Indra Karma, professeur<\/a> <\/span><\/p>\n<\/td>\n<\/tr>\n<\/tbody>\n<\/table>\n<p>&nbsp;<\/p>\n","protected":false},"excerpt":{"rendered":"<p>T\u00e9l.: 022 361 69 45 Fax: 022 361 56 13 www.tennisclubnyon.ch info@tennisclubnyon.ch Pr\u00e9sident : Pierre-Alain Dupuis T\u00e9l.: 079 217 24 23 &nbsp; Vid\u00e9os \u00e9missions NRTV 03.11.2016 &#8211; l&rsquo;ASSN pr\u00e9sente la formation des jeunes au TC Nyon, avec Israel Perez, directeur de l&rsquo;\u00e9cole et Indra Karma, professeur &nbsp;<\/p>\n","protected":false},"author":4,"featured_media":0,"parent":27,"menu_order":0,"comment_status":"closed","ping_status":"closed","template":"","meta":{"_et_pb_use_builder":"","_et_pb_old_content":"","_et_gb_content_width":"","footnotes":""},"class_list":["post-408","page","type-page","status-publish","hentry"],"yoast_head":"<!-- This site is optimized with the Yoast SEO plugin v26.8 - https:\/\/yoast.com\/product\/yoast-seo-wordpress\/ -->\n<title>Tennis Club de Nyon - ASSN - NYON<\/title>\n<meta name=\"robots\" content=\"index, follow, max-snippet:-1, max-image-preview:large, max-video-preview:-1\" \/>\n<link rel=\"canonical\" href=\"https:\/\/assn-nyon.ch\/?page_id=408\" \/>\n<meta property=\"og:locale\" content=\"fr_FR\" \/>\n<meta property=\"og:type\" content=\"article\" \/>\n<meta property=\"og:title\" content=\"Tennis Club de Nyon - ASSN - NYON\" \/>\n<meta property=\"og:description\" content=\"T\u00e9l.: 022 361 69 45 Fax: 022 361 56 13 www.tennisclubnyon.ch info@tennisclubnyon.ch Pr\u00e9sident : Pierre-Alain Dupuis T\u00e9l.: 079 217 24 23 &nbsp; Vid\u00e9os \u00e9missions NRTV 03.11.2016 &#8211; l&rsquo;ASSN pr\u00e9sente la formation des jeunes au TC Nyon, avec Israel Perez, directeur de l&rsquo;\u00e9cole et Indra Karma, professeur &nbsp;\" \/>\n<meta property=\"og:url\" content=\"https:\/\/assn-nyon.ch\/?page_id=408\" \/>\n<meta property=\"og:site_name\" content=\"ASSN - NYON\" \/>\n<meta property=\"article:modified_time\" content=\"2019-03-12T20:03:48+00:00\" \/>\n<meta property=\"og:image\" content=\"https:\/\/assn-nyon.ch\/wp-content\/uploads\/sport_tennis.jpg\" \/>\n\t<meta property=\"og:image:width\" content=\"120\" \/>\n\t<meta property=\"og:image:height\" content=\"120\" \/>\n\t<meta property=\"og:image:type\" content=\"image\/jpeg\" \/>\n<meta name=\"twitter:card\" content=\"summary_large_image\" \/>\n<script type=\"application\/ld+json\" class=\"yoast-schema-graph\">{\"@context\":\"https:\/\/schema.org\",\"@graph\":[{\"@type\":\"WebPage\",\"@id\":\"https:\/\/assn-nyon.ch\/?page_id=408\",\"url\":\"https:\/\/assn-nyon.ch\/?page_id=408\",\"name\":\"Tennis Club de Nyon - ASSN - NYON\",\"isPartOf\":{\"@id\":\"https:\/\/assn-nyon.ch\/#website\"},\"primaryImageOfPage\":{\"@id\":\"https:\/\/assn-nyon.ch\/?page_id=408#primaryimage\"},\"image\":{\"@id\":\"https:\/\/assn-nyon.ch\/?page_id=408#primaryimage\"},\"thumbnailUrl\":\"http:\/\/assn-nyon.ch\/wp-content\/uploads\/sport_tennis.jpg\",\"datePublished\":\"2017-01-28T15:46:30+00:00\",\"dateModified\":\"2019-03-12T20:03:48+00:00\",\"breadcrumb\":{\"@id\":\"https:\/\/assn-nyon.ch\/?page_id=408#breadcrumb\"},\"inLanguage\":\"fr-FR\",\"potentialAction\":[{\"@type\":\"ReadAction\",\"target\":[\"https:\/\/assn-nyon.ch\/?page_id=408\"]}]},{\"@type\":\"ImageObject\",\"inLanguage\":\"fr-FR\",\"@id\":\"https:\/\/assn-nyon.ch\/?page_id=408#primaryimage\",\"url\":\"https:\/\/assn-nyon.ch\/wp-content\/uploads\/sport_tennis.jpg\",\"contentUrl\":\"https:\/\/assn-nyon.ch\/wp-content\/uploads\/sport_tennis.jpg\",\"width\":120,\"height\":120},{\"@type\":\"BreadcrumbList\",\"@id\":\"https:\/\/assn-nyon.ch\/?page_id=408#breadcrumb\",\"itemListElement\":[{\"@type\":\"ListItem\",\"position\":1,\"name\":\"Accueil\",\"item\":\"https:\/\/assn-nyon.ch\/\"},{\"@type\":\"ListItem\",\"position\":2,\"name\":\"Clubs membres\",\"item\":\"https:\/\/assn-nyon.ch\/?page_id=27\"},{\"@type\":\"ListItem\",\"position\":3,\"name\":\"Tennis Club de Nyon\"}]},{\"@type\":\"WebSite\",\"@id\":\"https:\/\/assn-nyon.ch\/#website\",\"url\":\"https:\/\/assn-nyon.ch\/\",\"name\":\"ASSN - NYON\",\"description\":\"Un nouveau site pour les soci\u00e9t\u00e9s sportives\",\"publisher\":{\"@id\":\"https:\/\/assn-nyon.ch\/#organization\"},\"potentialAction\":[{\"@type\":\"SearchAction\",\"target\":{\"@type\":\"EntryPoint\",\"urlTemplate\":\"https:\/\/assn-nyon.ch\/?s={search_term_string}\"},\"query-input\":{\"@type\":\"PropertyValueSpecification\",\"valueRequired\":true,\"valueName\":\"search_term_string\"}}],\"inLanguage\":\"fr-FR\"},{\"@type\":\"Organization\",\"@id\":\"https:\/\/assn-nyon.ch\/#organization\",\"name\":\"ASSN - NYON\",\"url\":\"https:\/\/assn-nyon.ch\/\",\"logo\":{\"@type\":\"ImageObject\",\"inLanguage\":\"fr-FR\",\"@id\":\"https:\/\/assn-nyon.ch\/#\/schema\/logo\/image\/\",\"url\":\"https:\/\/assn-nyon.ch\/wp-content\/uploads\/21-logo-ASSN-10-cm-avec-filet-T-noir-1.png\",\"contentUrl\":\"https:\/\/assn-nyon.ch\/wp-content\/uploads\/21-logo-ASSN-10-cm-avec-filet-T-noir-1.png\",\"width\":283,\"height\":89,\"caption\":\"ASSN - NYON\"},\"image\":{\"@id\":\"https:\/\/assn-nyon.ch\/#\/schema\/logo\/image\/\"}}]}<\/script>\n<!-- \/ Yoast SEO plugin. -->","yoast_head_json":{"title":"Tennis Club de Nyon - ASSN - NYON","robots":{"index":"index","follow":"follow","max-snippet":"max-snippet:-1","max-image-preview":"max-image-preview:large","max-video-preview":"max-video-preview:-1"},"canonical":"https:\/\/assn-nyon.ch\/?page_id=408","og_locale":"fr_FR","og_type":"article","og_title":"Tennis Club de Nyon - ASSN - NYON","og_description":"T\u00e9l.: 022 361 69 45 Fax: 022 361 56 13 www.tennisclubnyon.ch info@tennisclubnyon.ch Pr\u00e9sident : Pierre-Alain Dupuis T\u00e9l.: 079 217 24 23 &nbsp; Vid\u00e9os \u00e9missions NRTV 03.11.2016 &#8211; l&rsquo;ASSN pr\u00e9sente la formation des jeunes au TC Nyon, avec Israel Perez, directeur de l&rsquo;\u00e9cole et Indra Karma, professeur &nbsp;","og_url":"https:\/\/assn-nyon.ch\/?page_id=408","og_site_name":"ASSN - NYON","article_modified_time":"2019-03-12T20:03:48+00:00","og_image":[{"width":120,"height":120,"url":"https:\/\/assn-nyon.ch\/wp-content\/uploads\/sport_tennis.jpg","type":"image\/jpeg"}],"twitter_card":"summary_large_image","schema":{"@context":"https:\/\/schema.org","@graph":[{"@type":"WebPage","@id":"https:\/\/assn-nyon.ch\/?page_id=408","url":"https:\/\/assn-nyon.ch\/?page_id=408","name":"Tennis Club de Nyon - ASSN - NYON","isPartOf":{"@id":"https:\/\/assn-nyon.ch\/#website"},"primaryImageOfPage":{"@id":"https:\/\/assn-nyon.ch\/?page_id=408#primaryimage"},"image":{"@id":"https:\/\/assn-nyon.ch\/?page_id=408#primaryimage"},"thumbnailUrl":"http:\/\/assn-nyon.ch\/wp-content\/uploads\/sport_tennis.jpg","datePublished":"2017-01-28T15:46:30+00:00","dateModified":"2019-03-12T20:03:48+00:00","breadcrumb":{"@id":"https:\/\/assn-nyon.ch\/?page_id=408#breadcrumb"},"inLanguage":"fr-FR","potentialAction":[{"@type":"ReadAction","target":["https:\/\/assn-nyon.ch\/?page_id=408"]}]},{"@type":"ImageObject","inLanguage":"fr-FR","@id":"https:\/\/assn-nyon.ch\/?page_id=408#primaryimage","url":"https:\/\/assn-nyon.ch\/wp-content\/uploads\/sport_tennis.jpg","contentUrl":"https:\/\/assn-nyon.ch\/wp-content\/uploads\/sport_tennis.jpg","width":120,"height":120},{"@type":"BreadcrumbList","@id":"https:\/\/assn-nyon.ch\/?page_id=408#breadcrumb","itemListElement":[{"@type":"ListItem","position":1,"name":"Accueil","item":"https:\/\/assn-nyon.ch\/"},{"@type":"ListItem","position":2,"name":"Clubs membres","item":"https:\/\/assn-nyon.ch\/?page_id=27"},{"@type":"ListItem","position":3,"name":"Tennis Club de Nyon"}]},{"@type":"WebSite","@id":"https:\/\/assn-nyon.ch\/#website","url":"https:\/\/assn-nyon.ch\/","name":"ASSN - NYON","description":"Un nouveau site pour les soci\u00e9t\u00e9s sportives","publisher":{"@id":"https:\/\/assn-nyon.ch\/#organization"},"potentialAction":[{"@type":"SearchAction","target":{"@type":"EntryPoint","urlTemplate":"https:\/\/assn-nyon.ch\/?s={search_term_string}"},"query-input":{"@type":"PropertyValueSpecification","valueRequired":true,"valueName":"search_term_string"}}],"inLanguage":"fr-FR"},{"@type":"Organization","@id":"https:\/\/assn-nyon.ch\/#organization","name":"ASSN - NYON","url":"https:\/\/assn-nyon.ch\/","logo":{"@type":"ImageObject","inLanguage":"fr-FR","@id":"https:\/\/assn-nyon.ch\/#\/schema\/logo\/image\/","url":"https:\/\/assn-nyon.ch\/wp-content\/uploads\/21-logo-ASSN-10-cm-avec-filet-T-noir-1.png","contentUrl":"https:\/\/assn-nyon.ch\/wp-content\/uploads\/21-logo-ASSN-10-cm-avec-filet-T-noir-1.png","width":283,"height":89,"caption":"ASSN - NYON"},"image":{"@id":"https:\/\/assn-nyon.ch\/#\/schema\/logo\/image\/"}}]}},"_links":{"self":[{"href":"https:\/\/assn-nyon.ch\/index.php?rest_route=\/wp\/v2\/pages\/408","targetHints":{"allow":["GET"]}}],"collection":[{"href":"https:\/\/assn-nyon.ch\/index.php?rest_route=\/wp\/v2\/pages"}],"about":[{"href":"https:\/\/assn-nyon.ch\/index.php?rest_route=\/wp\/v2\/types\/page"}],"author":[{"embeddable":true,"href":"https:\/\/assn-nyon.ch\/index.php?rest_route=\/wp\/v2\/users\/4"}],"replies":[{"embeddable":true,"href":"https:\/\/assn-nyon.ch\/index.php?rest_route=%2Fwp%2Fv2%2Fcomments&post=408"}],"version-history":[{"count":9,"href":"https:\/\/assn-nyon.ch\/index.php?rest_route=\/wp\/v2\/pages\/408\/revisions"}],"predecessor-version":[{"id":932,"href":"https:\/\/assn-nyon.ch\/index.php?rest_route=\/wp\/v2\/pages\/408\/revisions\/932"}],"up":[{"embeddable":true,"href":"https:\/\/assn-nyon.ch\/index.php?rest_route=\/wp\/v2\/pages\/27"}],"wp:attachment":[{"href":"https:\/\/assn-nyon.ch\/index.php?rest_route=%2Fwp%2Fv2%2Fmedia&parent=408"}],"curies":[{"name":"wp","href":"https:\/\/api.w.org\/{rel}","templated":true}]}}