{"id":404,"date":"2017-01-28T16:45:04","date_gmt":"2017-01-28T15:45:04","guid":{"rendered":"http:\/\/assn-nyon.ch\/?page_id=404"},"modified":"2019-05-10T20:07:05","modified_gmt":"2019-05-10T18:07:05","slug":"tchoukball-club","status":"publish","type":"page","link":"https:\/\/assn-nyon.ch\/?page_id=404","title":{"rendered":"Tchoukball Club Nyon"},"content":{"rendered":"<table cellspacing=\"4\" cellpadding=\"10\">\n<tbody>\n<tr>\n<td align=\"LEFT\" valign=\"CENTER\" bgcolor=\"#a0c6f2\" width=\"400\">T\u00e9l.:<br \/>\nFax:<br \/>\n<a href=\"http:\/\/www.ntbc.ch\">www.ntbc.ch<\/a><br \/>\nPr\u00e9sidente : R\u00e9anne Maspero<br \/>\nT\u00e9l.: 079 414 88 37<br \/>\n<a href=\"mailto:president@ntbc.ch\">president@ntbc.ch<\/a><\/td>\n<td align=\"CENTER\" valign=\"CENTER\" bgcolor=\"#ffffcc\"><b><br \/>\n<span style=\"color: #ffff99;\"><span style=\"font-size: xx-small;\"><img loading=\"lazy\" decoding=\"async\" class=\"wp-image-426 size-full aligncenter\" src=\"http:\/\/assn-nyon.ch\/wp-content\/uploads\/sport_tchoukball.gif\" width=\"90\" height=\"93\" \/><\/span><\/span><\/b><\/td>\n<\/tr>\n<tr>\n<td colspan=\"2\" align=\"CENTER\" valign=\"CENTER\" bgcolor=\"#c71414\" width=\"800\">\n<p style=\"text-align: center;\"><span style=\"color: #ffcc99;\">Vid\u00e9os \u00e9missions NRTV<\/span><\/p>\n<p style=\"text-align: center;\"><span style=\"color: #ffcc99;\"><a style=\"color: #ffcc99;\" href=\"https:\/\/www.youtube.com\/watch?v=BT_mqkCW2AE\" target=\"_blank\" rel=\"noopener noreferrer\">30.11.2017 &#8211; Reanne Maspero, pr\u00e9sidente, revient sur la 1\u00e8re journ\u00e9e de la Coupe suisse<\/a><\/span><br \/>\n<span style=\"color: #ffcc99;\"><a style=\"color: #ffcc99;\" href=\"https:\/\/www.youtube.com\/watch?v=BT_mqkCW2AE\" target=\"_blank\" rel=\"noopener noreferrer\">16.03.2017 &#8211; reportage sur le sport tchoukball<\/a><\/span><br \/>\n<span style=\"color: #ffcc99;\"> <a style=\"color: #ffcc99;\" href=\"https:\/\/www.youtube.com\/watch?v=g7my0tZunDQ\" target=\"_blank\" rel=\"noopener noreferrer\">08.12.2016 &#8211; avec Joaquim Vasconcelos, Coach des Nyon Lakers. L&rsquo;\u00e9quipe de tchoukball, 6\u00e8me de LNA, termine l&rsquo;ann\u00e9e par un dernier match \u00e0 domicile<\/a><\/span><\/p>\n<\/td>\n<\/tr>\n<\/tbody>\n<\/table>\n<p>&nbsp;<\/p>\n","protected":false},"excerpt":{"rendered":"<p>T\u00e9l.: Fax: www.ntbc.ch Pr\u00e9sidente : R\u00e9anne Maspero T\u00e9l.: 079 414 88 37 president@ntbc.ch Vid\u00e9os \u00e9missions NRTV 30.11.2017 &#8211; Reanne Maspero, pr\u00e9sidente, revient sur la 1\u00e8re journ\u00e9e de la Coupe suisse 16.03.2017 &#8211; reportage sur le sport tchoukball 08.12.2016 &#8211; avec Joaquim Vasconcelos, Coach des Nyon Lakers. L&rsquo;\u00e9quipe de tchoukball, 6\u00e8me de LNA, termine l&rsquo;ann\u00e9e par [&hellip;]<\/p>\n","protected":false},"author":4,"featured_media":0,"parent":27,"menu_order":0,"comment_status":"closed","ping_status":"closed","template":"","meta":{"_et_pb_use_builder":"","_et_pb_old_content":"","_et_gb_content_width":"","footnotes":""},"class_list":["post-404","page","type-page","status-publish","hentry"],"yoast_head":"<!-- This site is optimized with the Yoast SEO plugin v27.3 - https:\/\/yoast.com\/product\/yoast-seo-wordpress\/ -->\n<title>Tchoukball Club Nyon - ASSN - NYON<\/title>\n<meta name=\"robots\" content=\"index, follow, max-snippet:-1, max-image-preview:large, max-video-preview:-1\" \/>\n<link rel=\"canonical\" href=\"https:\/\/assn-nyon.ch\/?page_id=404\" \/>\n<meta property=\"og:locale\" content=\"fr_FR\" \/>\n<meta property=\"og:type\" content=\"article\" \/>\n<meta property=\"og:title\" content=\"Tchoukball Club Nyon - ASSN - NYON\" \/>\n<meta property=\"og:description\" content=\"T\u00e9l.: Fax: www.ntbc.ch Pr\u00e9sidente : R\u00e9anne Maspero T\u00e9l.: 079 414 88 37 president@ntbc.ch Vid\u00e9os \u00e9missions NRTV 30.11.2017 &#8211; Reanne Maspero, pr\u00e9sidente, revient sur la 1\u00e8re journ\u00e9e de la Coupe suisse 16.03.2017 &#8211; reportage sur le sport tchoukball 08.12.2016 &#8211; avec Joaquim Vasconcelos, Coach des Nyon Lakers. L&rsquo;\u00e9quipe de tchoukball, 6\u00e8me de LNA, termine l&rsquo;ann\u00e9e par [&hellip;]\" \/>\n<meta property=\"og:url\" content=\"https:\/\/assn-nyon.ch\/?page_id=404\" \/>\n<meta property=\"og:site_name\" content=\"ASSN - NYON\" \/>\n<meta property=\"article:modified_time\" content=\"2019-05-10T18:07:05+00:00\" \/>\n<meta property=\"og:image\" content=\"https:\/\/assn-nyon.ch\/wp-content\/uploads\/sport_tchoukball.gif\" \/>\n\t<meta property=\"og:image:width\" content=\"90\" \/>\n\t<meta property=\"og:image:height\" content=\"93\" \/>\n\t<meta property=\"og:image:type\" content=\"image\/gif\" \/>\n<meta name=\"twitter:card\" content=\"summary_large_image\" \/>\n<script type=\"application\/ld+json\" class=\"yoast-schema-graph\">{\"@context\":\"https:\\\/\\\/schema.org\",\"@graph\":[{\"@type\":\"WebPage\",\"@id\":\"https:\\\/\\\/assn-nyon.ch\\\/?page_id=404\",\"url\":\"https:\\\/\\\/assn-nyon.ch\\\/?page_id=404\",\"name\":\"Tchoukball Club Nyon - ASSN - NYON\",\"isPartOf\":{\"@id\":\"https:\\\/\\\/assn-nyon.ch\\\/#website\"},\"primaryImageOfPage\":{\"@id\":\"https:\\\/\\\/assn-nyon.ch\\\/?page_id=404#primaryimage\"},\"image\":{\"@id\":\"https:\\\/\\\/assn-nyon.ch\\\/?page_id=404#primaryimage\"},\"thumbnailUrl\":\"http:\\\/\\\/assn-nyon.ch\\\/wp-content\\\/uploads\\\/sport_tchoukball.gif\",\"datePublished\":\"2017-01-28T15:45:04+00:00\",\"dateModified\":\"2019-05-10T18:07:05+00:00\",\"breadcrumb\":{\"@id\":\"https:\\\/\\\/assn-nyon.ch\\\/?page_id=404#breadcrumb\"},\"inLanguage\":\"fr-FR\",\"potentialAction\":[{\"@type\":\"ReadAction\",\"target\":[\"https:\\\/\\\/assn-nyon.ch\\\/?page_id=404\"]}]},{\"@type\":\"ImageObject\",\"inLanguage\":\"fr-FR\",\"@id\":\"https:\\\/\\\/assn-nyon.ch\\\/?page_id=404#primaryimage\",\"url\":\"https:\\\/\\\/assn-nyon.ch\\\/wp-content\\\/uploads\\\/sport_tchoukball.gif\",\"contentUrl\":\"https:\\\/\\\/assn-nyon.ch\\\/wp-content\\\/uploads\\\/sport_tchoukball.gif\",\"width\":90,\"height\":93},{\"@type\":\"BreadcrumbList\",\"@id\":\"https:\\\/\\\/assn-nyon.ch\\\/?page_id=404#breadcrumb\",\"itemListElement\":[{\"@type\":\"ListItem\",\"position\":1,\"name\":\"Accueil\",\"item\":\"https:\\\/\\\/assn-nyon.ch\\\/\"},{\"@type\":\"ListItem\",\"position\":2,\"name\":\"Clubs membres\",\"item\":\"https:\\\/\\\/assn-nyon.ch\\\/?page_id=27\"},{\"@type\":\"ListItem\",\"position\":3,\"name\":\"Tchoukball Club Nyon\"}]},{\"@type\":\"WebSite\",\"@id\":\"https:\\\/\\\/assn-nyon.ch\\\/#website\",\"url\":\"https:\\\/\\\/assn-nyon.ch\\\/\",\"name\":\"ASSN - NYON\",\"description\":\"Un nouveau site pour les soci\u00e9t\u00e9s sportives\",\"publisher\":{\"@id\":\"https:\\\/\\\/assn-nyon.ch\\\/#organization\"},\"potentialAction\":[{\"@type\":\"SearchAction\",\"target\":{\"@type\":\"EntryPoint\",\"urlTemplate\":\"https:\\\/\\\/assn-nyon.ch\\\/?s={search_term_string}\"},\"query-input\":{\"@type\":\"PropertyValueSpecification\",\"valueRequired\":true,\"valueName\":\"search_term_string\"}}],\"inLanguage\":\"fr-FR\"},{\"@type\":\"Organization\",\"@id\":\"https:\\\/\\\/assn-nyon.ch\\\/#organization\",\"name\":\"ASSN - NYON\",\"url\":\"https:\\\/\\\/assn-nyon.ch\\\/\",\"logo\":{\"@type\":\"ImageObject\",\"inLanguage\":\"fr-FR\",\"@id\":\"https:\\\/\\\/assn-nyon.ch\\\/#\\\/schema\\\/logo\\\/image\\\/\",\"url\":\"https:\\\/\\\/assn-nyon.ch\\\/wp-content\\\/uploads\\\/21-logo-ASSN-10-cm-avec-filet-T-noir-1.png\",\"contentUrl\":\"https:\\\/\\\/assn-nyon.ch\\\/wp-content\\\/uploads\\\/21-logo-ASSN-10-cm-avec-filet-T-noir-1.png\",\"width\":283,\"height\":89,\"caption\":\"ASSN - NYON\"},\"image\":{\"@id\":\"https:\\\/\\\/assn-nyon.ch\\\/#\\\/schema\\\/logo\\\/image\\\/\"}}]}<\/script>\n<!-- \/ Yoast SEO plugin. -->","yoast_head_json":{"title":"Tchoukball Club Nyon - ASSN - NYON","robots":{"index":"index","follow":"follow","max-snippet":"max-snippet:-1","max-image-preview":"max-image-preview:large","max-video-preview":"max-video-preview:-1"},"canonical":"https:\/\/assn-nyon.ch\/?page_id=404","og_locale":"fr_FR","og_type":"article","og_title":"Tchoukball Club Nyon - ASSN - NYON","og_description":"T\u00e9l.: Fax: www.ntbc.ch Pr\u00e9sidente : R\u00e9anne Maspero T\u00e9l.: 079 414 88 37 president@ntbc.ch Vid\u00e9os \u00e9missions NRTV 30.11.2017 &#8211; Reanne Maspero, pr\u00e9sidente, revient sur la 1\u00e8re journ\u00e9e de la Coupe suisse 16.03.2017 &#8211; reportage sur le sport tchoukball 08.12.2016 &#8211; avec Joaquim Vasconcelos, Coach des Nyon Lakers. L&rsquo;\u00e9quipe de tchoukball, 6\u00e8me de LNA, termine l&rsquo;ann\u00e9e par [&hellip;]","og_url":"https:\/\/assn-nyon.ch\/?page_id=404","og_site_name":"ASSN - NYON","article_modified_time":"2019-05-10T18:07:05+00:00","og_image":[{"width":90,"height":93,"url":"https:\/\/assn-nyon.ch\/wp-content\/uploads\/sport_tchoukball.gif","type":"image\/gif"}],"twitter_card":"summary_large_image","schema":{"@context":"https:\/\/schema.org","@graph":[{"@type":"WebPage","@id":"https:\/\/assn-nyon.ch\/?page_id=404","url":"https:\/\/assn-nyon.ch\/?page_id=404","name":"Tchoukball Club Nyon - ASSN - NYON","isPartOf":{"@id":"https:\/\/assn-nyon.ch\/#website"},"primaryImageOfPage":{"@id":"https:\/\/assn-nyon.ch\/?page_id=404#primaryimage"},"image":{"@id":"https:\/\/assn-nyon.ch\/?page_id=404#primaryimage"},"thumbnailUrl":"http:\/\/assn-nyon.ch\/wp-content\/uploads\/sport_tchoukball.gif","datePublished":"2017-01-28T15:45:04+00:00","dateModified":"2019-05-10T18:07:05+00:00","breadcrumb":{"@id":"https:\/\/assn-nyon.ch\/?page_id=404#breadcrumb"},"inLanguage":"fr-FR","potentialAction":[{"@type":"ReadAction","target":["https:\/\/assn-nyon.ch\/?page_id=404"]}]},{"@type":"ImageObject","inLanguage":"fr-FR","@id":"https:\/\/assn-nyon.ch\/?page_id=404#primaryimage","url":"https:\/\/assn-nyon.ch\/wp-content\/uploads\/sport_tchoukball.gif","contentUrl":"https:\/\/assn-nyon.ch\/wp-content\/uploads\/sport_tchoukball.gif","width":90,"height":93},{"@type":"BreadcrumbList","@id":"https:\/\/assn-nyon.ch\/?page_id=404#breadcrumb","itemListElement":[{"@type":"ListItem","position":1,"name":"Accueil","item":"https:\/\/assn-nyon.ch\/"},{"@type":"ListItem","position":2,"name":"Clubs membres","item":"https:\/\/assn-nyon.ch\/?page_id=27"},{"@type":"ListItem","position":3,"name":"Tchoukball Club Nyon"}]},{"@type":"WebSite","@id":"https:\/\/assn-nyon.ch\/#website","url":"https:\/\/assn-nyon.ch\/","name":"ASSN - NYON","description":"Un nouveau site pour les soci\u00e9t\u00e9s sportives","publisher":{"@id":"https:\/\/assn-nyon.ch\/#organization"},"potentialAction":[{"@type":"SearchAction","target":{"@type":"EntryPoint","urlTemplate":"https:\/\/assn-nyon.ch\/?s={search_term_string}"},"query-input":{"@type":"PropertyValueSpecification","valueRequired":true,"valueName":"search_term_string"}}],"inLanguage":"fr-FR"},{"@type":"Organization","@id":"https:\/\/assn-nyon.ch\/#organization","name":"ASSN - NYON","url":"https:\/\/assn-nyon.ch\/","logo":{"@type":"ImageObject","inLanguage":"fr-FR","@id":"https:\/\/assn-nyon.ch\/#\/schema\/logo\/image\/","url":"https:\/\/assn-nyon.ch\/wp-content\/uploads\/21-logo-ASSN-10-cm-avec-filet-T-noir-1.png","contentUrl":"https:\/\/assn-nyon.ch\/wp-content\/uploads\/21-logo-ASSN-10-cm-avec-filet-T-noir-1.png","width":283,"height":89,"caption":"ASSN - NYON"},"image":{"@id":"https:\/\/assn-nyon.ch\/#\/schema\/logo\/image\/"}}]}},"_links":{"self":[{"href":"https:\/\/assn-nyon.ch\/index.php?rest_route=\/wp\/v2\/pages\/404","targetHints":{"allow":["GET"]}}],"collection":[{"href":"https:\/\/assn-nyon.ch\/index.php?rest_route=\/wp\/v2\/pages"}],"about":[{"href":"https:\/\/assn-nyon.ch\/index.php?rest_route=\/wp\/v2\/types\/page"}],"author":[{"embeddable":true,"href":"https:\/\/assn-nyon.ch\/index.php?rest_route=\/wp\/v2\/users\/4"}],"replies":[{"embeddable":true,"href":"https:\/\/assn-nyon.ch\/index.php?rest_route=%2Fwp%2Fv2%2Fcomments&post=404"}],"version-history":[{"count":12,"href":"https:\/\/assn-nyon.ch\/index.php?rest_route=\/wp\/v2\/pages\/404\/revisions"}],"predecessor-version":[{"id":1004,"href":"https:\/\/assn-nyon.ch\/index.php?rest_route=\/wp\/v2\/pages\/404\/revisions\/1004"}],"up":[{"embeddable":true,"href":"https:\/\/assn-nyon.ch\/index.php?rest_route=\/wp\/v2\/pages\/27"}],"wp:attachment":[{"href":"https:\/\/assn-nyon.ch\/index.php?rest_route=%2Fwp%2Fv2%2Fmedia&parent=404"}],"curies":[{"name":"wp","href":"https:\/\/api.w.org\/{rel}","templated":true}]}}