{"id":3630,"date":"2021-12-16T16:59:35","date_gmt":"2021-12-16T15:59:35","guid":{"rendered":"http:\/\/assn-nyon.ch\/?page_id=3630"},"modified":"2022-05-17T15:53:27","modified_gmt":"2022-05-17T13:53:27","slug":"club-gym-aine","status":"publish","type":"page","link":"https:\/\/assn-nyon.ch\/?page_id=3630","title":{"rendered":"Club Gym A\u00een\u00e9"},"content":{"rendered":"<p>[et_pb_section fb_built=\u00a0\u00bb1&Prime; _builder_version=\u00a0\u00bb4.16&Prime; _module_preset=\u00a0\u00bbdefault\u00a0\u00bb background_image=\u00a0\u00bbhttp:\/\/assn-nyon.ch\/wp-content\/uploads\/Gym-aines.jpg\u00a0\u00bb parallax=\u00a0\u00bbon\u00a0\u00bb parallax_method=\u00a0\u00bboff\u00a0\u00bb custom_margin=\u00a0\u00bb0px||||false|false\u00a0\u00bb background_last_edited=\u00a0\u00bbon|phone\u00a0\u00bb background_image_tablet=\u00a0\u00bbhttp:\/\/assn-nyon.ch\/wp-content\/uploads\/Twirling-vert.jpg\u00a0\u00bb background_enable_image_tablet=\u00a0\u00bbon\u00a0\u00bb background_enable_image_phone=\u00a0\u00bboff\u00a0\u00bb parallax_tablet=\u00a0\u00bbon\u00a0\u00bb parallax_phone=\u00a0\u00bbon\u00a0\u00bb parallax_method_tablet=\u00a0\u00bboff\u00a0\u00bb global_colors_info=\u00a0\u00bb{}\u00a0\u00bb][et_pb_row column_structure=\u00a0\u00bb1_4,3_4&Prime; _builder_version=\u00a0\u00bb4.16&Prime; _module_preset=\u00a0\u00bbdefault\u00a0\u00bb transform_scale_tablet=\u00a0\u00bb\u00a0\u00bb transform_scale_phone=\u00a0\u00bb120%|120%\u00a0\u00bb transform_scale_last_edited=\u00a0\u00bbon|phone\u00a0\u00bb transform_translate=\u00a0\u00bb31px|-31px\u00a0\u00bb transform_translate_tablet=\u00a0\u00bb\u00a0\u00bb transform_translate_phone=\u00a0\u00bb3px|-27px\u00a0\u00bb transform_translate_last_edited=\u00a0\u00bbon|phone\u00a0\u00bb transform_rotate_tablet=\u00a0\u00bb\u00a0\u00bb transform_rotate_phone=\u00a0\u00bb\u00a0\u00bb transform_rotate_last_edited=\u00a0\u00bbon|phone\u00a0\u00bb transform_skew_tablet=\u00a0\u00bb\u00a0\u00bb transform_skew_phone=\u00a0\u00bb\u00a0\u00bb transform_skew_last_edited=\u00a0\u00bbon|phone\u00a0\u00bb transform_origin_tablet=\u00a0\u00bb\u00a0\u00bb transform_origin_phone=\u00a0\u00bb\u00a0\u00bb transform_origin_last_edited=\u00a0\u00bbon|phone\u00a0\u00bb transform_styles_last_edited=\u00a0\u00bbon|phone\u00a0\u00bb custom_margin=\u00a0\u00bb50px||||false|false\u00a0\u00bb custom_margin_tablet=\u00a0\u00bb200px||||false|false\u00a0\u00bb custom_margin_phone=\u00a0\u00bb20px||||false|false\u00a0\u00bb custom_margin_last_edited=\u00a0\u00bbon|tablet\u00a0\u00bb transform_styles_tablet=\u00a0\u00bb\u00a0\u00bb transform_styles_phone=\u00a0\u00bb\u00a0\u00bb global_colors_info=\u00a0\u00bb{}\u00a0\u00bb][et_pb_column type=\u00a0\u00bb1_4&Prime; _builder_version=\u00a0\u00bb4.16&Prime; _module_preset=\u00a0\u00bbdefault\u00a0\u00bb global_colors_info=\u00a0\u00bb{}\u00a0\u00bb][et_pb_image title_text=\u00a0\u00bbGym-aines-vert\u00a0\u00bb src_tablet=\u00a0\u00bb\u00a0\u00bb src_phone=\u00a0\u00bbhttp:\/\/assn-nyon.ch\/wp-content\/uploads\/Gym-aines-vert.jpg\u00a0\u00bb src_last_edited=\u00a0\u00bbon|phone\u00a0\u00bb _builder_version=\u00a0\u00bb4.16&Prime; _module_preset=\u00a0\u00bbdefault\u00a0\u00bb transform_scale=\u00a0\u00bb110%|110%\u00a0\u00bb custom_margin_tablet=\u00a0\u00bb\u00a0\u00bb custom_margin_phone=\u00a0\u00bb40px||||false|false\u00a0\u00bb custom_margin_last_edited=\u00a0\u00bbon|phone\u00a0\u00bb global_colors_info=\u00a0\u00bb{}\u00a0\u00bb][\/et_pb_image][\/et_pb_column][et_pb_column type=\u00a0\u00bb3_4&Prime; _builder_version=\u00a0\u00bb4.16&Prime; _module_preset=\u00a0\u00bbdefault\u00a0\u00bb global_colors_info=\u00a0\u00bb{}\u00a0\u00bb][et_pb_text content_tablet=\u00a0\u00bb\u00a0\u00bb content_phone=\u00a0\u00bb<\/p>\n<div>\n<div>\n<h1 dir=%22ltr%22 style=%22text-align: center;%22><a href=%22http:\/\/www.gymainesnyon.clubdesk.com%22 data-et-target-link=%22_blank%22 rel=%22noopener%22><strong>Gym A\u00een\u00e9s Nyon<\/strong><\/a><\/h1>\n<p>&nbsp;<\/p>\n<h4 dir=%22ltr%22><span>Le groupe de Gym A\u00een\u00e9s Nyon propose des cours de gymnastique douce qui permettent aux s\u00e9niors de garder la forme et rester en bonne sant\u00e9. Des exercices pour am\u00e9liorer l&rsquo;\u00e9quilibre, la coordination, la force et la mobilit\u00e9 des articulations visent \u00e0 pr\u00e9server la qualit\u00e9 de vie. L&rsquo;activit\u00e9 physique pratiqu\u00e9e en groupe est conviviale et stimulante.<br \/><\/span><\/h4>\n<h4 dir=%22ltr%22><span> Les monitrices sont toutes form\u00e9es esa (dipl\u00f4me sport des adultes de l&rsquo;office f\u00e9d\u00e9ral du sport) ou \u00e9quivalent.<\/span><\/h4>\n<div class=%22yj6qo%22><\/div>\n<h4><\/h4>\n<div><\/div>\n<\/div>\n<\/div>\n<p>&nbsp;<\/p>\n<h4 style=%22text-align: center;%22><strong>Pr\u00e9sidence<\/strong> : Corinne Parodi Uythoven, 077 442 54 60, <a href=%22mailto:corinne.parodi_uythoven@gymnyon.ch%22 data-et-target-link=%22_blank%22 rel=%22noopener%22><span style=%22color: #0000ff;%22>corinne.parodi_uythoven@<wbr \/>gymnyon.ch<\/span><\/a><\/h4>\n<h4 style=%22text-align: center;%22><strong>Site internet : <\/strong><a href=%22http:\/\/www.gymainesnyon.clubdesk.com%22 data-et-target-link=%22_blank%22 rel=%22noopener%22><span style=%22color: #0000ff;%22>www.gymainesnyon.clubdesk.com<\/span><\/a><\/h4>\n<p>\u00a0\u00bb content_last_edited=\u00a0\u00bbon|phone\u00a0\u00bb _builder_version=\u00a0\u00bb4.17.4&Prime; _module_preset=\u00a0\u00bbdefault\u00a0\u00bb header_4_line_height=\u00a0\u00bb1.3em\u00a0\u00bb custom_margin=\u00a0\u00bb50px||||false|false\u00a0\u00bb custom_margin_tablet=\u00a0\u00bb\u00a0\u00bb custom_margin_phone=\u00a0\u00bb40px|22px|||false|false\u00a0\u00bb custom_margin_last_edited=\u00a0\u00bbon|phone\u00a0\u00bb hover_enabled=\u00a0\u00bb0&Prime; global_colors_info=\u00a0\u00bb{}\u00a0\u00bb sticky_enabled=\u00a0\u00bb0&Prime;]<\/p>\n<div>\n<div>\n<h1 dir=\"ltr\" style=\"text-align: center;\"><strong>Gym A\u00een\u00e9s Nyon<\/strong><\/h1>\n<h4 dir=\"ltr\"><span><\/span><\/h4>\n<p><span><\/span><\/p>\n<p><span><\/span><\/p>\n<p><span><\/span><\/p>\n<p><span><\/span><\/p>\n<h4 dir=\"ltr\"><span>Le groupe de Gym A\u00een\u00e9s Nyon propose des cours de gymnastique douce qui permettent aux s\u00e9niors de garder la forme et rester en bonne sant\u00e9. Des exercices pour am\u00e9liorer l&rsquo;\u00e9quilibre, la coordination, la force et la mobilit\u00e9 des articulations visent \u00e0 pr\u00e9server la qualit\u00e9 de vie. L&rsquo;activit\u00e9 physique pratiqu\u00e9e en groupe est conviviale et stimulante.<br \/><\/span><\/h4>\n<h4 dir=\"ltr\"><span> Les monitrices sont toutes form\u00e9es esa (dipl\u00f4me sport des adultes de l&rsquo;office f\u00e9d\u00e9ral du sport) ou \u00e9quivalent.<\/span><\/h4>\n<div class=\"yj6qo\"><\/div>\n<h4><\/h4>\n<div><\/div>\n<\/div>\n<\/div>\n<p>&nbsp;<\/p>\n<h4><strong>Pr\u00e9sidence<\/strong> : Corinne Parodi Uythoven, 077 442 54 60, <a href=\"mailto:corinne.parodi_uythoven@gymnyon.ch\" target=\"_blank\" rel=\"noopener\"><span style=\"color: #0000ff;\">corinne.parodi_uythoven@<wbr \/>gymnyon.ch<\/span><\/a><\/h4>\n<h4><strong>Site internet :\u00a0<\/strong><a href=\"http:\/\/www.gymainesnyon.clubdesk.com\" target=\"_blank\" rel=\"noopener\"><span style=\"color: #0000ff;\">www.gymainesnyon.clubdesk.com<\/span><\/a><span style=\"color: #646464; font-family: ABeeZee;\"><span><\/span><\/span><span style=\"color: #0000ff;\"><\/span><a href=\"http:\/\/www.patinoire.ch\"><strong><\/strong><\/a><span style=\"color: #646464; font-family: ABeeZee;\"><span><\/span><\/span><\/h4>\n<p>[\/et_pb_text][\/et_pb_column][\/et_pb_row][et_pb_row _builder_version=\u00a0\u00bb4.16&Prime; _module_preset=\u00a0\u00bbdefault\u00a0\u00bb global_colors_info=\u00a0\u00bb{}\u00a0\u00bb][et_pb_column type=\u00a0\u00bb4_4&Prime; _builder_version=\u00a0\u00bb4.16&Prime; _module_preset=\u00a0\u00bbdefault\u00a0\u00bb global_colors_info=\u00a0\u00bb{}\u00a0\u00bb][et_pb_text _builder_version=\u00a0\u00bb4.16&Prime; _module_preset=\u00a0\u00bbdefault\u00a0\u00bb global_colors_info=\u00a0\u00bb{}\u00a0\u00bb]<\/p>\n<p>&nbsp;<\/p>\n<p>&nbsp;<\/p>\n<p>&nbsp;<\/p>\n<p>&nbsp;<\/p>\n<p>[\/et_pb_text][\/et_pb_column][\/et_pb_row][\/et_pb_section]<\/p>\n","protected":false},"excerpt":{"rendered":"<p>Gym A\u00een\u00e9s Nyon Le groupe de Gym A\u00een\u00e9s Nyon propose des cours de gymnastique douce qui permettent aux s\u00e9niors de garder la forme et rester en bonne sant\u00e9. Des exercices pour am\u00e9liorer l&rsquo;\u00e9quilibre, la coordination, la force et la mobilit\u00e9 des articulations visent \u00e0 pr\u00e9server la qualit\u00e9 de vie. L&rsquo;activit\u00e9 physique pratiqu\u00e9e en groupe est [&hellip;]<\/p>\n","protected":false},"author":3,"featured_media":0,"parent":0,"menu_order":0,"comment_status":"closed","ping_status":"closed","template":"","meta":{"_et_pb_use_builder":"on","_et_pb_old_content":"","_et_gb_content_width":"","footnotes":""},"class_list":["post-3630","page","type-page","status-publish","hentry"],"yoast_head":"<!-- This site is optimized with the Yoast SEO plugin v26.8 - https:\/\/yoast.com\/product\/yoast-seo-wordpress\/ -->\n<title>Club Gym A\u00een\u00e9 - ASSN - NYON<\/title>\n<meta name=\"robots\" content=\"index, follow, max-snippet:-1, max-image-preview:large, max-video-preview:-1\" \/>\n<link rel=\"canonical\" href=\"https:\/\/assn-nyon.ch\/?page_id=3630\" \/>\n<meta property=\"og:locale\" content=\"fr_FR\" \/>\n<meta property=\"og:type\" content=\"article\" \/>\n<meta property=\"og:title\" content=\"Club Gym A\u00een\u00e9 - ASSN - NYON\" \/>\n<meta property=\"og:description\" content=\"Gym A\u00een\u00e9s Nyon Le groupe de Gym A\u00een\u00e9s Nyon propose des cours de gymnastique douce qui permettent aux s\u00e9niors de garder la forme et rester en bonne sant\u00e9. Des exercices pour am\u00e9liorer l&#039;\u00e9quilibre, la coordination, la force et la mobilit\u00e9 des articulations visent \u00e0 pr\u00e9server la qualit\u00e9 de vie. L&#039;activit\u00e9 physique pratiqu\u00e9e en groupe est [&hellip;]\" \/>\n<meta property=\"og:url\" content=\"https:\/\/assn-nyon.ch\/?page_id=3630\" \/>\n<meta property=\"og:site_name\" content=\"ASSN - NYON\" \/>\n<meta property=\"article:modified_time\" content=\"2022-05-17T13:53:27+00:00\" \/>\n<meta name=\"twitter:card\" content=\"summary_large_image\" \/>\n<meta name=\"twitter:label1\" content=\"Dur\u00e9e de lecture estim\u00e9e\" \/>\n\t<meta name=\"twitter:data1\" content=\"3 minutes\" \/>\n<script type=\"application\/ld+json\" class=\"yoast-schema-graph\">{\"@context\":\"https:\/\/schema.org\",\"@graph\":[{\"@type\":\"WebPage\",\"@id\":\"https:\/\/assn-nyon.ch\/?page_id=3630\",\"url\":\"https:\/\/assn-nyon.ch\/?page_id=3630\",\"name\":\"Club Gym A\u00een\u00e9 - ASSN - NYON\",\"isPartOf\":{\"@id\":\"https:\/\/assn-nyon.ch\/#website\"},\"datePublished\":\"2021-12-16T15:59:35+00:00\",\"dateModified\":\"2022-05-17T13:53:27+00:00\",\"breadcrumb\":{\"@id\":\"https:\/\/assn-nyon.ch\/?page_id=3630#breadcrumb\"},\"inLanguage\":\"fr-FR\",\"potentialAction\":[{\"@type\":\"ReadAction\",\"target\":[\"https:\/\/assn-nyon.ch\/?page_id=3630\"]}]},{\"@type\":\"BreadcrumbList\",\"@id\":\"https:\/\/assn-nyon.ch\/?page_id=3630#breadcrumb\",\"itemListElement\":[{\"@type\":\"ListItem\",\"position\":1,\"name\":\"Accueil\",\"item\":\"https:\/\/assn-nyon.ch\/\"},{\"@type\":\"ListItem\",\"position\":2,\"name\":\"Club Gym A\u00een\u00e9\"}]},{\"@type\":\"WebSite\",\"@id\":\"https:\/\/assn-nyon.ch\/#website\",\"url\":\"https:\/\/assn-nyon.ch\/\",\"name\":\"ASSN - NYON\",\"description\":\"Un nouveau site pour les soci\u00e9t\u00e9s sportives\",\"publisher\":{\"@id\":\"https:\/\/assn-nyon.ch\/#organization\"},\"potentialAction\":[{\"@type\":\"SearchAction\",\"target\":{\"@type\":\"EntryPoint\",\"urlTemplate\":\"https:\/\/assn-nyon.ch\/?s={search_term_string}\"},\"query-input\":{\"@type\":\"PropertyValueSpecification\",\"valueRequired\":true,\"valueName\":\"search_term_string\"}}],\"inLanguage\":\"fr-FR\"},{\"@type\":\"Organization\",\"@id\":\"https:\/\/assn-nyon.ch\/#organization\",\"name\":\"ASSN - NYON\",\"url\":\"https:\/\/assn-nyon.ch\/\",\"logo\":{\"@type\":\"ImageObject\",\"inLanguage\":\"fr-FR\",\"@id\":\"https:\/\/assn-nyon.ch\/#\/schema\/logo\/image\/\",\"url\":\"https:\/\/assn-nyon.ch\/wp-content\/uploads\/21-logo-ASSN-10-cm-avec-filet-T-noir-1.png\",\"contentUrl\":\"https:\/\/assn-nyon.ch\/wp-content\/uploads\/21-logo-ASSN-10-cm-avec-filet-T-noir-1.png\",\"width\":283,\"height\":89,\"caption\":\"ASSN - NYON\"},\"image\":{\"@id\":\"https:\/\/assn-nyon.ch\/#\/schema\/logo\/image\/\"}}]}<\/script>\n<!-- \/ Yoast SEO plugin. -->","yoast_head_json":{"title":"Club Gym A\u00een\u00e9 - ASSN - NYON","robots":{"index":"index","follow":"follow","max-snippet":"max-snippet:-1","max-image-preview":"max-image-preview:large","max-video-preview":"max-video-preview:-1"},"canonical":"https:\/\/assn-nyon.ch\/?page_id=3630","og_locale":"fr_FR","og_type":"article","og_title":"Club Gym A\u00een\u00e9 - ASSN - NYON","og_description":"Gym A\u00een\u00e9s Nyon Le groupe de Gym A\u00een\u00e9s Nyon propose des cours de gymnastique douce qui permettent aux s\u00e9niors de garder la forme et rester en bonne sant\u00e9. Des exercices pour am\u00e9liorer l'\u00e9quilibre, la coordination, la force et la mobilit\u00e9 des articulations visent \u00e0 pr\u00e9server la qualit\u00e9 de vie. L'activit\u00e9 physique pratiqu\u00e9e en groupe est [&hellip;]","og_url":"https:\/\/assn-nyon.ch\/?page_id=3630","og_site_name":"ASSN - NYON","article_modified_time":"2022-05-17T13:53:27+00:00","twitter_card":"summary_large_image","twitter_misc":{"Dur\u00e9e de lecture estim\u00e9e":"3 minutes"},"schema":{"@context":"https:\/\/schema.org","@graph":[{"@type":"WebPage","@id":"https:\/\/assn-nyon.ch\/?page_id=3630","url":"https:\/\/assn-nyon.ch\/?page_id=3630","name":"Club Gym A\u00een\u00e9 - ASSN - NYON","isPartOf":{"@id":"https:\/\/assn-nyon.ch\/#website"},"datePublished":"2021-12-16T15:59:35+00:00","dateModified":"2022-05-17T13:53:27+00:00","breadcrumb":{"@id":"https:\/\/assn-nyon.ch\/?page_id=3630#breadcrumb"},"inLanguage":"fr-FR","potentialAction":[{"@type":"ReadAction","target":["https:\/\/assn-nyon.ch\/?page_id=3630"]}]},{"@type":"BreadcrumbList","@id":"https:\/\/assn-nyon.ch\/?page_id=3630#breadcrumb","itemListElement":[{"@type":"ListItem","position":1,"name":"Accueil","item":"https:\/\/assn-nyon.ch\/"},{"@type":"ListItem","position":2,"name":"Club Gym A\u00een\u00e9"}]},{"@type":"WebSite","@id":"https:\/\/assn-nyon.ch\/#website","url":"https:\/\/assn-nyon.ch\/","name":"ASSN - NYON","description":"Un nouveau site pour les soci\u00e9t\u00e9s sportives","publisher":{"@id":"https:\/\/assn-nyon.ch\/#organization"},"potentialAction":[{"@type":"SearchAction","target":{"@type":"EntryPoint","urlTemplate":"https:\/\/assn-nyon.ch\/?s={search_term_string}"},"query-input":{"@type":"PropertyValueSpecification","valueRequired":true,"valueName":"search_term_string"}}],"inLanguage":"fr-FR"},{"@type":"Organization","@id":"https:\/\/assn-nyon.ch\/#organization","name":"ASSN - NYON","url":"https:\/\/assn-nyon.ch\/","logo":{"@type":"ImageObject","inLanguage":"fr-FR","@id":"https:\/\/assn-nyon.ch\/#\/schema\/logo\/image\/","url":"https:\/\/assn-nyon.ch\/wp-content\/uploads\/21-logo-ASSN-10-cm-avec-filet-T-noir-1.png","contentUrl":"https:\/\/assn-nyon.ch\/wp-content\/uploads\/21-logo-ASSN-10-cm-avec-filet-T-noir-1.png","width":283,"height":89,"caption":"ASSN - NYON"},"image":{"@id":"https:\/\/assn-nyon.ch\/#\/schema\/logo\/image\/"}}]}},"_links":{"self":[{"href":"https:\/\/assn-nyon.ch\/index.php?rest_route=\/wp\/v2\/pages\/3630","targetHints":{"allow":["GET"]}}],"collection":[{"href":"https:\/\/assn-nyon.ch\/index.php?rest_route=\/wp\/v2\/pages"}],"about":[{"href":"https:\/\/assn-nyon.ch\/index.php?rest_route=\/wp\/v2\/types\/page"}],"author":[{"embeddable":true,"href":"https:\/\/assn-nyon.ch\/index.php?rest_route=\/wp\/v2\/users\/3"}],"replies":[{"embeddable":true,"href":"https:\/\/assn-nyon.ch\/index.php?rest_route=%2Fwp%2Fv2%2Fcomments&post=3630"}],"version-history":[{"count":5,"href":"https:\/\/assn-nyon.ch\/index.php?rest_route=\/wp\/v2\/pages\/3630\/revisions"}],"predecessor-version":[{"id":4354,"href":"https:\/\/assn-nyon.ch\/index.php?rest_route=\/wp\/v2\/pages\/3630\/revisions\/4354"}],"wp:attachment":[{"href":"https:\/\/assn-nyon.ch\/index.php?rest_route=%2Fwp%2Fv2%2Fmedia&parent=3630"}],"curies":[{"name":"wp","href":"https:\/\/api.w.org\/{rel}","templated":true}]}}