{"id":3482,"date":"2021-11-12T13:02:43","date_gmt":"2021-11-12T12:02:43","guid":{"rendered":"http:\/\/assn-nyon.ch\/?page_id=3482"},"modified":"2021-11-17T12:59:10","modified_gmt":"2021-11-17T11:59:10","slug":"club-aines-sport-v2","status":"publish","type":"page","link":"https:\/\/assn-nyon.ch\/?page_id=3482","title":{"rendered":"Club A\u00een\u00e9s + sport v2"},"content":{"rendered":"<p>[et_pb_section fb_built=\u00a0\u00bb1&Prime; _builder_version=\u00a0\u00bb4.11.3&Prime; _module_preset=\u00a0\u00bbdefault\u00a0\u00bb background_image=\u00a0\u00bbhttp:\/\/assn-nyon.ch\/wp-content\/uploads\/Aines-opt.jpg\u00a0\u00bb parallax=\u00a0\u00bbon\u00a0\u00bb parallax_method=\u00a0\u00bboff\u00a0\u00bb custom_margin=\u00a0\u00bb0px||||false|false\u00a0\u00bb background_last_edited=\u00a0\u00bbon|phone\u00a0\u00bb background_image_tablet=\u00a0\u00bbhttp:\/\/assn-nyon.ch\/wp-content\/uploads\/Twirling-vert.jpg\u00a0\u00bb background_enable_image_tablet=\u00a0\u00bbon\u00a0\u00bb background_enable_image_phone=\u00a0\u00bboff\u00a0\u00bb parallax_tablet=\u00a0\u00bbon\u00a0\u00bb parallax_phone=\u00a0\u00bbon\u00a0\u00bb parallax_method_tablet=\u00a0\u00bboff\u00a0\u00bb global_colors_info=\u00a0\u00bb{}\u00a0\u00bb][et_pb_row column_structure=\u00a0\u00bb1_4,3_4&Prime; _builder_version=\u00a0\u00bb4.11.3&Prime; _module_preset=\u00a0\u00bbdefault\u00a0\u00bb transform_scale_tablet=\u00a0\u00bb\u00a0\u00bb transform_scale_phone=\u00a0\u00bb120%|120%\u00a0\u00bb transform_scale_last_edited=\u00a0\u00bbon|phone\u00a0\u00bb transform_translate=\u00a0\u00bb31px|-31px\u00a0\u00bb transform_translate_tablet=\u00a0\u00bb\u00a0\u00bb transform_translate_phone=\u00a0\u00bb3px|-27px\u00a0\u00bb transform_translate_last_edited=\u00a0\u00bbon|phone\u00a0\u00bb transform_rotate_tablet=\u00a0\u00bb\u00a0\u00bb transform_rotate_phone=\u00a0\u00bb\u00a0\u00bb transform_rotate_last_edited=\u00a0\u00bbon|phone\u00a0\u00bb transform_skew_tablet=\u00a0\u00bb\u00a0\u00bb transform_skew_phone=\u00a0\u00bb\u00a0\u00bb transform_skew_last_edited=\u00a0\u00bbon|phone\u00a0\u00bb transform_origin_tablet=\u00a0\u00bb\u00a0\u00bb transform_origin_phone=\u00a0\u00bb\u00a0\u00bb transform_origin_last_edited=\u00a0\u00bbon|phone\u00a0\u00bb transform_styles_last_edited=\u00a0\u00bbon|phone\u00a0\u00bb custom_margin=\u00a0\u00bb-60px||||false|false\u00a0\u00bb custom_margin_tablet=\u00a0\u00bb200px||||false|false\u00a0\u00bb custom_margin_phone=\u00a0\u00bb60px||||false|false\u00a0\u00bb custom_margin_last_edited=\u00a0\u00bbon|tablet\u00a0\u00bb transform_styles_tablet=\u00a0\u00bb\u00a0\u00bb transform_styles_phone=\u00a0\u00bb\u00a0\u00bb global_colors_info=\u00a0\u00bb{}\u00a0\u00bb][et_pb_column type=\u00a0\u00bb1_4&Prime; _builder_version=\u00a0\u00bb4.9.10&Prime; _module_preset=\u00a0\u00bbdefault\u00a0\u00bb global_colors_info=\u00a0\u00bb{}\u00a0\u00bb][et_pb_image title_text=\u00a0\u00bbAin\u00e9s-vert-opt\u00a0\u00bb src_tablet=\u00a0\u00bb\u00a0\u00bb src_phone=\u00a0\u00bbhttp:\/\/assn-nyon.ch\/wp-content\/uploads\/Aines-vert-opt.jpg\u00a0\u00bb src_last_edited=\u00a0\u00bbon|phone\u00a0\u00bb _builder_version=\u00a0\u00bb4.11.3&Prime; _module_preset=\u00a0\u00bbdefault\u00a0\u00bb transform_scale=\u00a0\u00bb110%|110%\u00a0\u00bb custom_margin_tablet=\u00a0\u00bb\u00a0\u00bb custom_margin_phone=\u00a0\u00bb40px||||false|false\u00a0\u00bb custom_margin_last_edited=\u00a0\u00bbon|phone\u00a0\u00bb global_colors_info=\u00a0\u00bb{}\u00a0\u00bb][\/et_pb_image][\/et_pb_column][et_pb_column type=\u00a0\u00bb3_4&Prime; _builder_version=\u00a0\u00bb4.9.10&Prime; _module_preset=\u00a0\u00bbdefault\u00a0\u00bb global_colors_info=\u00a0\u00bb{}\u00a0\u00bb][et_pb_image src=\u00a0\u00bbhttp:\/\/assn-nyon.ch\/wp-content\/uploads\/Logo-Aines-opt.jpg\u00a0\u00bb title_text=\u00a0\u00bbLogo-Ain\u00e9s-opt\u00a0\u00bb url_new_window=\u00a0\u00bbon\u00a0\u00bb align=\u00a0\u00bbcenter\u00a0\u00bb _builder_version=\u00a0\u00bb4.11.3&Prime; _module_preset=\u00a0\u00bbdefault\u00a0\u00bb transform_scale=\u00a0\u00bb90%|90%\u00a0\u00bb custom_margin=\u00a0\u00bb60px||||false|false\u00a0\u00bb custom_margin_tablet=\u00a0\u00bb100px||||false|false\u00a0\u00bb custom_margin_phone=\u00a0\u00bb0px||||false|false\u00a0\u00bb custom_margin_last_edited=\u00a0\u00bbon|phone\u00a0\u00bb hover_enabled=\u00a0\u00bb0&Prime; global_colors_info=\u00a0\u00bb{}\u00a0\u00bb sticky_enabled=\u00a0\u00bb0&Prime;][\/et_pb_image][et_pb_text content_tablet=\u00a0\u00bb\u00a0\u00bb content_phone=\u00a0\u00bb<\/p>\n<h4>Le groupe A\u00een\u00e9s + Sport fond\u00e9 en 1983, devenu association en 2012 est bas\u00e9 \u00e0 Nyon.<\/h4>\n<h4>Nous proposons des activit\u00e9s en plein air encadr\u00e9es par des moniteurs, aux personnes \u00e0 partir de 60 ans.<\/h4>\n<h4>Un programme de vingt quatre randonn\u00e9es r\u00e9parties entre avril et juin et septembre \u00e0 novembre, vous permettent de d\u00e9couvrir de nouveau horizon en Romandie et en France voisine.<\/h4>\n<h4>L&rsquo;hiver c&rsquo;est en raquettes et \u00e0 ski de fond que nous profitons des magnifiques paysages du jura.<\/h4>\n<h4>Une semaine de marche en suisse ou \u00e0 l&rsquo;\u00e9tranger fait \u00e9galement partie de notre offre.<\/h4>\n<h4>Si vous aimer la nature, venez nous rejoindre pour partager de bons moments dans la convivialit\u00e9.<\/h4>\n<\/p>\n<h4><span><\/span><strong>Date de cr\u00e9ation<\/strong> : 1983<\/h4>\n<h4><strong>Pr\u00e9sidence<\/strong> : Laurence Rochat<\/h4>\n<h4><strong>T\u00e9l\u00e9phone<\/strong> : 022 361 03 36<\/h4>\n<h4>079 465 95 13<\/h4>\n<h4><span style=%22color: #646464; font-family: ABeeZee;%22><span><\/span><\/span><span style=%22color: #0000ff;%22><\/span><a href=%22http:\/\/www.patinoire.ch%22><strong>email<\/strong> : <span style=%22color: #0000ff; font-family: ABeeZee;%22><\/span><\/a><a href=%22mailto:carole.hertig@sevenassociation.ch%22 data-et-target-link=%22_blank%22 rel=%22noopener%22 style=%22color: #0000ff;%22>laurochat@netplus.ch<\/a><\/h4>\n<p>\u00a0\u00bb content_last_edited=\u00a0\u00bbon|phone\u00a0\u00bb _builder_version=\u00a0\u00bb4.11.3&Prime; _module_preset=\u00a0\u00bbdefault\u00a0\u00bb header_4_line_height=\u00a0\u00bb1.3em\u00a0\u00bb custom_margin=\u00a0\u00bb50px||||false|false\u00a0\u00bb custom_margin_tablet=\u00a0\u00bb\u00a0\u00bb custom_margin_phone=\u00a0\u00bb0px|22px|||false|false\u00a0\u00bb custom_margin_last_edited=\u00a0\u00bbon|phone\u00a0\u00bb global_colors_info=\u00a0\u00bb{}\u00a0\u00bb]<\/p>\n<h4>Le groupe A\u00een\u00e9s + Sport fond\u00e9 en 1983, devenu association en 2012 est bas\u00e9 \u00e0 Nyon.<\/h4>\n<h4>Nous proposons des activit\u00e9s en plein air encadr\u00e9es par des moniteurs, aux personnes \u00e0 partir de 60 ans.<\/h4>\n<h4>Un programme de vingt quatre randonn\u00e9es r\u00e9parties entre avril et juin et septembre \u00e0 novembre, vous permettent de d\u00e9couvrir de nouveau horizon en Romandie et en France voisine.<\/h4>\n<h4>L&rsquo;hiver c&rsquo;est en raquettes et \u00e0 ski de fond que nous profitons des magnifiques paysages du jura.<\/h4>\n<h4>Une semaine de marche en suisse ou \u00e0 l&rsquo;\u00e9tranger fait \u00e9galement partie de notre offre.<\/h4>\n<h4>Si vous aimer la nature, venez nous rejoindre pour partager de bons moments dans la convivialit\u00e9.<\/h4>\n<p>&nbsp;<\/p>\n<h4><span><\/span><strong>Date de cr\u00e9ation<\/strong> : 1983<\/h4>\n<h4><strong>Pr\u00e9sidence<\/strong> : Laurence Rochat<\/h4>\n<h4><strong>T\u00e9l\u00e9phone<\/strong> : 022 361 03 36 | 079 465 95 13<\/h4>\n<h4><span style=\"color: #646464; font-family: ABeeZee;\"><span><\/span><\/span><span style=\"color: #0000ff;\"><\/span><a href=\"http:\/\/www.patinoire.ch\"><strong>email<\/strong> : <span style=\"color: #0000ff; font-family: ABeeZee;\"><\/span><\/a><a href=\"mailto:carole.hertig@sevenassociation.ch\" target=\"_blank\" rel=\"noopener\" style=\"color: #0000ff;\">laurochat@netplus.ch<\/a><span style=\"color: #646464; font-family: ABeeZee;\"><span><\/span><\/span><\/h4>\n<p>[\/et_pb_text][\/et_pb_column][\/et_pb_row][et_pb_row _builder_version=\u00a0\u00bb4.9.10&Prime; _module_preset=\u00a0\u00bbdefault\u00a0\u00bb global_colors_info=\u00a0\u00bb{}\u00a0\u00bb][et_pb_column type=\u00a0\u00bb4_4&Prime; _builder_version=\u00a0\u00bb4.9.10&Prime; _module_preset=\u00a0\u00bbdefault\u00a0\u00bb global_colors_info=\u00a0\u00bb{}\u00a0\u00bb][et_pb_text _builder_version=\u00a0\u00bb4.9.10&Prime; _module_preset=\u00a0\u00bbdefault\u00a0\u00bb global_colors_info=\u00a0\u00bb{}\u00a0\u00bb]<\/p>\n<p>&nbsp;<\/p>\n<p>&nbsp;<\/p>\n<p>&nbsp;<\/p>\n<p>&nbsp;<\/p>\n<p>[\/et_pb_text][\/et_pb_column][\/et_pb_row][\/et_pb_section]<\/p>\n","protected":false},"excerpt":{"rendered":"<p>Le groupe A\u00een\u00e9s + Sport fond\u00e9 en 1983, devenu association en 2012 est bas\u00e9 \u00e0 Nyon. Nous proposons des activit\u00e9s en plein air encadr\u00e9es par des moniteurs, aux personnes \u00e0 partir de 60 ans. Un programme de vingt quatre randonn\u00e9es r\u00e9parties entre avril et juin et septembre \u00e0 novembre, vous permettent de d\u00e9couvrir de nouveau [&hellip;]<\/p>\n","protected":false},"author":3,"featured_media":0,"parent":0,"menu_order":0,"comment_status":"closed","ping_status":"closed","template":"","meta":{"_et_pb_use_builder":"on","_et_pb_old_content":"","_et_gb_content_width":"","footnotes":""},"class_list":["post-3482","page","type-page","status-publish","hentry"],"yoast_head":"<!-- This site is optimized with the Yoast SEO plugin v27.3 - https:\/\/yoast.com\/product\/yoast-seo-wordpress\/ -->\n<title>Club A\u00een\u00e9s + sport v2 - ASSN - NYON<\/title>\n<meta name=\"robots\" content=\"index, follow, max-snippet:-1, max-image-preview:large, max-video-preview:-1\" \/>\n<link rel=\"canonical\" href=\"https:\/\/assn-nyon.ch\/?page_id=3482\" \/>\n<meta property=\"og:locale\" content=\"fr_FR\" \/>\n<meta property=\"og:type\" content=\"article\" \/>\n<meta property=\"og:title\" content=\"Club A\u00een\u00e9s + sport v2 - ASSN - NYON\" \/>\n<meta property=\"og:description\" content=\"Le groupe A\u00een\u00e9s + Sport fond\u00e9 en 1983, devenu association en 2012 est bas\u00e9 \u00e0 Nyon. Nous proposons des activit\u00e9s en plein air encadr\u00e9es par des moniteurs, aux personnes \u00e0 partir de 60 ans. Un programme de vingt quatre randonn\u00e9es r\u00e9parties entre avril et juin et septembre \u00e0 novembre, vous permettent de d\u00e9couvrir de nouveau [&hellip;]\" \/>\n<meta property=\"og:url\" content=\"https:\/\/assn-nyon.ch\/?page_id=3482\" \/>\n<meta property=\"og:site_name\" content=\"ASSN - NYON\" \/>\n<meta property=\"article:modified_time\" content=\"2021-11-17T11:59:10+00:00\" \/>\n<meta name=\"twitter:card\" content=\"summary_large_image\" \/>\n<meta name=\"twitter:label1\" content=\"Dur\u00e9e de lecture estim\u00e9e\" \/>\n\t<meta name=\"twitter:data1\" content=\"3 minutes\" \/>\n<script type=\"application\/ld+json\" class=\"yoast-schema-graph\">{\"@context\":\"https:\\\/\\\/schema.org\",\"@graph\":[{\"@type\":\"WebPage\",\"@id\":\"https:\\\/\\\/assn-nyon.ch\\\/?page_id=3482\",\"url\":\"https:\\\/\\\/assn-nyon.ch\\\/?page_id=3482\",\"name\":\"Club A\u00een\u00e9s + sport v2 - ASSN - NYON\",\"isPartOf\":{\"@id\":\"https:\\\/\\\/assn-nyon.ch\\\/#website\"},\"datePublished\":\"2021-11-12T12:02:43+00:00\",\"dateModified\":\"2021-11-17T11:59:10+00:00\",\"breadcrumb\":{\"@id\":\"https:\\\/\\\/assn-nyon.ch\\\/?page_id=3482#breadcrumb\"},\"inLanguage\":\"fr-FR\",\"potentialAction\":[{\"@type\":\"ReadAction\",\"target\":[\"https:\\\/\\\/assn-nyon.ch\\\/?page_id=3482\"]}]},{\"@type\":\"BreadcrumbList\",\"@id\":\"https:\\\/\\\/assn-nyon.ch\\\/?page_id=3482#breadcrumb\",\"itemListElement\":[{\"@type\":\"ListItem\",\"position\":1,\"name\":\"Accueil\",\"item\":\"https:\\\/\\\/assn-nyon.ch\\\/\"},{\"@type\":\"ListItem\",\"position\":2,\"name\":\"Club A\u00een\u00e9s + sport v2\"}]},{\"@type\":\"WebSite\",\"@id\":\"https:\\\/\\\/assn-nyon.ch\\\/#website\",\"url\":\"https:\\\/\\\/assn-nyon.ch\\\/\",\"name\":\"ASSN - NYON\",\"description\":\"Un nouveau site pour les soci\u00e9t\u00e9s sportives\",\"publisher\":{\"@id\":\"https:\\\/\\\/assn-nyon.ch\\\/#organization\"},\"potentialAction\":[{\"@type\":\"SearchAction\",\"target\":{\"@type\":\"EntryPoint\",\"urlTemplate\":\"https:\\\/\\\/assn-nyon.ch\\\/?s={search_term_string}\"},\"query-input\":{\"@type\":\"PropertyValueSpecification\",\"valueRequired\":true,\"valueName\":\"search_term_string\"}}],\"inLanguage\":\"fr-FR\"},{\"@type\":\"Organization\",\"@id\":\"https:\\\/\\\/assn-nyon.ch\\\/#organization\",\"name\":\"ASSN - NYON\",\"url\":\"https:\\\/\\\/assn-nyon.ch\\\/\",\"logo\":{\"@type\":\"ImageObject\",\"inLanguage\":\"fr-FR\",\"@id\":\"https:\\\/\\\/assn-nyon.ch\\\/#\\\/schema\\\/logo\\\/image\\\/\",\"url\":\"https:\\\/\\\/assn-nyon.ch\\\/wp-content\\\/uploads\\\/21-logo-ASSN-10-cm-avec-filet-T-noir-1.png\",\"contentUrl\":\"https:\\\/\\\/assn-nyon.ch\\\/wp-content\\\/uploads\\\/21-logo-ASSN-10-cm-avec-filet-T-noir-1.png\",\"width\":283,\"height\":89,\"caption\":\"ASSN - NYON\"},\"image\":{\"@id\":\"https:\\\/\\\/assn-nyon.ch\\\/#\\\/schema\\\/logo\\\/image\\\/\"}}]}<\/script>\n<!-- \/ Yoast SEO plugin. -->","yoast_head_json":{"title":"Club A\u00een\u00e9s + sport v2 - ASSN - NYON","robots":{"index":"index","follow":"follow","max-snippet":"max-snippet:-1","max-image-preview":"max-image-preview:large","max-video-preview":"max-video-preview:-1"},"canonical":"https:\/\/assn-nyon.ch\/?page_id=3482","og_locale":"fr_FR","og_type":"article","og_title":"Club A\u00een\u00e9s + sport v2 - ASSN - NYON","og_description":"Le groupe A\u00een\u00e9s + Sport fond\u00e9 en 1983, devenu association en 2012 est bas\u00e9 \u00e0 Nyon. Nous proposons des activit\u00e9s en plein air encadr\u00e9es par des moniteurs, aux personnes \u00e0 partir de 60 ans. Un programme de vingt quatre randonn\u00e9es r\u00e9parties entre avril et juin et septembre \u00e0 novembre, vous permettent de d\u00e9couvrir de nouveau [&hellip;]","og_url":"https:\/\/assn-nyon.ch\/?page_id=3482","og_site_name":"ASSN - NYON","article_modified_time":"2021-11-17T11:59:10+00:00","twitter_card":"summary_large_image","twitter_misc":{"Dur\u00e9e de lecture estim\u00e9e":"3 minutes"},"schema":{"@context":"https:\/\/schema.org","@graph":[{"@type":"WebPage","@id":"https:\/\/assn-nyon.ch\/?page_id=3482","url":"https:\/\/assn-nyon.ch\/?page_id=3482","name":"Club A\u00een\u00e9s + sport v2 - ASSN - NYON","isPartOf":{"@id":"https:\/\/assn-nyon.ch\/#website"},"datePublished":"2021-11-12T12:02:43+00:00","dateModified":"2021-11-17T11:59:10+00:00","breadcrumb":{"@id":"https:\/\/assn-nyon.ch\/?page_id=3482#breadcrumb"},"inLanguage":"fr-FR","potentialAction":[{"@type":"ReadAction","target":["https:\/\/assn-nyon.ch\/?page_id=3482"]}]},{"@type":"BreadcrumbList","@id":"https:\/\/assn-nyon.ch\/?page_id=3482#breadcrumb","itemListElement":[{"@type":"ListItem","position":1,"name":"Accueil","item":"https:\/\/assn-nyon.ch\/"},{"@type":"ListItem","position":2,"name":"Club A\u00een\u00e9s + sport v2"}]},{"@type":"WebSite","@id":"https:\/\/assn-nyon.ch\/#website","url":"https:\/\/assn-nyon.ch\/","name":"ASSN - NYON","description":"Un nouveau site pour les soci\u00e9t\u00e9s sportives","publisher":{"@id":"https:\/\/assn-nyon.ch\/#organization"},"potentialAction":[{"@type":"SearchAction","target":{"@type":"EntryPoint","urlTemplate":"https:\/\/assn-nyon.ch\/?s={search_term_string}"},"query-input":{"@type":"PropertyValueSpecification","valueRequired":true,"valueName":"search_term_string"}}],"inLanguage":"fr-FR"},{"@type":"Organization","@id":"https:\/\/assn-nyon.ch\/#organization","name":"ASSN - NYON","url":"https:\/\/assn-nyon.ch\/","logo":{"@type":"ImageObject","inLanguage":"fr-FR","@id":"https:\/\/assn-nyon.ch\/#\/schema\/logo\/image\/","url":"https:\/\/assn-nyon.ch\/wp-content\/uploads\/21-logo-ASSN-10-cm-avec-filet-T-noir-1.png","contentUrl":"https:\/\/assn-nyon.ch\/wp-content\/uploads\/21-logo-ASSN-10-cm-avec-filet-T-noir-1.png","width":283,"height":89,"caption":"ASSN - NYON"},"image":{"@id":"https:\/\/assn-nyon.ch\/#\/schema\/logo\/image\/"}}]}},"_links":{"self":[{"href":"https:\/\/assn-nyon.ch\/index.php?rest_route=\/wp\/v2\/pages\/3482","targetHints":{"allow":["GET"]}}],"collection":[{"href":"https:\/\/assn-nyon.ch\/index.php?rest_route=\/wp\/v2\/pages"}],"about":[{"href":"https:\/\/assn-nyon.ch\/index.php?rest_route=\/wp\/v2\/types\/page"}],"author":[{"embeddable":true,"href":"https:\/\/assn-nyon.ch\/index.php?rest_route=\/wp\/v2\/users\/3"}],"replies":[{"embeddable":true,"href":"https:\/\/assn-nyon.ch\/index.php?rest_route=%2Fwp%2Fv2%2Fcomments&post=3482"}],"version-history":[{"count":4,"href":"https:\/\/assn-nyon.ch\/index.php?rest_route=\/wp\/v2\/pages\/3482\/revisions"}],"predecessor-version":[{"id":3553,"href":"https:\/\/assn-nyon.ch\/index.php?rest_route=\/wp\/v2\/pages\/3482\/revisions\/3553"}],"wp:attachment":[{"href":"https:\/\/assn-nyon.ch\/index.php?rest_route=%2Fwp%2Fv2%2Fmedia&parent=3482"}],"curies":[{"name":"wp","href":"https:\/\/api.w.org\/{rel}","templated":true}]}}