{"id":343,"date":"2017-01-28T07:49:00","date_gmt":"2017-01-28T06:49:00","guid":{"rendered":"http:\/\/assn-nyon.ch\/?page_id=343"},"modified":"2025-05-19T16:51:15","modified_gmt":"2025-05-19T14:51:15","slug":"judo-club-nyon","status":"publish","type":"page","link":"https:\/\/assn-nyon.ch\/?page_id=343","title":{"rendered":"Judo Club Nyon"},"content":{"rendered":"<p>[et_pb_section fb_built=\u00a0\u00bb1&Prime; admin_label=\u00a0\u00bbsection\u00a0\u00bb _builder_version=\u00a0\u00bb4.16&Prime; global_colors_info=\u00a0\u00bb{}\u00a0\u00bb][et_pb_row admin_label=\u00a0\u00bbrow\u00a0\u00bb _builder_version=\u00a0\u00bb4.16&Prime; background_size=\u00a0\u00bbinitial\u00a0\u00bb background_position=\u00a0\u00bbtop_left\u00a0\u00bb background_repeat=\u00a0\u00bbrepeat\u00a0\u00bb global_colors_info=\u00a0\u00bb{}\u00a0\u00bb][et_pb_column type=\u00a0\u00bb4_4&Prime; _builder_version=\u00a0\u00bb4.16&Prime; custom_padding=\u00a0\u00bb|||\u00a0\u00bb global_colors_info=\u00a0\u00bb{}\u00a0\u00bb custom_padding__hover=\u00a0\u00bb|||\u00a0\u00bb][et_pb_text admin_label=\u00a0\u00bbText\u00a0\u00bb _builder_version=\u00a0\u00bb4.27.4&Prime; background_size=\u00a0\u00bbinitial\u00a0\u00bb background_position=\u00a0\u00bbtop_left\u00a0\u00bb background_repeat=\u00a0\u00bbrepeat\u00a0\u00bb hover_enabled=\u00a0\u00bb0&Prime; global_colors_info=\u00a0\u00bb{}\u00a0\u00bb sticky_enabled=\u00a0\u00bb0&Prime;]<\/p>\n<table cellspacing=\"4\" cellpadding=\"10\">\n<tbody>\n<tr>\n<td align=\"LEFT\" valign=\"CENTER\" bgcolor=\"#a0c6f2\" width=\"400\">T\u00e9l.:<br \/>Fax:<br \/><a href=\"http:\/\/www.judo-club-nyon.ch\">www.judo-club-nyon.ch<\/a><br \/>Pr\u00e9sident : Arnaud Carrard<br \/>T\u00e9l.: 077 424 74 44<br \/><a href=\"mailto:info@judo-club-nyon.ch\">info@judo-club-nyon.ch<\/a><\/td>\n<td align=\"CENTER\" valign=\"CENTER\" bgcolor=\"#ffffcc\"><b><br \/><span style=\"color: #ffff99;\"><span style=\"font-size: xx-small;\"><img loading=\"lazy\" decoding=\"async\" class=\"wp-image-328 size-full aligncenter\" src=\"http:\/\/assn-nyon.ch\/wp-content\/uploads\/sport_judo_club.gif\" width=\"120\" height=\"120\" \/><\/span><\/span><\/b><\/td>\n<\/tr>\n<tr>\n<td colspan=\"2\" align=\"CENTER\" valign=\"CENTER\" bgcolor=\"#c71414\" width=\"800\">\n<p style=\"text-align: center;\"><span style=\"color: #ffcc99;\">\u00a0Vid\u00e9os \u00e9missions NRTV<\/span><\/p>\n<p style=\"text-align: center;\"><span style=\"color: #ffcc99;\"><a style=\"color: #ffcc99;\" href=\"https:\/\/www.youtube.com\/watch?v=1nKUzjFxaro\" target=\"_blank\" rel=\"noopener noreferrer\">24.05.2017 &#8211; vincent Genito, laur\u00e9at des m\u00e9rites sportifs nyonnais<\/a><\/span><br \/><span style=\"color: #ffcc99;\"><a style=\"color: #ffcc99;\" href=\"https:\/\/www.youtube.com\/watch?v=y0GSykACv_U\" target=\"_blank\" rel=\"noopener noreferrer\">02.03.2017 &#8211; la rencontre en images avec le judoka nyonnais Vincent Genito<\/a><\/span><\/p>\n<\/td>\n<\/tr>\n<\/tbody>\n<\/table>\n<p>&nbsp;<\/p>\n<p>[\/et_pb_text][\/et_pb_column][\/et_pb_row][\/et_pb_section]<\/p>\n","protected":false},"excerpt":{"rendered":"<p>T\u00e9l.:Fax:www.judo-club-nyon.chPr\u00e9sident : Arnaud CarrardT\u00e9l.: 077 424 74 44info@judo-club-nyon.ch \u00a0Vid\u00e9os \u00e9missions NRTV 24.05.2017 &#8211; vincent Genito, laur\u00e9at des m\u00e9rites sportifs nyonnais02.03.2017 &#8211; la rencontre en images avec le judoka nyonnais Vincent Genito &nbsp;<\/p>\n","protected":false},"author":4,"featured_media":0,"parent":27,"menu_order":0,"comment_status":"closed","ping_status":"closed","template":"","meta":{"_et_pb_use_builder":"on","_et_pb_old_content":"<table cellspacing=\"4\" cellpadding=\"10\">\r\n<tbody>\r\n<tr>\r\n<td align=\"LEFT\" valign=\"CENTER\" bgcolor=\"#a0c6f2\" width=\"400\">T\u00e9l.:\r\nFax:\r\n<a href=\"http:\/\/www.judo-club-nyon.ch\">www.judo-club-nyon.ch<\/a>\r\nPr\u00e9sident : Ren\u00e9 Kuenzler\r\nT\u00e9l.:\r\n<a href=\"mailto:info@judo-club-nyon.ch\">info@judo-club-nyon.ch<\/a><\/td>\r\n<td align=\"CENTER\" valign=\"CENTER\" bgcolor=\"#ffffcc\"><b>\r\n<span style=\"color: #ffff99;\"><span style=\"font-size: xx-small;\"><img class=\"wp-image-328 size-full aligncenter\" src=\"http:\/\/assn-nyon.ch\/wp-content\/uploads\/sport_judo_club.gif\" width=\"120\" height=\"120\" \/><\/span><\/span><\/b><\/td>\r\n<\/tr>\r\n<tr>\r\n<td colspan=\"2\" align=\"CENTER\" valign=\"CENTER\" bgcolor=\"#c71414\" width=\"800\">\r\n<p style=\"text-align: center;\"><span style=\"color: #ffcc99;\">\u00a0Vid\u00e9os \u00e9missions NRTV<\/span><\/p>\r\n<p style=\"text-align: center;\"><span style=\"color: #ffcc99;\"><a style=\"color: #ffcc99;\" href=\"https:\/\/www.youtube.com\/watch?v=1nKUzjFxaro\" target=\"_blank\" rel=\"noopener noreferrer\">24.05.2017 - vincent Genito, laur\u00e9at des m\u00e9rites sportifs nyonnais<\/a><\/span>\r\n<span style=\"color: #ffcc99;\"><a style=\"color: #ffcc99;\" href=\"https:\/\/www.youtube.com\/watch?v=y0GSykACv_U\" target=\"_blank\" rel=\"noopener noreferrer\">02.03.2017 - la rencontre en images avec le judoka nyonnais Vincent Genito<\/a><\/span><\/p>\r\n<\/td>\r\n<\/tr>\r\n<\/tbody>\r\n<\/table>\r\n&nbsp;","_et_gb_content_width":"","footnotes":""},"class_list":["post-343","page","type-page","status-publish","hentry"],"yoast_head":"<!-- This site is optimized with the Yoast SEO plugin v27.5 - https:\/\/yoast.com\/product\/yoast-seo-wordpress\/ -->\n<title>Judo Club Nyon - ASSN - NYON<\/title>\n<meta name=\"robots\" content=\"index, follow, max-snippet:-1, max-image-preview:large, max-video-preview:-1\" \/>\n<link rel=\"canonical\" href=\"https:\/\/assn-nyon.ch\/?page_id=343\" \/>\n<meta property=\"og:locale\" content=\"fr_FR\" \/>\n<meta property=\"og:type\" content=\"article\" \/>\n<meta property=\"og:title\" content=\"Judo Club Nyon - ASSN - NYON\" \/>\n<meta property=\"og:description\" content=\"T\u00e9l.:Fax:www.judo-club-nyon.chPr\u00e9sident : Arnaud CarrardT\u00e9l.: 077 424 74 44info@judo-club-nyon.ch \u00a0Vid\u00e9os \u00e9missions NRTV 24.05.2017 - vincent Genito, laur\u00e9at des m\u00e9rites sportifs nyonnais02.03.2017 - la rencontre en images avec le judoka nyonnais Vincent Genito &nbsp;\" \/>\n<meta property=\"og:url\" content=\"https:\/\/assn-nyon.ch\/?page_id=343\" \/>\n<meta property=\"og:site_name\" content=\"ASSN - NYON\" \/>\n<meta property=\"article:modified_time\" content=\"2025-05-19T14:51:15+00:00\" \/>\n<meta property=\"og:image\" content=\"https:\/\/assn-nyon.ch\/wp-content\/uploads\/sport_judo_club.gif\" \/>\n\t<meta property=\"og:image:width\" content=\"120\" \/>\n\t<meta property=\"og:image:height\" content=\"120\" \/>\n\t<meta property=\"og:image:type\" content=\"image\/gif\" \/>\n<meta name=\"twitter:card\" content=\"summary_large_image\" \/>\n<meta name=\"twitter:label1\" content=\"Dur\u00e9e de lecture estim\u00e9e\" \/>\n\t<meta name=\"twitter:data1\" content=\"1 minute\" \/>\n<script type=\"application\/ld+json\" class=\"yoast-schema-graph\">{\"@context\":\"https:\\\/\\\/schema.org\",\"@graph\":[{\"@type\":\"WebPage\",\"@id\":\"https:\\\/\\\/assn-nyon.ch\\\/?page_id=343\",\"url\":\"https:\\\/\\\/assn-nyon.ch\\\/?page_id=343\",\"name\":\"Judo Club Nyon - ASSN - NYON\",\"isPartOf\":{\"@id\":\"https:\\\/\\\/assn-nyon.ch\\\/#website\"},\"primaryImageOfPage\":{\"@id\":\"https:\\\/\\\/assn-nyon.ch\\\/?page_id=343#primaryimage\"},\"image\":{\"@id\":\"https:\\\/\\\/assn-nyon.ch\\\/?page_id=343#primaryimage\"},\"thumbnailUrl\":\"http:\\\/\\\/assn-nyon.ch\\\/wp-content\\\/uploads\\\/sport_judo_club.gif\",\"datePublished\":\"2017-01-28T06:49:00+00:00\",\"dateModified\":\"2025-05-19T14:51:15+00:00\",\"breadcrumb\":{\"@id\":\"https:\\\/\\\/assn-nyon.ch\\\/?page_id=343#breadcrumb\"},\"inLanguage\":\"fr-FR\",\"potentialAction\":[{\"@type\":\"ReadAction\",\"target\":[\"https:\\\/\\\/assn-nyon.ch\\\/?page_id=343\"]}]},{\"@type\":\"ImageObject\",\"inLanguage\":\"fr-FR\",\"@id\":\"https:\\\/\\\/assn-nyon.ch\\\/?page_id=343#primaryimage\",\"url\":\"https:\\\/\\\/assn-nyon.ch\\\/wp-content\\\/uploads\\\/sport_judo_club.gif\",\"contentUrl\":\"https:\\\/\\\/assn-nyon.ch\\\/wp-content\\\/uploads\\\/sport_judo_club.gif\",\"width\":120,\"height\":120},{\"@type\":\"BreadcrumbList\",\"@id\":\"https:\\\/\\\/assn-nyon.ch\\\/?page_id=343#breadcrumb\",\"itemListElement\":[{\"@type\":\"ListItem\",\"position\":1,\"name\":\"Accueil\",\"item\":\"https:\\\/\\\/assn-nyon.ch\\\/\"},{\"@type\":\"ListItem\",\"position\":2,\"name\":\"Clubs membres\",\"item\":\"https:\\\/\\\/assn-nyon.ch\\\/?page_id=27\"},{\"@type\":\"ListItem\",\"position\":3,\"name\":\"Judo Club Nyon\"}]},{\"@type\":\"WebSite\",\"@id\":\"https:\\\/\\\/assn-nyon.ch\\\/#website\",\"url\":\"https:\\\/\\\/assn-nyon.ch\\\/\",\"name\":\"ASSN - NYON\",\"description\":\"Un nouveau site pour les soci\u00e9t\u00e9s sportives\",\"publisher\":{\"@id\":\"https:\\\/\\\/assn-nyon.ch\\\/#organization\"},\"potentialAction\":[{\"@type\":\"SearchAction\",\"target\":{\"@type\":\"EntryPoint\",\"urlTemplate\":\"https:\\\/\\\/assn-nyon.ch\\\/?s={search_term_string}\"},\"query-input\":{\"@type\":\"PropertyValueSpecification\",\"valueRequired\":true,\"valueName\":\"search_term_string\"}}],\"inLanguage\":\"fr-FR\"},{\"@type\":\"Organization\",\"@id\":\"https:\\\/\\\/assn-nyon.ch\\\/#organization\",\"name\":\"ASSN - NYON\",\"url\":\"https:\\\/\\\/assn-nyon.ch\\\/\",\"logo\":{\"@type\":\"ImageObject\",\"inLanguage\":\"fr-FR\",\"@id\":\"https:\\\/\\\/assn-nyon.ch\\\/#\\\/schema\\\/logo\\\/image\\\/\",\"url\":\"https:\\\/\\\/assn-nyon.ch\\\/wp-content\\\/uploads\\\/21-logo-ASSN-10-cm-avec-filet-T-noir-1.png\",\"contentUrl\":\"https:\\\/\\\/assn-nyon.ch\\\/wp-content\\\/uploads\\\/21-logo-ASSN-10-cm-avec-filet-T-noir-1.png\",\"width\":283,\"height\":89,\"caption\":\"ASSN - NYON\"},\"image\":{\"@id\":\"https:\\\/\\\/assn-nyon.ch\\\/#\\\/schema\\\/logo\\\/image\\\/\"}}]}<\/script>\n<!-- \/ Yoast SEO plugin. -->","yoast_head_json":{"title":"Judo Club Nyon - ASSN - NYON","robots":{"index":"index","follow":"follow","max-snippet":"max-snippet:-1","max-image-preview":"max-image-preview:large","max-video-preview":"max-video-preview:-1"},"canonical":"https:\/\/assn-nyon.ch\/?page_id=343","og_locale":"fr_FR","og_type":"article","og_title":"Judo Club Nyon - ASSN - NYON","og_description":"T\u00e9l.:Fax:www.judo-club-nyon.chPr\u00e9sident : Arnaud CarrardT\u00e9l.: 077 424 74 44info@judo-club-nyon.ch \u00a0Vid\u00e9os \u00e9missions NRTV 24.05.2017 - vincent Genito, laur\u00e9at des m\u00e9rites sportifs nyonnais02.03.2017 - la rencontre en images avec le judoka nyonnais Vincent Genito &nbsp;","og_url":"https:\/\/assn-nyon.ch\/?page_id=343","og_site_name":"ASSN - NYON","article_modified_time":"2025-05-19T14:51:15+00:00","og_image":[{"width":120,"height":120,"url":"https:\/\/assn-nyon.ch\/wp-content\/uploads\/sport_judo_club.gif","type":"image\/gif"}],"twitter_card":"summary_large_image","twitter_misc":{"Dur\u00e9e de lecture estim\u00e9e":"1 minute"},"schema":{"@context":"https:\/\/schema.org","@graph":[{"@type":"WebPage","@id":"https:\/\/assn-nyon.ch\/?page_id=343","url":"https:\/\/assn-nyon.ch\/?page_id=343","name":"Judo Club Nyon - ASSN - NYON","isPartOf":{"@id":"https:\/\/assn-nyon.ch\/#website"},"primaryImageOfPage":{"@id":"https:\/\/assn-nyon.ch\/?page_id=343#primaryimage"},"image":{"@id":"https:\/\/assn-nyon.ch\/?page_id=343#primaryimage"},"thumbnailUrl":"http:\/\/assn-nyon.ch\/wp-content\/uploads\/sport_judo_club.gif","datePublished":"2017-01-28T06:49:00+00:00","dateModified":"2025-05-19T14:51:15+00:00","breadcrumb":{"@id":"https:\/\/assn-nyon.ch\/?page_id=343#breadcrumb"},"inLanguage":"fr-FR","potentialAction":[{"@type":"ReadAction","target":["https:\/\/assn-nyon.ch\/?page_id=343"]}]},{"@type":"ImageObject","inLanguage":"fr-FR","@id":"https:\/\/assn-nyon.ch\/?page_id=343#primaryimage","url":"https:\/\/assn-nyon.ch\/wp-content\/uploads\/sport_judo_club.gif","contentUrl":"https:\/\/assn-nyon.ch\/wp-content\/uploads\/sport_judo_club.gif","width":120,"height":120},{"@type":"BreadcrumbList","@id":"https:\/\/assn-nyon.ch\/?page_id=343#breadcrumb","itemListElement":[{"@type":"ListItem","position":1,"name":"Accueil","item":"https:\/\/assn-nyon.ch\/"},{"@type":"ListItem","position":2,"name":"Clubs membres","item":"https:\/\/assn-nyon.ch\/?page_id=27"},{"@type":"ListItem","position":3,"name":"Judo Club Nyon"}]},{"@type":"WebSite","@id":"https:\/\/assn-nyon.ch\/#website","url":"https:\/\/assn-nyon.ch\/","name":"ASSN - NYON","description":"Un nouveau site pour les soci\u00e9t\u00e9s sportives","publisher":{"@id":"https:\/\/assn-nyon.ch\/#organization"},"potentialAction":[{"@type":"SearchAction","target":{"@type":"EntryPoint","urlTemplate":"https:\/\/assn-nyon.ch\/?s={search_term_string}"},"query-input":{"@type":"PropertyValueSpecification","valueRequired":true,"valueName":"search_term_string"}}],"inLanguage":"fr-FR"},{"@type":"Organization","@id":"https:\/\/assn-nyon.ch\/#organization","name":"ASSN - NYON","url":"https:\/\/assn-nyon.ch\/","logo":{"@type":"ImageObject","inLanguage":"fr-FR","@id":"https:\/\/assn-nyon.ch\/#\/schema\/logo\/image\/","url":"https:\/\/assn-nyon.ch\/wp-content\/uploads\/21-logo-ASSN-10-cm-avec-filet-T-noir-1.png","contentUrl":"https:\/\/assn-nyon.ch\/wp-content\/uploads\/21-logo-ASSN-10-cm-avec-filet-T-noir-1.png","width":283,"height":89,"caption":"ASSN - NYON"},"image":{"@id":"https:\/\/assn-nyon.ch\/#\/schema\/logo\/image\/"}}]}},"_links":{"self":[{"href":"https:\/\/assn-nyon.ch\/index.php?rest_route=\/wp\/v2\/pages\/343","targetHints":{"allow":["GET"]}}],"collection":[{"href":"https:\/\/assn-nyon.ch\/index.php?rest_route=\/wp\/v2\/pages"}],"about":[{"href":"https:\/\/assn-nyon.ch\/index.php?rest_route=\/wp\/v2\/types\/page"}],"author":[{"embeddable":true,"href":"https:\/\/assn-nyon.ch\/index.php?rest_route=\/wp\/v2\/users\/4"}],"replies":[{"embeddable":true,"href":"https:\/\/assn-nyon.ch\/index.php?rest_route=%2Fwp%2Fv2%2Fcomments&post=343"}],"version-history":[{"count":11,"href":"https:\/\/assn-nyon.ch\/index.php?rest_route=\/wp\/v2\/pages\/343\/revisions"}],"predecessor-version":[{"id":8839,"href":"https:\/\/assn-nyon.ch\/index.php?rest_route=\/wp\/v2\/pages\/343\/revisions\/8839"}],"up":[{"embeddable":true,"href":"https:\/\/assn-nyon.ch\/index.php?rest_route=\/wp\/v2\/pages\/27"}],"wp:attachment":[{"href":"https:\/\/assn-nyon.ch\/index.php?rest_route=%2Fwp%2Fv2%2Fmedia&parent=343"}],"curies":[{"name":"wp","href":"https:\/\/api.w.org\/{rel}","templated":true}]}}