{"id":337,"date":"2017-01-28T07:47:00","date_gmt":"2017-01-28T06:47:00","guid":{"rendered":"http:\/\/assn-nyon.ch\/?page_id=337"},"modified":"2020-10-03T10:40:22","modified_gmt":"2020-10-03T08:40:22","slug":"fit-fun-gym-hommes","status":"publish","type":"page","link":"https:\/\/assn-nyon.ch\/?page_id=337","title":{"rendered":"Fit &#038; Fun Nyon"},"content":{"rendered":"<table cellspacing=\"4\" cellpadding=\"10\">\n<tbody>\n<tr>\n<td align=\"LEFT\" valign=\"CENTER\" bgcolor=\"#a0c6f2\" width=\"400\">T\u00e9l.:<br \/>\nFax:<br \/>\n<a href=\"http:\/\/www.fitfunnyon.ch\" target=\"_blank\" rel=\"noopener noreferrer\">www.fitfunnyon.ch<\/a>Pr\u00e9sident : <span class=\"x_Apple-style-span\">Yves Dubois<\/span><br \/>\n<a href=\"mailto:president@fitfunnyon.ch\">president@fitfunnyon.ch<\/a><br \/>\nT\u00e9l.: 079 215 61 47<\/a><br \/>\nSecr\u00e9taire : Fr\u00e9d\u00e9ric Buclin<br \/>\n<a href=\"mailto:secretaire@fitfunnyon.ch\" target=\"_blank\" rel=\"noopener noreferrer\">secretaire@fitfunnyon.ch<\/a><\/p>\n<p>Moniteur : Stefan Wassmer<br \/>\nT\u00e9l.: 022 361 08 02<br \/>\n<a href=\"mailto:moniteur@fitfunnyon.ch\">moniteur@fitfunnyon.ch<\/a><\/td>\n<td align=\"CENTER\" valign=\"CENTER\" bgcolor=\"#ffffcc\">&nbsp;<\/p>\n<p>&nbsp;<\/p>\n<p>&nbsp;<\/p>\n<p><img loading=\"lazy\" decoding=\"async\" class=\"size-medium wp-image-678 aligncenter\" src=\"http:\/\/assn-nyon.ch\/wp-content\/uploads\/fitfun_vect-300x128.jpg\" alt=\"\" width=\"300\" height=\"128\" \/><\/td>\n<\/tr>\n<tr>\n<td colspan=\"2\" align=\"CENTER\" valign=\"CENTER\" bgcolor=\"#c71414\" width=\"800\">&nbsp;<\/p>\n<div id=\"attachment_680\" style=\"width: 310px\" class=\"wp-caption aligncenter\"><img loading=\"lazy\" decoding=\"async\" aria-describedby=\"caption-attachment-680\" class=\"size-medium wp-image-680\" src=\"http:\/\/assn-nyon.ch\/wp-content\/uploads\/tire-\u00e0-la-corde-300x200.jpg\" alt=\"\" width=\"300\" height=\"200\" srcset=\"https:\/\/assn-nyon.ch\/wp-content\/uploads\/tire-\u00e0-la-corde-300x200.jpg 300w, https:\/\/assn-nyon.ch\/wp-content\/uploads\/tire-\u00e0-la-corde-768x511.jpg 768w, https:\/\/assn-nyon.ch\/wp-content\/uploads\/tire-\u00e0-la-corde.jpg 805w\" sizes=\"(max-width: 300px) 100vw, 300px\" \/><p id=\"caption-attachment-680\" class=\"wp-caption-text\">Nyon &#8211; mercredi 6 novembre 2013 &#8211; Ecole chemin du Couchant, gymnastique, fit&amp;fun, concours interne, \u00a9alexis voelin<\/p><\/div>\n<div id=\"attachment_679\" style=\"width: 310px\" class=\"wp-caption aligncenter\"><img loading=\"lazy\" decoding=\"async\" aria-describedby=\"caption-attachment-679\" class=\"size-medium wp-image-679\" src=\"http:\/\/assn-nyon.ch\/wp-content\/uploads\/FitFunGH_Nyon07273-300x200.jpg\" alt=\"\" width=\"300\" height=\"200\" srcset=\"https:\/\/assn-nyon.ch\/wp-content\/uploads\/FitFunGH_Nyon07273-300x200.jpg 300w, https:\/\/assn-nyon.ch\/wp-content\/uploads\/FitFunGH_Nyon07273.jpg 768w\" sizes=\"(max-width: 300px) 100vw, 300px\" \/><p id=\"caption-attachment-679\" class=\"wp-caption-text\">Nyon &#8211; mercredi 30 octobre 2013 &#8211; Ecole primaire Chemin du Couchant, Club Fit &amp; Fun, gymnastique, s\u00e9ance parcourvita, \u00a9alexis voelin<\/p><\/div>\n<p>&nbsp;<\/td>\n<\/tr>\n<\/tbody>\n<\/table>\n<p>&nbsp;<\/p>\n","protected":false},"excerpt":{"rendered":"<p>T\u00e9l.: Fax: www.fitfunnyon.chPr\u00e9sident : Yves Dubois president@fitfunnyon.ch T\u00e9l.: 079 215 61 47 Secr\u00e9taire : Fr\u00e9d\u00e9ric Buclin secretaire@fitfunnyon.ch Moniteur : Stefan Wassmer T\u00e9l.: 022 361 08 02 moniteur@fitfunnyon.ch &nbsp; &nbsp; &nbsp; &nbsp; &nbsp; &nbsp;<\/p>\n","protected":false},"author":4,"featured_media":0,"parent":27,"menu_order":0,"comment_status":"closed","ping_status":"closed","template":"","meta":{"_et_pb_use_builder":"","_et_pb_old_content":"","_et_gb_content_width":"","footnotes":""},"class_list":["post-337","page","type-page","status-publish","hentry"],"yoast_head":"<!-- This site is optimized with the Yoast SEO plugin v26.8 - https:\/\/yoast.com\/product\/yoast-seo-wordpress\/ -->\n<title>Fit &amp; Fun Nyon - ASSN - NYON<\/title>\n<meta name=\"robots\" content=\"index, follow, max-snippet:-1, max-image-preview:large, max-video-preview:-1\" \/>\n<link rel=\"canonical\" href=\"https:\/\/assn-nyon.ch\/?page_id=337\" \/>\n<meta property=\"og:locale\" content=\"fr_FR\" \/>\n<meta property=\"og:type\" content=\"article\" \/>\n<meta property=\"og:title\" content=\"Fit &amp; Fun Nyon - ASSN - NYON\" \/>\n<meta property=\"og:description\" content=\"T\u00e9l.: Fax: www.fitfunnyon.chPr\u00e9sident : Yves Dubois president@fitfunnyon.ch T\u00e9l.: 079 215 61 47 Secr\u00e9taire : Fr\u00e9d\u00e9ric Buclin secretaire@fitfunnyon.ch Moniteur : Stefan Wassmer T\u00e9l.: 022 361 08 02 moniteur@fitfunnyon.ch &nbsp; &nbsp; &nbsp; &nbsp; &nbsp; &nbsp;\" \/>\n<meta property=\"og:url\" content=\"https:\/\/assn-nyon.ch\/?page_id=337\" \/>\n<meta property=\"og:site_name\" content=\"ASSN - NYON\" \/>\n<meta property=\"article:modified_time\" content=\"2020-10-03T08:40:22+00:00\" \/>\n<meta name=\"twitter:card\" content=\"summary_large_image\" \/>\n<script type=\"application\/ld+json\" class=\"yoast-schema-graph\">{\"@context\":\"https:\/\/schema.org\",\"@graph\":[{\"@type\":\"WebPage\",\"@id\":\"https:\/\/assn-nyon.ch\/?page_id=337\",\"url\":\"https:\/\/assn-nyon.ch\/?page_id=337\",\"name\":\"Fit & Fun Nyon - ASSN - NYON\",\"isPartOf\":{\"@id\":\"https:\/\/assn-nyon.ch\/#website\"},\"primaryImageOfPage\":{\"@id\":\"https:\/\/assn-nyon.ch\/?page_id=337#primaryimage\"},\"image\":{\"@id\":\"https:\/\/assn-nyon.ch\/?page_id=337#primaryimage\"},\"thumbnailUrl\":\"http:\/\/assn-nyon.ch\/wp-content\/uploads\/fitfun_vect-300x128.jpg\",\"datePublished\":\"2017-01-28T06:47:00+00:00\",\"dateModified\":\"2020-10-03T08:40:22+00:00\",\"breadcrumb\":{\"@id\":\"https:\/\/assn-nyon.ch\/?page_id=337#breadcrumb\"},\"inLanguage\":\"fr-FR\",\"potentialAction\":[{\"@type\":\"ReadAction\",\"target\":[\"https:\/\/assn-nyon.ch\/?page_id=337\"]}]},{\"@type\":\"ImageObject\",\"inLanguage\":\"fr-FR\",\"@id\":\"https:\/\/assn-nyon.ch\/?page_id=337#primaryimage\",\"url\":\"\",\"contentUrl\":\"\"},{\"@type\":\"BreadcrumbList\",\"@id\":\"https:\/\/assn-nyon.ch\/?page_id=337#breadcrumb\",\"itemListElement\":[{\"@type\":\"ListItem\",\"position\":1,\"name\":\"Accueil\",\"item\":\"https:\/\/assn-nyon.ch\/\"},{\"@type\":\"ListItem\",\"position\":2,\"name\":\"Clubs membres\",\"item\":\"https:\/\/assn-nyon.ch\/?page_id=27\"},{\"@type\":\"ListItem\",\"position\":3,\"name\":\"Fit &#038; Fun Nyon\"}]},{\"@type\":\"WebSite\",\"@id\":\"https:\/\/assn-nyon.ch\/#website\",\"url\":\"https:\/\/assn-nyon.ch\/\",\"name\":\"ASSN - NYON\",\"description\":\"Un nouveau site pour les soci\u00e9t\u00e9s sportives\",\"publisher\":{\"@id\":\"https:\/\/assn-nyon.ch\/#organization\"},\"potentialAction\":[{\"@type\":\"SearchAction\",\"target\":{\"@type\":\"EntryPoint\",\"urlTemplate\":\"https:\/\/assn-nyon.ch\/?s={search_term_string}\"},\"query-input\":{\"@type\":\"PropertyValueSpecification\",\"valueRequired\":true,\"valueName\":\"search_term_string\"}}],\"inLanguage\":\"fr-FR\"},{\"@type\":\"Organization\",\"@id\":\"https:\/\/assn-nyon.ch\/#organization\",\"name\":\"ASSN - NYON\",\"url\":\"https:\/\/assn-nyon.ch\/\",\"logo\":{\"@type\":\"ImageObject\",\"inLanguage\":\"fr-FR\",\"@id\":\"https:\/\/assn-nyon.ch\/#\/schema\/logo\/image\/\",\"url\":\"https:\/\/assn-nyon.ch\/wp-content\/uploads\/21-logo-ASSN-10-cm-avec-filet-T-noir-1.png\",\"contentUrl\":\"https:\/\/assn-nyon.ch\/wp-content\/uploads\/21-logo-ASSN-10-cm-avec-filet-T-noir-1.png\",\"width\":283,\"height\":89,\"caption\":\"ASSN - NYON\"},\"image\":{\"@id\":\"https:\/\/assn-nyon.ch\/#\/schema\/logo\/image\/\"}}]}<\/script>\n<!-- \/ Yoast SEO plugin. -->","yoast_head_json":{"title":"Fit & Fun Nyon - ASSN - NYON","robots":{"index":"index","follow":"follow","max-snippet":"max-snippet:-1","max-image-preview":"max-image-preview:large","max-video-preview":"max-video-preview:-1"},"canonical":"https:\/\/assn-nyon.ch\/?page_id=337","og_locale":"fr_FR","og_type":"article","og_title":"Fit & Fun Nyon - ASSN - NYON","og_description":"T\u00e9l.: Fax: www.fitfunnyon.chPr\u00e9sident : Yves Dubois president@fitfunnyon.ch T\u00e9l.: 079 215 61 47 Secr\u00e9taire : Fr\u00e9d\u00e9ric Buclin secretaire@fitfunnyon.ch Moniteur : Stefan Wassmer T\u00e9l.: 022 361 08 02 moniteur@fitfunnyon.ch &nbsp; &nbsp; &nbsp; &nbsp; &nbsp; &nbsp;","og_url":"https:\/\/assn-nyon.ch\/?page_id=337","og_site_name":"ASSN - NYON","article_modified_time":"2020-10-03T08:40:22+00:00","twitter_card":"summary_large_image","schema":{"@context":"https:\/\/schema.org","@graph":[{"@type":"WebPage","@id":"https:\/\/assn-nyon.ch\/?page_id=337","url":"https:\/\/assn-nyon.ch\/?page_id=337","name":"Fit & Fun Nyon - ASSN - NYON","isPartOf":{"@id":"https:\/\/assn-nyon.ch\/#website"},"primaryImageOfPage":{"@id":"https:\/\/assn-nyon.ch\/?page_id=337#primaryimage"},"image":{"@id":"https:\/\/assn-nyon.ch\/?page_id=337#primaryimage"},"thumbnailUrl":"http:\/\/assn-nyon.ch\/wp-content\/uploads\/fitfun_vect-300x128.jpg","datePublished":"2017-01-28T06:47:00+00:00","dateModified":"2020-10-03T08:40:22+00:00","breadcrumb":{"@id":"https:\/\/assn-nyon.ch\/?page_id=337#breadcrumb"},"inLanguage":"fr-FR","potentialAction":[{"@type":"ReadAction","target":["https:\/\/assn-nyon.ch\/?page_id=337"]}]},{"@type":"ImageObject","inLanguage":"fr-FR","@id":"https:\/\/assn-nyon.ch\/?page_id=337#primaryimage","url":"","contentUrl":""},{"@type":"BreadcrumbList","@id":"https:\/\/assn-nyon.ch\/?page_id=337#breadcrumb","itemListElement":[{"@type":"ListItem","position":1,"name":"Accueil","item":"https:\/\/assn-nyon.ch\/"},{"@type":"ListItem","position":2,"name":"Clubs membres","item":"https:\/\/assn-nyon.ch\/?page_id=27"},{"@type":"ListItem","position":3,"name":"Fit &#038; Fun Nyon"}]},{"@type":"WebSite","@id":"https:\/\/assn-nyon.ch\/#website","url":"https:\/\/assn-nyon.ch\/","name":"ASSN - NYON","description":"Un nouveau site pour les soci\u00e9t\u00e9s sportives","publisher":{"@id":"https:\/\/assn-nyon.ch\/#organization"},"potentialAction":[{"@type":"SearchAction","target":{"@type":"EntryPoint","urlTemplate":"https:\/\/assn-nyon.ch\/?s={search_term_string}"},"query-input":{"@type":"PropertyValueSpecification","valueRequired":true,"valueName":"search_term_string"}}],"inLanguage":"fr-FR"},{"@type":"Organization","@id":"https:\/\/assn-nyon.ch\/#organization","name":"ASSN - NYON","url":"https:\/\/assn-nyon.ch\/","logo":{"@type":"ImageObject","inLanguage":"fr-FR","@id":"https:\/\/assn-nyon.ch\/#\/schema\/logo\/image\/","url":"https:\/\/assn-nyon.ch\/wp-content\/uploads\/21-logo-ASSN-10-cm-avec-filet-T-noir-1.png","contentUrl":"https:\/\/assn-nyon.ch\/wp-content\/uploads\/21-logo-ASSN-10-cm-avec-filet-T-noir-1.png","width":283,"height":89,"caption":"ASSN - NYON"},"image":{"@id":"https:\/\/assn-nyon.ch\/#\/schema\/logo\/image\/"}}]}},"_links":{"self":[{"href":"https:\/\/assn-nyon.ch\/index.php?rest_route=\/wp\/v2\/pages\/337","targetHints":{"allow":["GET"]}}],"collection":[{"href":"https:\/\/assn-nyon.ch\/index.php?rest_route=\/wp\/v2\/pages"}],"about":[{"href":"https:\/\/assn-nyon.ch\/index.php?rest_route=\/wp\/v2\/types\/page"}],"author":[{"embeddable":true,"href":"https:\/\/assn-nyon.ch\/index.php?rest_route=\/wp\/v2\/users\/4"}],"replies":[{"embeddable":true,"href":"https:\/\/assn-nyon.ch\/index.php?rest_route=%2Fwp%2Fv2%2Fcomments&post=337"}],"version-history":[{"count":14,"href":"https:\/\/assn-nyon.ch\/index.php?rest_route=\/wp\/v2\/pages\/337\/revisions"}],"predecessor-version":[{"id":1059,"href":"https:\/\/assn-nyon.ch\/index.php?rest_route=\/wp\/v2\/pages\/337\/revisions\/1059"}],"up":[{"embeddable":true,"href":"https:\/\/assn-nyon.ch\/index.php?rest_route=\/wp\/v2\/pages\/27"}],"wp:attachment":[{"href":"https:\/\/assn-nyon.ch\/index.php?rest_route=%2Fwp%2Fv2%2Fmedia&parent=337"}],"curies":[{"name":"wp","href":"https:\/\/api.w.org\/{rel}","templated":true}]}}