{"id":333,"date":"2017-01-28T07:45:26","date_gmt":"2017-01-28T06:45:26","guid":{"rendered":"http:\/\/assn-nyon.ch\/?page_id=333"},"modified":"2025-01-08T16:56:47","modified_gmt":"2025-01-08T15:56:47","slug":"fc-stade-nyonnais","status":"publish","type":"page","link":"https:\/\/assn-nyon.ch\/?page_id=333","title":{"rendered":"FC Stade Nyonnais"},"content":{"rendered":"<p>[et_pb_section fb_built=\u00a0\u00bb1&Prime; admin_label=\u00a0\u00bbsection\u00a0\u00bb _builder_version=\u00a0\u00bb4.16&Prime; global_colors_info=\u00a0\u00bb{}\u00a0\u00bb][et_pb_row admin_label=\u00a0\u00bbrow\u00a0\u00bb _builder_version=\u00a0\u00bb4.16&Prime; background_size=\u00a0\u00bbinitial\u00a0\u00bb background_position=\u00a0\u00bbtop_left\u00a0\u00bb background_repeat=\u00a0\u00bbrepeat\u00a0\u00bb global_colors_info=\u00a0\u00bb{}\u00a0\u00bb][et_pb_column type=\u00a0\u00bb4_4&Prime; _builder_version=\u00a0\u00bb4.16&Prime; custom_padding=\u00a0\u00bb|||\u00a0\u00bb global_colors_info=\u00a0\u00bb{}\u00a0\u00bb custom_padding__hover=\u00a0\u00bb|||\u00a0\u00bb][et_pb_text admin_label=\u00a0\u00bbText\u00a0\u00bb _builder_version=\u00a0\u00bb4.27.3&Prime; background_size=\u00a0\u00bbinitial\u00a0\u00bb background_position=\u00a0\u00bbtop_left\u00a0\u00bb background_repeat=\u00a0\u00bbrepeat\u00a0\u00bb hover_enabled=\u00a0\u00bb0&Prime; global_colors_info=\u00a0\u00bb{}\u00a0\u00bb sticky_enabled=\u00a0\u00bb0&Prime;]<\/p>\n<table cellspacing=\"4\" cellpadding=\"10\">\n<tbody>\n<tr>\n<td align=\"LEFT\" valign=\"CENTER\" bgcolor=\"#a0c6f2\" width=\"400\">\n<p>T\u00e9l.: 022 362 12 11<br \/>Fax: 022 362 13 72<br \/>Horaires d&rsquo;ouverture: voir site internet du club<br \/><a href=\"http:\/\/www.stadenyonnais.ch\">www.stadenyonnais.ch<\/a><br \/><a href=\"mailto:admin@stadenyonnais.ch\">admin@stadenyonnais.ch<\/a><br \/><a href=\"http:\/\/www.nyon.ch\/fr\/.dyncontent\/48\/vdn_societes_locales.php\/detail_0_108380.php?keepThis=true&amp;TB_iframe=true&amp;height=450&amp;width=660\" target=\"_blank\" rel=\"noopener noreferrer\">Informations diverses<\/a>\u00a0<\/p>\n<p>Pr\u00e9sident: Vartan SIRMAKES<\/p>\n<\/td>\n<td align=\"CENTER\" valign=\"CENTER\" bgcolor=\"#FFFFCC\">\n<p>&nbsp;<\/p>\n<p><b><span style=\"color: #ffff99;\"><span style=\"font-size: xx-small;\"><img loading=\"lazy\" decoding=\"async\" class=\"wp-image-325 size-full aligncenter\" src=\"http:\/\/assn-nyon.ch\/wp-content\/uploads\/sport_FC_stade_nyonnais.gif\" width=\"93\" height=\"120\" \/><\/span><\/span><\/b><\/p>\n<\/td>\n<\/tr>\n<tr>\n<td colspan=\"2\" align=\"CENTER\" valign=\"CENTER\" bgcolor=\"#c71414\" width=\"800\">\n<p style=\"text-align: center;\"><span style=\"color: #ffcc99;\">\u00a0Vid\u00e9os \u00e9missions NRTV<\/span><\/p>\n<p style=\"text-align: center;\"><span style=\"color: #ffcc99;\"><a style=\"color: #ffcc99;\" href=\"https:\/\/www.youtube.com\/watch?v=p2GXBiF2few&amp;feature=youtu.be\" target=\"_blank\" rel=\"noopener noreferrer\">03.05.2018 &#8211; Avec Yagan Hira\u00e7, joueur au Stade Nyonnais<\/a><\/span><br \/><span style=\"color: #ffcc99;\"><a style=\"color: #ffcc99;\" href=\"https:\/\/www.youtube.com\/watch?v=8ahL1PSWNGU&amp;feature=youtu.be\" target=\"_blank\" rel=\"noopener noreferrer\">01.02.2018 &#8211; Match de pr\u00e9paration du Stade Nyonnais de football, au Stade de la Praille face au Servette FC<\/a><\/span><br \/><span style=\"color: #ffcc99;\"><a style=\"color: #ffcc99;\" href=\"https:\/\/www.youtube.com\/watch?v=9fSWdPMP1qU&amp;feature=youtu.be\" target=\"_blank\" rel=\"noopener noreferrer\">18.01.2018 &#8211; La reprise du Stade Nyonnais de football, avec St\u00e9phane Guex et Sonny Kok, respectivement membre du comit\u00e9 et joueur<\/a><\/span><br \/><span style=\"color: #ffcc99;\"><a style=\"color: #ffcc99;\" href=\"https:\/\/www.youtube.com\/watch?v=rtJRv8VBTiQ&amp;feature=youtu.be\" target=\"_blank\" rel=\"noopener noreferrer\">26.10.2017 &#8211; D\u00e9faite du Stade Nyonnais face \u00e0 Thoune en huiti\u00e8me de finale de la Coupe de Suisse<\/a><\/span><br \/><span style=\"color: #ffcc99;\"><a style=\"color: #ffcc99;\" href=\"https:\/\/www.youtube.com\/watch?v=_z193qPjDdI&amp;feature=youtu.be\" target=\"_blank\" rel=\"noopener noreferrer\">21.09.2017 &#8211; St\u00e9phane Guex apr\u00e8s la victoire en Coupe de Suisse face \u00e0 Locarno<\/a><\/span><br \/><span style=\"color: #ffcc99;\"><a style=\"color: #ffcc99;\" href=\"https:\/\/www.youtube.com\/watch?v=sTAcOnjxDVA\" target=\"_blank\" rel=\"noopener noreferrer\">09.02.2017 &#8211; Intersaison et pr\u00e9paration, le point avec Varujan Symonov, Manager g\u00e9n\u00e9ral entre autres<\/a><\/span><br \/><span style=\"color: #ffcc99;\"> <a style=\"color: #ffcc99;\" href=\"https:\/\/www.youtube.com\/watch?v=wa1WrTnw0n8\" target=\"_blank\" rel=\"noopener noreferrer\">15.12.2016 &#8211; Oscar Londono reste l&rsquo;entra\u00eeneur de l&rsquo;\u00e9quipe fanion<\/a><\/span><br \/><span style=\"color: #ffcc99;\"> <a style=\"color: #ffcc99;\" href=\"https:\/\/www.youtube.com\/watch?v=iptOScNGJSA\" target=\"_blank\" rel=\"noopener noreferrer\">10.11.2016 &#8211; situation et changements au club avec Giuseppe Avolioz, vice-pr\u00e9sident et Varujan Symonov, manager g\u00e9n\u00e9ral<\/a><\/span><br \/><span style=\"color: #ffcc99;\"> <a style=\"color: #ffcc99;\" href=\"https:\/\/www.youtube.com\/watch?v=SoqwdARw3j8\" target=\"_blank\" rel=\"noopener noreferrer\">06.10.2016 &#8211; Sp\u00e9cial foot : Bilan avec les clubs phares du district des championnats de Promotion League et de 2e ligue interr\u00e9gionale qui ont d\u00e9but\u00e9 depuis 2 mois<\/a><\/span><br \/><span style=\"color: #ffcc99;\"> <a style=\"color: #ffcc99;\" href=\"https:\/\/www.youtube.com\/watch?v=diPAHtca5cg\" target=\"_blank\" rel=\"noopener noreferrer\">08.09.2016 &#8211; 1\u00e8re interview de Lo\u00efc Anderson, le nouvel attaquant du Stade Nyonnais<\/a><\/span><\/p>\n<\/td>\n<\/tr>\n<\/tbody>\n<\/table>\n<p>&nbsp;<\/p>\n<p>[\/et_pb_text][\/et_pb_column][\/et_pb_row][\/et_pb_section]<\/p>\n","protected":false},"excerpt":{"rendered":"<p>T\u00e9l.: 022 362 12 11Fax: 022 362 13 72Horaires d&rsquo;ouverture: voir site internet du clubwww.stadenyonnais.chadmin@stadenyonnais.chInformations diverses\u00a0 Pr\u00e9sident: Vartan SIRMAKES &nbsp; \u00a0Vid\u00e9os \u00e9missions NRTV 03.05.2018 &#8211; Avec Yagan Hira\u00e7, joueur au Stade Nyonnais01.02.2018 &#8211; Match de pr\u00e9paration du Stade Nyonnais de football, au Stade de la Praille face au Servette FC18.01.2018 &#8211; La reprise du Stade [&hellip;]<\/p>\n","protected":false},"author":4,"featured_media":0,"parent":27,"menu_order":0,"comment_status":"closed","ping_status":"closed","template":"","meta":{"_et_pb_use_builder":"on","_et_pb_old_content":"<table cellspacing=\"4\" cellpadding=\"10\">\r\n<tbody>\r\n<tr>\r\n<td align=\"LEFT\" valign=\"CENTER\" bgcolor=\"#a0c6f2\" width=\"400\">T\u00e9l.: 022 362 12 11\r\nFax: 022 362 13 72\r\nHoraires d'ouverture: voir site internet du club\r\n<a href=\"http:\/\/www.stadenyonnais.ch\">www.stadenyonnais.ch<\/a>\r\n<a href=\"mailto:admin@stadenyonnais.ch\">admin@stadenyonnais.ch<\/a>\r\n<a href=\"http:\/\/www.nyon.ch\/fr\/.dyncontent\/48\/vdn_societes_locales.php\/detail_0_108380.php?keepThis=true&amp;TB_iframe=true&amp;height=450&amp;width=660\" target=\"_blank\" rel=\"noopener noreferrer\">Informations diverses<\/a>&nbsp;\r\n\r\nPr\u00e9sident: Vartan SIRMAKES\r\nSecr\u00e9taire G\u00e9n\u00e9ral : R\u00e9gis Bovy<\/td>\r\n<td align=\"CENTER\" valign=\"CENTER\" bgcolor=\"#FFFFCC\">&nbsp;\r\n\r\n<b><span style=\"color: #ffff99;\"><span style=\"font-size: xx-small;\"><img class=\"wp-image-325 size-full aligncenter\" src=\"http:\/\/assn-nyon.ch\/wp-content\/uploads\/sport_FC_stade_nyonnais.gif\" width=\"93\" height=\"120\" \/><\/span><\/span><\/b><\/td>\r\n<\/tr>\r\n<tr>\r\n<td colspan=\"2\" align=\"CENTER\" valign=\"CENTER\" bgcolor=\"#c71414\" width=\"800\">\r\n<p style=\"text-align: center;\"><span style=\"color: #ffcc99;\">\u00a0Vid\u00e9os \u00e9missions NRTV<\/span><\/p>\r\n<p style=\"text-align: center;\"><span style=\"color: #ffcc99;\"><a style=\"color: #ffcc99;\" href=\"https:\/\/www.youtube.com\/watch?v=p2GXBiF2few&amp;feature=youtu.be\" target=\"_blank\" rel=\"noopener noreferrer\">03.05.2018 - Avec Yagan Hira\u00e7, joueur au Stade Nyonnais<\/a><\/span>\r\n<span style=\"color: #ffcc99;\"><a style=\"color: #ffcc99;\" href=\"https:\/\/www.youtube.com\/watch?v=8ahL1PSWNGU&amp;feature=youtu.be\" target=\"_blank\" rel=\"noopener noreferrer\">01.02.2018 - Match de pr\u00e9paration du Stade Nyonnais de football, au Stade de la Praille face au Servette FC<\/a><\/span>\r\n<span style=\"color: #ffcc99;\"><a style=\"color: #ffcc99;\" href=\"https:\/\/www.youtube.com\/watch?v=9fSWdPMP1qU&amp;feature=youtu.be\" target=\"_blank\" rel=\"noopener noreferrer\">18.01.2018 - La reprise du Stade Nyonnais de football, avec St\u00e9phane Guex et Sonny Kok, respectivement membre du comit\u00e9 et joueur<\/a><\/span>\r\n<span style=\"color: #ffcc99;\"><a style=\"color: #ffcc99;\" href=\"https:\/\/www.youtube.com\/watch?v=rtJRv8VBTiQ&amp;feature=youtu.be\" target=\"_blank\" rel=\"noopener noreferrer\">26.10.2017 - D\u00e9faite du Stade Nyonnais face \u00e0 Thoune en huiti\u00e8me de finale de la Coupe de Suisse<\/a><\/span>\r\n<span style=\"color: #ffcc99;\"><a style=\"color: #ffcc99;\" href=\"https:\/\/www.youtube.com\/watch?v=_z193qPjDdI&amp;feature=youtu.be\" target=\"_blank\" rel=\"noopener noreferrer\">21.09.2017 - St\u00e9phane Guex apr\u00e8s la victoire en Coupe de Suisse face \u00e0 Locarno<\/a><\/span>\r\n<span style=\"color: #ffcc99;\"><a style=\"color: #ffcc99;\" href=\"https:\/\/www.youtube.com\/watch?v=sTAcOnjxDVA\" target=\"_blank\" rel=\"noopener noreferrer\">09.02.2017 - Intersaison et pr\u00e9paration, le point avec Varujan Symonov, Manager g\u00e9n\u00e9ral entre autres<\/a><\/span>\r\n<span style=\"color: #ffcc99;\"> <a style=\"color: #ffcc99;\" href=\"https:\/\/www.youtube.com\/watch?v=wa1WrTnw0n8\" target=\"_blank\" rel=\"noopener noreferrer\">15.12.2016 - Oscar Londono reste l'entra\u00eeneur de l'\u00e9quipe fanion<\/a><\/span>\r\n<span style=\"color: #ffcc99;\"> <a style=\"color: #ffcc99;\" href=\"https:\/\/www.youtube.com\/watch?v=iptOScNGJSA\" target=\"_blank\" rel=\"noopener noreferrer\">10.11.2016 - situation et changements au club avec Giuseppe Avolioz, vice-pr\u00e9sident et Varujan Symonov, manager g\u00e9n\u00e9ral<\/a><\/span>\r\n<span style=\"color: #ffcc99;\"> <a style=\"color: #ffcc99;\" href=\"https:\/\/www.youtube.com\/watch?v=SoqwdARw3j8\" target=\"_blank\" rel=\"noopener noreferrer\">06.10.2016 - Sp\u00e9cial foot : Bilan avec les clubs phares du district des championnats de Promotion League et de 2e ligue interr\u00e9gionale qui ont d\u00e9but\u00e9 depuis 2 mois<\/a><\/span>\r\n<span style=\"color: #ffcc99;\"> <a style=\"color: #ffcc99;\" href=\"https:\/\/www.youtube.com\/watch?v=diPAHtca5cg\" target=\"_blank\" rel=\"noopener noreferrer\">08.09.2016 - 1\u00e8re interview de Lo\u00efc Anderson, le nouvel attaquant du Stade Nyonnais<\/a><\/span><\/p>\r\n<\/td>\r\n<\/tr>\r\n<\/tbody>\r\n<\/table>\r\n&nbsp;","_et_gb_content_width":"","footnotes":""},"class_list":["post-333","page","type-page","status-publish","hentry"],"yoast_head":"<!-- This site is optimized with the Yoast SEO plugin v27.5 - https:\/\/yoast.com\/product\/yoast-seo-wordpress\/ -->\n<title>FC Stade Nyonnais - ASSN - NYON<\/title>\n<meta name=\"robots\" content=\"index, follow, max-snippet:-1, max-image-preview:large, max-video-preview:-1\" \/>\n<link rel=\"canonical\" href=\"https:\/\/assn-nyon.ch\/?page_id=333\" \/>\n<meta property=\"og:locale\" content=\"fr_FR\" \/>\n<meta property=\"og:type\" content=\"article\" \/>\n<meta property=\"og:title\" content=\"FC Stade Nyonnais - ASSN - NYON\" \/>\n<meta property=\"og:description\" content=\"T\u00e9l.: 022 362 12 11Fax: 022 362 13 72Horaires d&#039;ouverture: voir site internet du clubwww.stadenyonnais.chadmin@stadenyonnais.chInformations diverses\u00a0 Pr\u00e9sident: Vartan SIRMAKES &nbsp; \u00a0Vid\u00e9os \u00e9missions NRTV 03.05.2018 - Avec Yagan Hira\u00e7, joueur au Stade Nyonnais01.02.2018 - Match de pr\u00e9paration du Stade Nyonnais de football, au Stade de la Praille face au Servette FC18.01.2018 - La reprise du Stade [&hellip;]\" \/>\n<meta property=\"og:url\" content=\"https:\/\/assn-nyon.ch\/?page_id=333\" \/>\n<meta property=\"og:site_name\" content=\"ASSN - NYON\" \/>\n<meta property=\"article:modified_time\" content=\"2025-01-08T15:56:47+00:00\" \/>\n<meta property=\"og:image\" content=\"https:\/\/assn-nyon.ch\/wp-content\/uploads\/sport_FC_stade_nyonnais.gif\" \/>\n\t<meta property=\"og:image:width\" content=\"93\" \/>\n\t<meta property=\"og:image:height\" content=\"120\" \/>\n\t<meta property=\"og:image:type\" content=\"image\/gif\" \/>\n<meta name=\"twitter:card\" content=\"summary_large_image\" \/>\n<meta name=\"twitter:label1\" content=\"Dur\u00e9e de lecture estim\u00e9e\" \/>\n\t<meta name=\"twitter:data1\" content=\"1 minute\" \/>\n<script type=\"application\/ld+json\" class=\"yoast-schema-graph\">{\"@context\":\"https:\\\/\\\/schema.org\",\"@graph\":[{\"@type\":\"WebPage\",\"@id\":\"https:\\\/\\\/assn-nyon.ch\\\/?page_id=333\",\"url\":\"https:\\\/\\\/assn-nyon.ch\\\/?page_id=333\",\"name\":\"FC Stade Nyonnais - ASSN - NYON\",\"isPartOf\":{\"@id\":\"https:\\\/\\\/assn-nyon.ch\\\/#website\"},\"primaryImageOfPage\":{\"@id\":\"https:\\\/\\\/assn-nyon.ch\\\/?page_id=333#primaryimage\"},\"image\":{\"@id\":\"https:\\\/\\\/assn-nyon.ch\\\/?page_id=333#primaryimage\"},\"thumbnailUrl\":\"http:\\\/\\\/assn-nyon.ch\\\/wp-content\\\/uploads\\\/sport_FC_stade_nyonnais.gif\",\"datePublished\":\"2017-01-28T06:45:26+00:00\",\"dateModified\":\"2025-01-08T15:56:47+00:00\",\"breadcrumb\":{\"@id\":\"https:\\\/\\\/assn-nyon.ch\\\/?page_id=333#breadcrumb\"},\"inLanguage\":\"fr-FR\",\"potentialAction\":[{\"@type\":\"ReadAction\",\"target\":[\"https:\\\/\\\/assn-nyon.ch\\\/?page_id=333\"]}]},{\"@type\":\"ImageObject\",\"inLanguage\":\"fr-FR\",\"@id\":\"https:\\\/\\\/assn-nyon.ch\\\/?page_id=333#primaryimage\",\"url\":\"https:\\\/\\\/assn-nyon.ch\\\/wp-content\\\/uploads\\\/sport_FC_stade_nyonnais.gif\",\"contentUrl\":\"https:\\\/\\\/assn-nyon.ch\\\/wp-content\\\/uploads\\\/sport_FC_stade_nyonnais.gif\",\"width\":93,\"height\":120},{\"@type\":\"BreadcrumbList\",\"@id\":\"https:\\\/\\\/assn-nyon.ch\\\/?page_id=333#breadcrumb\",\"itemListElement\":[{\"@type\":\"ListItem\",\"position\":1,\"name\":\"Accueil\",\"item\":\"https:\\\/\\\/assn-nyon.ch\\\/\"},{\"@type\":\"ListItem\",\"position\":2,\"name\":\"Clubs membres\",\"item\":\"https:\\\/\\\/assn-nyon.ch\\\/?page_id=27\"},{\"@type\":\"ListItem\",\"position\":3,\"name\":\"FC Stade Nyonnais\"}]},{\"@type\":\"WebSite\",\"@id\":\"https:\\\/\\\/assn-nyon.ch\\\/#website\",\"url\":\"https:\\\/\\\/assn-nyon.ch\\\/\",\"name\":\"ASSN - NYON\",\"description\":\"Un nouveau site pour les soci\u00e9t\u00e9s sportives\",\"publisher\":{\"@id\":\"https:\\\/\\\/assn-nyon.ch\\\/#organization\"},\"potentialAction\":[{\"@type\":\"SearchAction\",\"target\":{\"@type\":\"EntryPoint\",\"urlTemplate\":\"https:\\\/\\\/assn-nyon.ch\\\/?s={search_term_string}\"},\"query-input\":{\"@type\":\"PropertyValueSpecification\",\"valueRequired\":true,\"valueName\":\"search_term_string\"}}],\"inLanguage\":\"fr-FR\"},{\"@type\":\"Organization\",\"@id\":\"https:\\\/\\\/assn-nyon.ch\\\/#organization\",\"name\":\"ASSN - NYON\",\"url\":\"https:\\\/\\\/assn-nyon.ch\\\/\",\"logo\":{\"@type\":\"ImageObject\",\"inLanguage\":\"fr-FR\",\"@id\":\"https:\\\/\\\/assn-nyon.ch\\\/#\\\/schema\\\/logo\\\/image\\\/\",\"url\":\"https:\\\/\\\/assn-nyon.ch\\\/wp-content\\\/uploads\\\/21-logo-ASSN-10-cm-avec-filet-T-noir-1.png\",\"contentUrl\":\"https:\\\/\\\/assn-nyon.ch\\\/wp-content\\\/uploads\\\/21-logo-ASSN-10-cm-avec-filet-T-noir-1.png\",\"width\":283,\"height\":89,\"caption\":\"ASSN - NYON\"},\"image\":{\"@id\":\"https:\\\/\\\/assn-nyon.ch\\\/#\\\/schema\\\/logo\\\/image\\\/\"}}]}<\/script>\n<!-- \/ Yoast SEO plugin. -->","yoast_head_json":{"title":"FC Stade Nyonnais - ASSN - NYON","robots":{"index":"index","follow":"follow","max-snippet":"max-snippet:-1","max-image-preview":"max-image-preview:large","max-video-preview":"max-video-preview:-1"},"canonical":"https:\/\/assn-nyon.ch\/?page_id=333","og_locale":"fr_FR","og_type":"article","og_title":"FC Stade Nyonnais - ASSN - NYON","og_description":"T\u00e9l.: 022 362 12 11Fax: 022 362 13 72Horaires d'ouverture: voir site internet du clubwww.stadenyonnais.chadmin@stadenyonnais.chInformations diverses\u00a0 Pr\u00e9sident: Vartan SIRMAKES &nbsp; \u00a0Vid\u00e9os \u00e9missions NRTV 03.05.2018 - Avec Yagan Hira\u00e7, joueur au Stade Nyonnais01.02.2018 - Match de pr\u00e9paration du Stade Nyonnais de football, au Stade de la Praille face au Servette FC18.01.2018 - La reprise du Stade [&hellip;]","og_url":"https:\/\/assn-nyon.ch\/?page_id=333","og_site_name":"ASSN - NYON","article_modified_time":"2025-01-08T15:56:47+00:00","og_image":[{"width":93,"height":120,"url":"https:\/\/assn-nyon.ch\/wp-content\/uploads\/sport_FC_stade_nyonnais.gif","type":"image\/gif"}],"twitter_card":"summary_large_image","twitter_misc":{"Dur\u00e9e de lecture estim\u00e9e":"1 minute"},"schema":{"@context":"https:\/\/schema.org","@graph":[{"@type":"WebPage","@id":"https:\/\/assn-nyon.ch\/?page_id=333","url":"https:\/\/assn-nyon.ch\/?page_id=333","name":"FC Stade Nyonnais - ASSN - NYON","isPartOf":{"@id":"https:\/\/assn-nyon.ch\/#website"},"primaryImageOfPage":{"@id":"https:\/\/assn-nyon.ch\/?page_id=333#primaryimage"},"image":{"@id":"https:\/\/assn-nyon.ch\/?page_id=333#primaryimage"},"thumbnailUrl":"http:\/\/assn-nyon.ch\/wp-content\/uploads\/sport_FC_stade_nyonnais.gif","datePublished":"2017-01-28T06:45:26+00:00","dateModified":"2025-01-08T15:56:47+00:00","breadcrumb":{"@id":"https:\/\/assn-nyon.ch\/?page_id=333#breadcrumb"},"inLanguage":"fr-FR","potentialAction":[{"@type":"ReadAction","target":["https:\/\/assn-nyon.ch\/?page_id=333"]}]},{"@type":"ImageObject","inLanguage":"fr-FR","@id":"https:\/\/assn-nyon.ch\/?page_id=333#primaryimage","url":"https:\/\/assn-nyon.ch\/wp-content\/uploads\/sport_FC_stade_nyonnais.gif","contentUrl":"https:\/\/assn-nyon.ch\/wp-content\/uploads\/sport_FC_stade_nyonnais.gif","width":93,"height":120},{"@type":"BreadcrumbList","@id":"https:\/\/assn-nyon.ch\/?page_id=333#breadcrumb","itemListElement":[{"@type":"ListItem","position":1,"name":"Accueil","item":"https:\/\/assn-nyon.ch\/"},{"@type":"ListItem","position":2,"name":"Clubs membres","item":"https:\/\/assn-nyon.ch\/?page_id=27"},{"@type":"ListItem","position":3,"name":"FC Stade Nyonnais"}]},{"@type":"WebSite","@id":"https:\/\/assn-nyon.ch\/#website","url":"https:\/\/assn-nyon.ch\/","name":"ASSN - NYON","description":"Un nouveau site pour les soci\u00e9t\u00e9s sportives","publisher":{"@id":"https:\/\/assn-nyon.ch\/#organization"},"potentialAction":[{"@type":"SearchAction","target":{"@type":"EntryPoint","urlTemplate":"https:\/\/assn-nyon.ch\/?s={search_term_string}"},"query-input":{"@type":"PropertyValueSpecification","valueRequired":true,"valueName":"search_term_string"}}],"inLanguage":"fr-FR"},{"@type":"Organization","@id":"https:\/\/assn-nyon.ch\/#organization","name":"ASSN - NYON","url":"https:\/\/assn-nyon.ch\/","logo":{"@type":"ImageObject","inLanguage":"fr-FR","@id":"https:\/\/assn-nyon.ch\/#\/schema\/logo\/image\/","url":"https:\/\/assn-nyon.ch\/wp-content\/uploads\/21-logo-ASSN-10-cm-avec-filet-T-noir-1.png","contentUrl":"https:\/\/assn-nyon.ch\/wp-content\/uploads\/21-logo-ASSN-10-cm-avec-filet-T-noir-1.png","width":283,"height":89,"caption":"ASSN - NYON"},"image":{"@id":"https:\/\/assn-nyon.ch\/#\/schema\/logo\/image\/"}}]}},"_links":{"self":[{"href":"https:\/\/assn-nyon.ch\/index.php?rest_route=\/wp\/v2\/pages\/333","targetHints":{"allow":["GET"]}}],"collection":[{"href":"https:\/\/assn-nyon.ch\/index.php?rest_route=\/wp\/v2\/pages"}],"about":[{"href":"https:\/\/assn-nyon.ch\/index.php?rest_route=\/wp\/v2\/types\/page"}],"author":[{"embeddable":true,"href":"https:\/\/assn-nyon.ch\/index.php?rest_route=\/wp\/v2\/users\/4"}],"replies":[{"embeddable":true,"href":"https:\/\/assn-nyon.ch\/index.php?rest_route=%2Fwp%2Fv2%2Fcomments&post=333"}],"version-history":[{"count":24,"href":"https:\/\/assn-nyon.ch\/index.php?rest_route=\/wp\/v2\/pages\/333\/revisions"}],"predecessor-version":[{"id":8665,"href":"https:\/\/assn-nyon.ch\/index.php?rest_route=\/wp\/v2\/pages\/333\/revisions\/8665"}],"up":[{"embeddable":true,"href":"https:\/\/assn-nyon.ch\/index.php?rest_route=\/wp\/v2\/pages\/27"}],"wp:attachment":[{"href":"https:\/\/assn-nyon.ch\/index.php?rest_route=%2Fwp%2Fv2%2Fmedia&parent=333"}],"curies":[{"name":"wp","href":"https:\/\/api.w.org\/{rel}","templated":true}]}}