{"id":2987,"date":"2021-10-08T15:19:36","date_gmt":"2021-10-08T13:19:36","guid":{"rendered":"http:\/\/assn-nyon.ch\/?page_id=2987"},"modified":"2021-11-17T13:16:07","modified_gmt":"2021-11-17T12:16:07","slug":"club-subnyon","status":"publish","type":"page","link":"https:\/\/assn-nyon.ch\/?page_id=2987","title":{"rendered":"Club Subnyon"},"content":{"rendered":"<p>[et_pb_section fb_built=\u00a0\u00bb1&Prime; _builder_version=\u00a0\u00bb4.9.10&Prime; _module_preset=\u00a0\u00bbdefault\u00a0\u00bb background_image=\u00a0\u00bbhttp:\/\/assn-nyon.ch\/wp-content\/uploads\/Supnyon-opt.jpg\u00a0\u00bb parallax=\u00a0\u00bbon\u00a0\u00bb parallax_method=\u00a0\u00bboff\u00a0\u00bb custom_margin=\u00a0\u00bb20px||||false|false\u00a0\u00bb custom_margin_tablet=\u00a0\u00bb\u00a0\u00bb custom_margin_phone=\u00a0\u00bb0px|0px|0px|0px|false|false\u00a0\u00bb custom_margin_last_edited=\u00a0\u00bbon|phone\u00a0\u00bb custom_padding=\u00a0\u00bb0px|0px|0px|0px|false|false\u00a0\u00bb background_last_edited=\u00a0\u00bbon|phone\u00a0\u00bb background_enable_image_phone=\u00a0\u00bboff\u00a0\u00bb parallax_tablet=\u00a0\u00bbon\u00a0\u00bb parallax_phone=\u00a0\u00bbon\u00a0\u00bb parallax_method_phone=\u00a0\u00bboff\u00a0\u00bb global_colors_info=\u00a0\u00bb{}\u00a0\u00bb][et_pb_row column_structure=\u00a0\u00bb1_4,3_4&Prime; _builder_version=\u00a0\u00bb4.9.10&Prime; _module_preset=\u00a0\u00bbdefault\u00a0\u00bb transform_scale_tablet=\u00a0\u00bb\u00a0\u00bb transform_scale_phone=\u00a0\u00bb\u00a0\u00bb transform_scale_last_edited=\u00a0\u00bbon|phone\u00a0\u00bb transform_translate=\u00a0\u00bb31px|-31px\u00a0\u00bb transform_translate_tablet=\u00a0\u00bb\u00a0\u00bb transform_translate_phone=\u00a0\u00bb3px|-27px\u00a0\u00bb transform_translate_last_edited=\u00a0\u00bbon|phone\u00a0\u00bb transform_rotate_tablet=\u00a0\u00bb\u00a0\u00bb transform_rotate_phone=\u00a0\u00bb\u00a0\u00bb transform_rotate_last_edited=\u00a0\u00bbon|phone\u00a0\u00bb transform_skew_tablet=\u00a0\u00bb\u00a0\u00bb transform_skew_phone=\u00a0\u00bb\u00a0\u00bb transform_skew_last_edited=\u00a0\u00bbon|phone\u00a0\u00bb transform_origin_tablet=\u00a0\u00bb\u00a0\u00bb transform_origin_phone=\u00a0\u00bb\u00a0\u00bb transform_origin_last_edited=\u00a0\u00bbon|phone\u00a0\u00bb transform_styles_last_edited=\u00a0\u00bbon|phone\u00a0\u00bb custom_margin=\u00a0\u00bb-60px||||false|false\u00a0\u00bb custom_margin_tablet=\u00a0\u00bb\u00a0\u00bb custom_margin_phone=\u00a0\u00bb40px||||false|false\u00a0\u00bb custom_margin_last_edited=\u00a0\u00bbon|phone\u00a0\u00bb transform_styles_tablet=\u00a0\u00bb\u00a0\u00bb transform_styles_phone=\u00a0\u00bb\u00a0\u00bb global_colors_info=\u00a0\u00bb{}\u00a0\u00bb][et_pb_column type=\u00a0\u00bb1_4&Prime; _builder_version=\u00a0\u00bb4.9.10&Prime; _module_preset=\u00a0\u00bbdefault\u00a0\u00bb global_colors_info=\u00a0\u00bb{}\u00a0\u00bb][et_pb_image title_text=\u00a0\u00bbSupnyon-vert-opt\u00a0\u00bb src_tablet=\u00a0\u00bb\u00a0\u00bb src_phone=\u00a0\u00bbhttp:\/\/assn-nyon.ch\/wp-content\/uploads\/Supnyon-vert-opt.jpg\u00a0\u00bb src_last_edited=\u00a0\u00bbon|phone\u00a0\u00bb _builder_version=\u00a0\u00bb4.9.10&Prime; _module_preset=\u00a0\u00bbdefault\u00a0\u00bb transform_scale=\u00a0\u00bb127%|127%\u00a0\u00bb global_colors_info=\u00a0\u00bb{}\u00a0\u00bb][\/et_pb_image][\/et_pb_column][et_pb_column type=\u00a0\u00bb3_4&Prime; _builder_version=\u00a0\u00bb4.9.10&Prime; _module_preset=\u00a0\u00bbdefault\u00a0\u00bb global_colors_info=\u00a0\u00bb{}\u00a0\u00bb][et_pb_image src=\u00a0\u00bbhttp:\/\/assn-nyon.ch\/wp-content\/uploads\/Logo-supnyon-opt.jpg\u00a0\u00bb title_text=\u00a0\u00bbLogo-supnyon-opt\u00a0\u00bb url=\u00a0\u00bbhttps:\/\/supnyon.ch\/\u00a0\u00bb align=\u00a0\u00bbcenter\u00a0\u00bb _builder_version=\u00a0\u00bb4.11.3&Prime; _module_preset=\u00a0\u00bbdefault\u00a0\u00bb transform_scale=\u00a0\u00bb64%|64%\u00a0\u00bb hover_enabled=\u00a0\u00bb0&Prime; global_colors_info=\u00a0\u00bb{}\u00a0\u00bb url_new_window=\u00a0\u00bbon\u00a0\u00bb sticky_enabled=\u00a0\u00bb0&Prime;][\/et_pb_image][et_pb_text content_tablet=\u00a0\u00bb\u00a0\u00bb content_phone=\u00a0\u00bb<\/p>\n<h4>Bas\u00e9 \u00e0 Nyon, notre club SUP &#038; SURF Nyon est actif dans la promotion du Stand Up Paddle. Nous organisons des initiations, des entrainements collectifs, des cours priv\u00e9s, ainsi que des \u00e9v\u00e8nements sur la Lac L\u00e9man ou sur d\u2019autres plans d\u2019eau en Suisse ou ailleurs. Le club participe \u00e9galement \u00e0 diverses manifestations locales. Le club est accessible \u00e0 ses membres durant toute l\u2019ann\u00e9e, \u00e9t\u00e9 comme hiver.<\/h4>\n<h4><\/h4>\n<h4><strong>Date de cr\u00e9ation <\/strong>: 2021<strong><\/strong><\/h4>\n<h4><strong>Pr\u00e9sidente<\/strong> : Jo-Anne Jones L\u00fctjens<\/h4>\n<h4><strong>Site internet<\/strong> : <u><a href=%22http:\/\/www.supnyon.ch\/%22><span style=%22color: #0000ff;%22>www.supnyon.ch<\/span><\/a><\/u><\/h4>\n<h4><strong>Adresse<\/strong> : chemin de la Croisette 57c, 1260 Nyon<\/h4>\n<h4><strong>Email<\/strong> : <span style=%22color: #0000ff;%22><a href=%22mailto:info.supnyon@gmail.com%22 style=%22color: #0000ff;%22>info.supnyon@gmail.com<\/a><\/span><a href=%22mailto:ecolehcnyon@patinoire.ch%22><span style=%22color: #0000ff;%22>.ch<\/span><\/a><\/h4>\n<p>\u00a0\u00bb content_last_edited=\u00a0\u00bbon|phone\u00a0\u00bb _builder_version=\u00a0\u00bb4.11.3&Prime; _module_preset=\u00a0\u00bbdefault\u00a0\u00bb header_4_line_height=\u00a0\u00bb1.3em\u00a0\u00bb custom_margin=\u00a0\u00bb-100px||||false|false\u00a0\u00bb custom_margin_tablet=\u00a0\u00bb\u00a0\u00bb custom_margin_phone=\u00a0\u00bb-59px||||false|false\u00a0\u00bb custom_margin_last_edited=\u00a0\u00bbon|desktop\u00a0\u00bb custom_padding=\u00a0\u00bb0px||||false|false\u00a0\u00bb global_colors_info=\u00a0\u00bb{}\u00a0\u00bb]<\/p>\n<h4>Bas\u00e9 \u00e0 Nyon, notre club SUP &amp; SURF Nyon est actif dans la promotion du Stand Up Paddle. Nous organisons des initiations, des entrainements collectifs, des cours priv\u00e9s, ainsi que des \u00e9v\u00e8nements sur la Lac L\u00e9man ou sur d\u2019autres plans d\u2019eau en Suisse ou ailleurs. Le club participe \u00e9galement \u00e0 diverses manifestations locales. Le club est accessible \u00e0 ses membres durant toute l\u2019ann\u00e9e, \u00e9t\u00e9 comme hiver.<\/h4>\n<h4><\/h4>\n<h4><strong>Date de cr\u00e9ation <\/strong>: 2012<strong><\/strong><\/h4>\n<h4><strong>Pr\u00e9sidente<\/strong>\u00a0: Jo-Anne Jones L\u00fctjens<\/h4>\n<h4><strong>Site internet<\/strong>\u00a0:\u00a0<a href=\"https:\/\/supnyon.ch\/\" target=\"_blank\" rel=\"noopener\"><u><span style=\"color: #0000ff;\">www.supnyon.ch<\/span><\/u><\/a><\/h4>\n<h4><strong>Adresse<\/strong> : chemin de la Croisette 57c, 1260 Nyon<\/h4>\n<h4><strong>Email<\/strong>\u00a0:\u00a0<a href=\"mailto:info.supnyon@gmail.com\"><span style=\"color: #0000ff;\">info.supnyon@gmail.com<\/span><\/a><\/h4>\n<h4><\/h4>\n<p>[\/et_pb_text][\/et_pb_column][\/et_pb_row][et_pb_row column_structure=\u00a0\u00bb1_4,1_4,1_4,1_4&Prime; _builder_version=\u00a0\u00bb4.9.10&Prime; _module_preset=\u00a0\u00bbdefault\u00a0\u00bb transform_scale_tablet=\u00a0\u00bb\u00a0\u00bb transform_scale_phone=\u00a0\u00bb\u00a0\u00bb transform_scale_last_edited=\u00a0\u00bbon|desktop\u00a0\u00bb transform_translate=\u00a0\u00bb16px|-24px\u00a0\u00bb transform_translate_tablet=\u00a0\u00bb\u00a0\u00bb transform_translate_phone=\u00a0\u00bb-12px|-24px\u00a0\u00bb transform_translate_last_edited=\u00a0\u00bbon|phone\u00a0\u00bb transform_translate_linked=\u00a0\u00bboff\u00a0\u00bb transform_rotate_tablet=\u00a0\u00bb\u00a0\u00bb transform_rotate_phone=\u00a0\u00bb\u00a0\u00bb transform_rotate_last_edited=\u00a0\u00bbon|desktop\u00a0\u00bb transform_skew_tablet=\u00a0\u00bb\u00a0\u00bb transform_skew_phone=\u00a0\u00bb\u00a0\u00bb transform_skew_last_edited=\u00a0\u00bbon|desktop\u00a0\u00bb transform_origin_tablet=\u00a0\u00bb\u00a0\u00bb transform_origin_phone=\u00a0\u00bb\u00a0\u00bb transform_origin_last_edited=\u00a0\u00bbon|desktop\u00a0\u00bb transform_styles_last_edited=\u00a0\u00bbon|phone\u00a0\u00bb custom_margin=\u00a0\u00bb40px||||false|false\u00a0\u00bb custom_margin_tablet=\u00a0\u00bb\u00a0\u00bb custom_margin_phone=\u00a0\u00bb-40px||||false|false\u00a0\u00bb custom_margin_last_edited=\u00a0\u00bbon|phone\u00a0\u00bb transform_styles_tablet=\u00a0\u00bb\u00a0\u00bb transform_styles_phone=\u00a0\u00bb\u00a0\u00bb locked=\u00a0\u00bboff\u00a0\u00bb global_colors_info=\u00a0\u00bb{}\u00a0\u00bb][et_pb_column type=\u00a0\u00bb1_4&Prime; _builder_version=\u00a0\u00bb4.9.10&Prime; _module_preset=\u00a0\u00bbdefault\u00a0\u00bb global_colors_info=\u00a0\u00bb{}\u00a0\u00bb][\/et_pb_column][et_pb_column type=\u00a0\u00bb1_4&Prime; _builder_version=\u00a0\u00bb4.9.10&Prime; _module_preset=\u00a0\u00bbdefault\u00a0\u00bb global_colors_info=\u00a0\u00bb{}\u00a0\u00bb][et_pb_button button_url=\u00a0\u00bbhttps:\/\/www.youtube.com\/watch?v=a8a9H51zXUU\u00a0\u00bb url_new_window=\u00a0\u00bbon\u00a0\u00bb button_text=\u00a0\u00bbYOUTUBE &#8211; 8.9.2019&Prime; button_alignment=\u00a0\u00bbcenter\u00a0\u00bb _builder_version=\u00a0\u00bb4.11.3&Prime; _module_preset=\u00a0\u00bbdefault\u00a0\u00bb custom_button=\u00a0\u00bbon\u00a0\u00bb button_text_size=\u00a0\u00bb18px\u00a0\u00bb button_text_color=\u00a0\u00bb#FFFFFF\u00a0\u00bb button_bg_color=\u00a0\u00bb#0C71C3&Prime; button_border_color=\u00a0\u00bb#0C71C3&Prime; button_border_radius=\u00a0\u00bb12px\u00a0\u00bb button_font=\u00a0\u00bb|600|||||||\u00a0\u00bb custom_margin=\u00a0\u00bb-50px||||false|false\u00a0\u00bb custom_margin_tablet=\u00a0\u00bb\u00a0\u00bb custom_margin_phone=\u00a0\u00bb-30px||||false|false\u00a0\u00bb custom_margin_last_edited=\u00a0\u00bbon|phone\u00a0\u00bb locked=\u00a0\u00bboff\u00a0\u00bb global_colors_info=\u00a0\u00bb{}\u00a0\u00bb][\/et_pb_button][et_pb_text admin_label=\u00a0\u00bbTexte\u00a0\u00bb _builder_version=\u00a0\u00bb4.11.3&Prime; _module_preset=\u00a0\u00bbdefault\u00a0\u00bb header_6_font_size=\u00a0\u00bb13px\u00a0\u00bb header_6_letter_spacing=\u00a0\u00bb-1px\u00a0\u00bb custom_margin=\u00a0\u00bb-20px||||false|false\u00a0\u00bb global_colors_info=\u00a0\u00bb{}\u00a0\u00bb]<\/p>\n<h6 style=\"text-align: center;\"><span>La course annuelle du SUP Club de Nyon.<\/span><\/h6>\n<p>[\/et_pb_text][\/et_pb_column][et_pb_column type=\u00a0\u00bb1_4&Prime; _builder_version=\u00a0\u00bb4.9.10&Prime; _module_preset=\u00a0\u00bbdefault\u00a0\u00bb global_colors_info=\u00a0\u00bb{}\u00a0\u00bb][et_pb_button button_url=\u00a0\u00bbhttps:\/\/www.youtube.com\/watch?v=RPK79cC6hAE\u00a0\u00bb url_new_window=\u00a0\u00bbon\u00a0\u00bb button_text=\u00a0\u00bbNRTV &#8211; 29.6.2017&Prime; button_alignment=\u00a0\u00bbcenter\u00a0\u00bb _builder_version=\u00a0\u00bb4.9.10&Prime; _module_preset=\u00a0\u00bbdefault\u00a0\u00bb custom_button=\u00a0\u00bbon\u00a0\u00bb button_text_size=\u00a0\u00bb18px\u00a0\u00bb button_text_color=\u00a0\u00bb#FFFFFF\u00a0\u00bb button_bg_color=\u00a0\u00bb#0C71C3&Prime; button_border_color=\u00a0\u00bb#0C71C3&Prime; button_border_radius=\u00a0\u00bb12px\u00a0\u00bb button_font=\u00a0\u00bb|600|||||||\u00a0\u00bb custom_margin=\u00a0\u00bb-50px||||false|false\u00a0\u00bb custom_margin_tablet=\u00a0\u00bb\u00a0\u00bb custom_margin_phone=\u00a0\u00bb-30px||||false|false\u00a0\u00bb custom_margin_last_edited=\u00a0\u00bbon|phone\u00a0\u00bb locked=\u00a0\u00bboff\u00a0\u00bb global_colors_info=\u00a0\u00bb{}\u00a0\u00bb][\/et_pb_button][et_pb_text admin_label=\u00a0\u00bbTexte\u00a0\u00bb _builder_version=\u00a0\u00bb4.11.3&Prime; _module_preset=\u00a0\u00bbdefault\u00a0\u00bb header_6_font_size=\u00a0\u00bb13px\u00a0\u00bb header_6_letter_spacing=\u00a0\u00bb-1px\u00a0\u00bb custom_margin=\u00a0\u00bb-20px||||false|false\u00a0\u00bb locked=\u00a0\u00bboff\u00a0\u00bb global_colors_info=\u00a0\u00bb{}\u00a0\u00bb]<\/p>\n<h6 style=\"text-align: center;\">2&rsquo;45 : Gros plan cette semaine sur le paddle avec le Club de Stand Up Paddle &amp; Surf de Nyon.<\/h6>\n<p>[\/et_pb_text][\/et_pb_column][et_pb_column type=\u00a0\u00bb1_4&Prime; _builder_version=\u00a0\u00bb4.9.10&Prime; _module_preset=\u00a0\u00bbdefault\u00a0\u00bb global_colors_info=\u00a0\u00bb{}\u00a0\u00bb][et_pb_button button_url=\u00a0\u00bbhttps:\/\/www.youtube.com\/watch?v=bPXLXecznmM\u00a0\u00bb url_new_window=\u00a0\u00bbon\u00a0\u00bb button_text=\u00a0\u00bbNRTV &#8211; 3.11.2016&Prime; button_alignment=\u00a0\u00bbcenter\u00a0\u00bb _builder_version=\u00a0\u00bb4.9.10&Prime; _module_preset=\u00a0\u00bbdefault\u00a0\u00bb custom_button=\u00a0\u00bbon\u00a0\u00bb button_text_size=\u00a0\u00bb18px\u00a0\u00bb button_text_color=\u00a0\u00bb#FFFFFF\u00a0\u00bb button_bg_color=\u00a0\u00bb#0C71C3&Prime; button_border_color=\u00a0\u00bb#0C71C3&Prime; button_border_radius=\u00a0\u00bb12px\u00a0\u00bb button_font=\u00a0\u00bb|600|||||||\u00a0\u00bb custom_margin=\u00a0\u00bb-48px||||false|false\u00a0\u00bb custom_margin_tablet=\u00a0\u00bb\u00a0\u00bb custom_margin_phone=\u00a0\u00bb-30px||||false|false\u00a0\u00bb custom_margin_last_edited=\u00a0\u00bbon|phone\u00a0\u00bb locked=\u00a0\u00bboff\u00a0\u00bb global_colors_info=\u00a0\u00bb{}\u00a0\u00bb][\/et_pb_button][et_pb_text _builder_version=\u00a0\u00bb4.9.10&Prime; _module_preset=\u00a0\u00bbdefault\u00a0\u00bb header_6_font_size=\u00a0\u00bb13px\u00a0\u00bb header_6_letter_spacing=\u00a0\u00bb-1px\u00a0\u00bb custom_margin=\u00a0\u00bb-20px||||false|false\u00a0\u00bb locked=\u00a0\u00bboff\u00a0\u00bb global_colors_info=\u00a0\u00bb{}\u00a0\u00bb]<\/p>\n<h6 style=\"text-align: center;\">Steeve Fleury, quadruple champion de Suisse aux prochains championnats du monde de Fidji<\/h6>\n<p>[\/et_pb_text][\/et_pb_column][\/et_pb_row][\/et_pb_section]<\/p>\n","protected":false},"excerpt":{"rendered":"<p>Bas\u00e9 \u00e0 Nyon, notre club SUP &amp; SURF Nyon est actif dans la promotion du Stand Up Paddle. Nous organisons des initiations, des entrainements collectifs, des cours priv\u00e9s, ainsi que des \u00e9v\u00e8nements sur la Lac L\u00e9man ou sur d\u2019autres plans d\u2019eau en Suisse ou ailleurs. Le club participe \u00e9galement \u00e0 diverses manifestations locales. Le club [&hellip;]<\/p>\n","protected":false},"author":3,"featured_media":0,"parent":0,"menu_order":0,"comment_status":"closed","ping_status":"closed","template":"","meta":{"_et_pb_use_builder":"on","_et_pb_old_content":"","_et_gb_content_width":"","footnotes":""},"class_list":["post-2987","page","type-page","status-publish","hentry"],"yoast_head":"<!-- This site is optimized with the Yoast SEO plugin v27.5 - https:\/\/yoast.com\/product\/yoast-seo-wordpress\/ -->\n<title>Club Subnyon - ASSN - NYON<\/title>\n<meta name=\"robots\" content=\"index, follow, max-snippet:-1, max-image-preview:large, max-video-preview:-1\" \/>\n<link rel=\"canonical\" href=\"https:\/\/assn-nyon.ch\/?page_id=2987\" \/>\n<meta property=\"og:locale\" content=\"fr_FR\" \/>\n<meta property=\"og:type\" content=\"article\" \/>\n<meta property=\"og:title\" content=\"Club Subnyon - ASSN - NYON\" \/>\n<meta property=\"og:description\" content=\"Bas\u00e9 \u00e0 Nyon, notre club SUP &amp; SURF Nyon est actif dans la promotion du Stand Up Paddle. Nous organisons des initiations, des entrainements collectifs, des cours priv\u00e9s, ainsi que des \u00e9v\u00e8nements sur la Lac L\u00e9man ou sur d\u2019autres plans d\u2019eau en Suisse ou ailleurs. Le club participe \u00e9galement \u00e0 diverses manifestations locales. Le club [&hellip;]\" \/>\n<meta property=\"og:url\" content=\"https:\/\/assn-nyon.ch\/?page_id=2987\" \/>\n<meta property=\"og:site_name\" content=\"ASSN - NYON\" \/>\n<meta property=\"article:modified_time\" content=\"2021-11-17T12:16:07+00:00\" \/>\n<meta name=\"twitter:card\" content=\"summary_large_image\" \/>\n<meta name=\"twitter:label1\" content=\"Dur\u00e9e de lecture estim\u00e9e\" \/>\n\t<meta name=\"twitter:data1\" content=\"6 minutes\" \/>\n<script type=\"application\/ld+json\" class=\"yoast-schema-graph\">{\"@context\":\"https:\\\/\\\/schema.org\",\"@graph\":[{\"@type\":\"WebPage\",\"@id\":\"https:\\\/\\\/assn-nyon.ch\\\/?page_id=2987\",\"url\":\"https:\\\/\\\/assn-nyon.ch\\\/?page_id=2987\",\"name\":\"Club Subnyon - ASSN - NYON\",\"isPartOf\":{\"@id\":\"https:\\\/\\\/assn-nyon.ch\\\/#website\"},\"datePublished\":\"2021-10-08T13:19:36+00:00\",\"dateModified\":\"2021-11-17T12:16:07+00:00\",\"breadcrumb\":{\"@id\":\"https:\\\/\\\/assn-nyon.ch\\\/?page_id=2987#breadcrumb\"},\"inLanguage\":\"fr-FR\",\"potentialAction\":[{\"@type\":\"ReadAction\",\"target\":[\"https:\\\/\\\/assn-nyon.ch\\\/?page_id=2987\"]}]},{\"@type\":\"BreadcrumbList\",\"@id\":\"https:\\\/\\\/assn-nyon.ch\\\/?page_id=2987#breadcrumb\",\"itemListElement\":[{\"@type\":\"ListItem\",\"position\":1,\"name\":\"Accueil\",\"item\":\"https:\\\/\\\/assn-nyon.ch\\\/\"},{\"@type\":\"ListItem\",\"position\":2,\"name\":\"Club Subnyon\"}]},{\"@type\":\"WebSite\",\"@id\":\"https:\\\/\\\/assn-nyon.ch\\\/#website\",\"url\":\"https:\\\/\\\/assn-nyon.ch\\\/\",\"name\":\"ASSN - NYON\",\"description\":\"Un nouveau site pour les soci\u00e9t\u00e9s sportives\",\"publisher\":{\"@id\":\"https:\\\/\\\/assn-nyon.ch\\\/#organization\"},\"potentialAction\":[{\"@type\":\"SearchAction\",\"target\":{\"@type\":\"EntryPoint\",\"urlTemplate\":\"https:\\\/\\\/assn-nyon.ch\\\/?s={search_term_string}\"},\"query-input\":{\"@type\":\"PropertyValueSpecification\",\"valueRequired\":true,\"valueName\":\"search_term_string\"}}],\"inLanguage\":\"fr-FR\"},{\"@type\":\"Organization\",\"@id\":\"https:\\\/\\\/assn-nyon.ch\\\/#organization\",\"name\":\"ASSN - NYON\",\"url\":\"https:\\\/\\\/assn-nyon.ch\\\/\",\"logo\":{\"@type\":\"ImageObject\",\"inLanguage\":\"fr-FR\",\"@id\":\"https:\\\/\\\/assn-nyon.ch\\\/#\\\/schema\\\/logo\\\/image\\\/\",\"url\":\"https:\\\/\\\/assn-nyon.ch\\\/wp-content\\\/uploads\\\/21-logo-ASSN-10-cm-avec-filet-T-noir-1.png\",\"contentUrl\":\"https:\\\/\\\/assn-nyon.ch\\\/wp-content\\\/uploads\\\/21-logo-ASSN-10-cm-avec-filet-T-noir-1.png\",\"width\":283,\"height\":89,\"caption\":\"ASSN - NYON\"},\"image\":{\"@id\":\"https:\\\/\\\/assn-nyon.ch\\\/#\\\/schema\\\/logo\\\/image\\\/\"}}]}<\/script>\n<!-- \/ Yoast SEO plugin. -->","yoast_head_json":{"title":"Club Subnyon - ASSN - NYON","robots":{"index":"index","follow":"follow","max-snippet":"max-snippet:-1","max-image-preview":"max-image-preview:large","max-video-preview":"max-video-preview:-1"},"canonical":"https:\/\/assn-nyon.ch\/?page_id=2987","og_locale":"fr_FR","og_type":"article","og_title":"Club Subnyon - ASSN - NYON","og_description":"Bas\u00e9 \u00e0 Nyon, notre club SUP &amp; SURF Nyon est actif dans la promotion du Stand Up Paddle. Nous organisons des initiations, des entrainements collectifs, des cours priv\u00e9s, ainsi que des \u00e9v\u00e8nements sur la Lac L\u00e9man ou sur d\u2019autres plans d\u2019eau en Suisse ou ailleurs. Le club participe \u00e9galement \u00e0 diverses manifestations locales. Le club [&hellip;]","og_url":"https:\/\/assn-nyon.ch\/?page_id=2987","og_site_name":"ASSN - NYON","article_modified_time":"2021-11-17T12:16:07+00:00","twitter_card":"summary_large_image","twitter_misc":{"Dur\u00e9e de lecture estim\u00e9e":"6 minutes"},"schema":{"@context":"https:\/\/schema.org","@graph":[{"@type":"WebPage","@id":"https:\/\/assn-nyon.ch\/?page_id=2987","url":"https:\/\/assn-nyon.ch\/?page_id=2987","name":"Club Subnyon - ASSN - NYON","isPartOf":{"@id":"https:\/\/assn-nyon.ch\/#website"},"datePublished":"2021-10-08T13:19:36+00:00","dateModified":"2021-11-17T12:16:07+00:00","breadcrumb":{"@id":"https:\/\/assn-nyon.ch\/?page_id=2987#breadcrumb"},"inLanguage":"fr-FR","potentialAction":[{"@type":"ReadAction","target":["https:\/\/assn-nyon.ch\/?page_id=2987"]}]},{"@type":"BreadcrumbList","@id":"https:\/\/assn-nyon.ch\/?page_id=2987#breadcrumb","itemListElement":[{"@type":"ListItem","position":1,"name":"Accueil","item":"https:\/\/assn-nyon.ch\/"},{"@type":"ListItem","position":2,"name":"Club Subnyon"}]},{"@type":"WebSite","@id":"https:\/\/assn-nyon.ch\/#website","url":"https:\/\/assn-nyon.ch\/","name":"ASSN - NYON","description":"Un nouveau site pour les soci\u00e9t\u00e9s sportives","publisher":{"@id":"https:\/\/assn-nyon.ch\/#organization"},"potentialAction":[{"@type":"SearchAction","target":{"@type":"EntryPoint","urlTemplate":"https:\/\/assn-nyon.ch\/?s={search_term_string}"},"query-input":{"@type":"PropertyValueSpecification","valueRequired":true,"valueName":"search_term_string"}}],"inLanguage":"fr-FR"},{"@type":"Organization","@id":"https:\/\/assn-nyon.ch\/#organization","name":"ASSN - NYON","url":"https:\/\/assn-nyon.ch\/","logo":{"@type":"ImageObject","inLanguage":"fr-FR","@id":"https:\/\/assn-nyon.ch\/#\/schema\/logo\/image\/","url":"https:\/\/assn-nyon.ch\/wp-content\/uploads\/21-logo-ASSN-10-cm-avec-filet-T-noir-1.png","contentUrl":"https:\/\/assn-nyon.ch\/wp-content\/uploads\/21-logo-ASSN-10-cm-avec-filet-T-noir-1.png","width":283,"height":89,"caption":"ASSN - NYON"},"image":{"@id":"https:\/\/assn-nyon.ch\/#\/schema\/logo\/image\/"}}]}},"_links":{"self":[{"href":"https:\/\/assn-nyon.ch\/index.php?rest_route=\/wp\/v2\/pages\/2987","targetHints":{"allow":["GET"]}}],"collection":[{"href":"https:\/\/assn-nyon.ch\/index.php?rest_route=\/wp\/v2\/pages"}],"about":[{"href":"https:\/\/assn-nyon.ch\/index.php?rest_route=\/wp\/v2\/types\/page"}],"author":[{"embeddable":true,"href":"https:\/\/assn-nyon.ch\/index.php?rest_route=\/wp\/v2\/users\/3"}],"replies":[{"embeddable":true,"href":"https:\/\/assn-nyon.ch\/index.php?rest_route=%2Fwp%2Fv2%2Fcomments&post=2987"}],"version-history":[{"count":21,"href":"https:\/\/assn-nyon.ch\/index.php?rest_route=\/wp\/v2\/pages\/2987\/revisions"}],"predecessor-version":[{"id":3579,"href":"https:\/\/assn-nyon.ch\/index.php?rest_route=\/wp\/v2\/pages\/2987\/revisions\/3579"}],"wp:attachment":[{"href":"https:\/\/assn-nyon.ch\/index.php?rest_route=%2Fwp%2Fv2%2Fmedia&parent=2987"}],"curies":[{"name":"wp","href":"https:\/\/api.w.org\/{rel}","templated":true}]}}