{"id":1634,"date":"2021-09-14T16:16:30","date_gmt":"2021-09-14T14:16:30","guid":{"rendered":"http:\/\/assn-nyon.ch\/?page_id=1634"},"modified":"2025-07-21T11:21:51","modified_gmt":"2025-07-21T09:21:51","slug":"historique-v3","status":"publish","type":"page","link":"https:\/\/assn-nyon.ch\/?page_id=1634","title":{"rendered":"Historique de L&rsquo;ASSN"},"content":{"rendered":"<p>[et_pb_section fb_built=\u00a0\u00bb1&Prime; _builder_version=\u00a0\u00bb4.16&Prime; _module_preset=\u00a0\u00bbdefault\u00a0\u00bb background_image=\u00a0\u00bbhttp:\/\/assn-nyon.ch\/wp-content\/uploads\/IMG_7581symetrique-v2.jpg\u00a0\u00bb parallax=\u00a0\u00bbon\u00a0\u00bb background_last_edited=\u00a0\u00bbon|phone\u00a0\u00bb background_image_phone=\u00a0\u00bbhttp:\/\/assn-nyon.ch\/wp-content\/uploads\/IMG_7581symetrique-vert-v7-scaled.jpg\u00a0\u00bb background_enable_image_phone=\u00a0\u00bbon\u00a0\u00bb global_colors_info=\u00a0\u00bb{}\u00a0\u00bb][et_pb_row column_structure=\u00a0\u00bb1_2,1_2&Prime; _builder_version=\u00a0\u00bb4.16&Prime; _module_preset=\u00a0\u00bbdefault\u00a0\u00bb global_colors_info=\u00a0\u00bb{}\u00a0\u00bb][et_pb_column type=\u00a0\u00bb1_2&Prime; _builder_version=\u00a0\u00bb4.16&Prime; _module_preset=\u00a0\u00bbdefault\u00a0\u00bb global_colors_info=\u00a0\u00bb{}\u00a0\u00bb][et_pb_image src=\u00a0\u00bbhttp:\/\/assn-nyon.ch\/wp-content\/uploads\/21-logo-ASSN-10-cm-sans-filet-T-blanc.png\u00a0\u00bb title_text=\u00a0\u00bb21-logo-ASSN-10-cm-sans-filet-T-blanc\u00a0\u00bb align=\u00a0\u00bbcenter\u00a0\u00bb _builder_version=\u00a0\u00bb4.16&Prime; _module_preset=\u00a0\u00bbdefault\u00a0\u00bb global_colors_info=\u00a0\u00bb{}\u00a0\u00bb][\/et_pb_image][\/et_pb_column][et_pb_column type=\u00a0\u00bb1_2&Prime; _builder_version=\u00a0\u00bb4.16&Prime; _module_preset=\u00a0\u00bbdefault\u00a0\u00bb global_colors_info=\u00a0\u00bb{}\u00a0\u00bb][\/et_pb_column][\/et_pb_row][et_pb_row custom_padding_last_edited=\u00a0\u00bbon|phone\u00a0\u00bb _builder_version=\u00a0\u00bb4.16&Prime; _module_preset=\u00a0\u00bbdefault\u00a0\u00bb transform_scale_last_edited=\u00a0\u00bboff|phone\u00a0\u00bb transform_translate=\u00a0\u00bb8px|-68px\u00a0\u00bb transform_translate_last_edited=\u00a0\u00bboff|phone\u00a0\u00bb transform_translate_linked=\u00a0\u00bboff\u00a0\u00bb transform_rotate_last_edited=\u00a0\u00bboff|phone\u00a0\u00bb transform_skew_last_edited=\u00a0\u00bboff|phone\u00a0\u00bb transform_origin_last_edited=\u00a0\u00bboff|phone\u00a0\u00bb transform_styles_last_edited=\u00a0\u00bboff|phone\u00a0\u00bb custom_padding=\u00a0\u00bb|90px||90px|false|false\u00a0\u00bb custom_padding_tablet=\u00a0\u00bb\u00a0\u00bb custom_padding_phone=\u00a0\u00bb|0px||0px|false|false\u00a0\u00bb global_colors_info=\u00a0\u00bb{}\u00a0\u00bb][et_pb_column type=\u00a0\u00bb4_4&Prime; _builder_version=\u00a0\u00bb4.16&Prime; _module_preset=\u00a0\u00bbdefault\u00a0\u00bb global_colors_info=\u00a0\u00bb{}\u00a0\u00bb][et_pb_text content_tablet=\u00a0\u00bb\u00a0\u00bb content_phone=\u00a0\u00bb<\/p>\n<h5><span style=%22color: #000000;%22><\/span><\/h5>\n<h1 style=%22text-align: left;%22><span style=%22font-size: xx-large;%22><strong>Historique<\/strong><\/span><\/h1>\n<h5><span style=%22color: #000000;%22><\/span><\/h5>\n<h5><span style=%22color: #000000;%22>L&rsquo;Association des Soci\u00e9t\u00e9s Sportives Nyonnaises (ASSN) a \u00e9t\u00e9 fond\u00e9e en 1975. Son but est de d\u00e9fendre les int\u00e9r\u00eats des soci\u00e9t\u00e9s membres, de faire valoir et promouvoir l&rsquo;exercice du sport, de coordonner les activit\u00e9s des soci\u00e9t\u00e9s, de les soutenir le cas \u00e9ch\u00e9ant devant les autorit\u00e9s. Elle compte actuellement 35 soci\u00e9t\u00e9s.<\/span><\/h5>\n<h5><span style=%22color: #000000;%22>Parmi ses multiples activit\u00e9s, l&rsquo;ASSN organise les <span style=%22color: #3366ff;%22><a href=%22http:\/\/assn-nyon.ch\/?page_id=636%22 style=%22color: #3366ff;%22>M\u00e9rites Sportifs Nyonnais <\/a><\/span>qui r\u00e9compensent chaque ann\u00e9e un sportif individuel masculin, f\u00e9minin, une \u00e9quipe, une personne particuli\u00e8rement d\u00e9vou\u00e9e \u00e0 la cause du sport et un prix fair play.<\/span><\/h5>\n<h5><span style=%22color: #000000;%22>L&rsquo;ASSN participe \u00e9galement \u00e0 la nomination des b\u00e9n\u00e9ficiaires de la Fondation pour le d\u00e9veloppement du sport \u00e0 Nyon, appel\u00e9e \u00e9galement <a href=%22http:\/\/assn-nyon.ch\/?page_id=48%22 style=%22color: #000000;%22><span style=%22color: #3366ff;%22>Fondation UEFA<\/span><\/a><span style=%22color: #3366ff;%22>.<\/span> Cette fondation verse chaque ann\u00e9e une somme importante \u00e0 des sportifs individuels, des \u00e9quipes ou des clubs d\u00e9sirant acqu\u00e9rir du mat\u00e9riel ou des \u00e9quipements<\/span><\/h5>\n<h5><span style=%22color: #000000;%22>Historique &#8211; Origine de l&rsquo;ASSN<\/span><\/h5>\n<h5><span style=%22color: #000000;%22>1\u00e8re assembl\u00e9e en vue de la constitution le <strong>24 mars 1965<\/strong> sous la pr\u00e9sidence de Gilbert Prodolliet (FC SN). Le secr\u00e9taire est Daniel Diserens (SFG). Les autres membres sont MM : Gaillard (BBC Masc), Rihs TCN), Rochaix(CVNy), Graf(SCN) et Sumi(Boule Nyonnaise).<\/span><\/h5>\n<h5><span style=%22color: #000000;%22>Assembl\u00e9e constitutive le <strong>16 juin 1965<\/strong><\/span><br \/><span style=%22color: #000000;%22>1er statut adopt\u00e9 le <strong>23 mars 1966<\/strong><\/span><br \/><span style=%22color: #000000;%22>Activit\u00e9s en 1965. 1966. 1967 et 1968 (correspondances dans archives).Cessation d\u2019activit\u00e9 vraisemblablement en 1969.<\/span><br \/><span style=%22color: #000000;%22>Trouv\u00e9 documents de 1971 dans archives. Veilleuse jusqu\u2019en 1975<\/span><\/h5>\n<h5><span style=%22color: #000000;%22>R\u00e9union le <strong>10 novembre 1975 <\/strong>sur l\u2019initiative de 2 ma\u00eetres de sports, Daniel Cornaz et Jean-Fran\u00e7ois Jeanneret \u00e0 l\u2019attention des soci\u00e9t\u00e9s sportives.<\/span><br \/><span style=%22color: #000000;%22>Suite \u00e0 cette discussion et face au tr\u00e8s important manque de salles, les Soci\u00e9t\u00e9s se rappellent qu\u2019il a exist\u00e9 une ASSN, tomb\u00e9e dans l\u2019oubli.<\/span><br \/><span style=%22color: #000000;%22>Le PV de la s\u00e9ance mentionne que les membres d\u00e9cident qu\u2019il s\u2019agit de la cr\u00e9ation d\u2019une nouvelle ASSN avec de nouveaux statuts et non pas de la remise en fonction de l\u2019ancienne.<\/span><\/h5>\n<h5><span style=%22color: #000000;%22>La date de naissance officielle de l\u2019ASSN actuelle est donc le <strong>15 d\u00e9cembre 1975<\/strong><\/span><\/h5>\n<p><span style=%22color: #000000;%22><strong><\/strong><\/span><\/p>\n<p><span style=%22color: #000000;%22><strong><\/strong><\/span><\/p>\n<h5 style=%22text-align: center;%22><span style=%22color: #000000; font-size: x-large;%22><strong>Comit\u00e9 :<\/strong><\/span><\/h5>\n<h6 style=%22text-align: center;%22><span style=%22color: #000000;%22>D. Cornaz (Ma\u00eetre de sports) Pr\u00e9sident<\/span><\/h6>\n<h6 style=%22text-align: center;%22><span style=%22color: #000000;%22> J-C Stucki (Basket F\u00e9minin) Vice-pr\u00e9sident<\/span><\/h6>\n<h6 style=%22text-align: center;%22><span style=%22color: #000000;%22>G. Chevalley (SFG) Tr\u00e9sorier<\/span><\/h6>\n<h6 style=%22text-align: center;%22><span style=%22color: #000000;%22>D. Gilli\u00e9ron (Volley) Secr\u00e9taire<\/span><\/h6>\n<h6 style=%22text-align: center;%22><span style=%22color: #000000;%22>P. Segesser (Handball) Membre<\/span><\/h6>\n<h6 style=%22text-align: center;%22><span style=%22color: #000000;%22>E. Mounoud (CNN) Membre<\/span><\/h6>\n<h6 style=%22text-align: center;%22><span style=%22color: #000000;%22>J-C Michel (Rugby) Membre<\/span><\/h6>\n<h5><span style=%22color: #000000;%22>La cotisation \u00e9tait de Cotisation 20 francs par club<\/span><\/h5>\n<h5><span style=%22color: #000000;%22>La motivation 1\u00e8re de la nouvelle ASSN est la cr\u00e9ation de salles de sports.<\/span><br \/><span style=%22color: #000000;%22>A cette date Nyon et Bex sont les deux communes les plus mal \u00e9quip\u00e9es du canton en proportion du <\/span><span style=%22color: #000000;%22>nombre d\u2019\u00e9l\u00e8ves.<\/span><\/h5>\n<h5><span style=%22color: #000000;%22>L\u2019ASSN re\u00e7oit un accueil tr\u00e8s froid de la municipalit\u00e9 arguant la pr\u00e9carit\u00e9 des finances communales.<\/span><\/h5>\n<h5><span style=%22color: #000000;%22>Une p\u00e9tition est envisag\u00e9e. La construction prochaine du Rocher calme les esprits mais est <\/span><span style=%22color: #000000;%22>conditionn\u00e9e par l\u2019augmentation du taux d\u2019imposition de 5 cts.<\/span><\/h5>\n<h5><span style=%22color: #000000;%22>D\u00e9cision de la cr\u00e9ation d\u2019un <a href=%22http:\/\/assn-nyon.ch\/?page_id=636%22 style=%22color: #000000;%22><span style=%22color: #3366ff;%22>M\u00e9rites Sportifs Nyonnais <\/span><\/a> prise par le Comit\u00e9 le <strong>29 septembre 1977<\/strong>.<\/span><\/h5>\n<h5><span style=%22color: #000000;%22>Le r\u00e8glement pr\u00e9cise que les candidats devront avoir un rattachement quelconque avec la r\u00e9gion <\/span><span style=%22color: #000000;%22>nyonnaise (ville ou district) soit par exemple, leur domicile, leur appartenance \u00e0 un club ou association <\/span><span style=%22color: #000000;%22>de la r\u00e9gion, le fait qu\u2019ils pratiquent leur sport dans la r\u00e9gion ou toute autre circonstance encore.<\/span><\/h5>\n<h5><span style=%22color: #000000;%22><em>Document \u00e9tabli sur la base des archives de l&rsquo;ASSN.<\/em><\/span><\/h5>\n<p>\u00a0\u00bb content_last_edited=\u00a0\u00bbon|phone\u00a0\u00bb _builder_version=\u00a0\u00bb4.21.0&Prime; _module_preset=\u00a0\u00bbdefault\u00a0\u00bb header_font_size=\u00a0\u00bb60px\u00a0\u00bb custom_margin=\u00a0\u00bb10px|0px||0px|false|false\u00a0\u00bb custom_margin_tablet=\u00a0\u00bb\u00a0\u00bb custom_margin_phone=\u00a0\u00bb|0px||0px|false|false\u00a0\u00bb custom_margin_last_edited=\u00a0\u00bbon|phone\u00a0\u00bb custom_padding_tablet=\u00a0\u00bb\u00a0\u00bb custom_padding_phone=\u00a0\u00bb0px|0px|0px|0px|false|false\u00a0\u00bb custom_padding_last_edited=\u00a0\u00bbon|phone\u00a0\u00bb global_colors_info=\u00a0\u00bb{}\u00a0\u00bb]<\/p>\n<h5><span style=\"color: #000000;\"><\/span><\/h5>\n<h1 style=\"text-align: left;\"><strong><\/strong><\/h1>\n<p><strong><\/strong><\/p>\n<p><strong><\/strong><\/p>\n<p><strong><\/strong><\/p>\n<p><strong><\/strong><\/p>\n<p><strong><\/strong><\/p>\n<p><strong><\/strong><\/p>\n<p><strong><\/strong><\/p>\n<p><strong><\/strong><\/p>\n<p><strong><\/strong><\/p>\n<p><strong><\/strong><\/p>\n<p><strong><\/strong><\/p>\n<p><strong><\/strong><\/p>\n<p><strong><\/strong><\/p>\n<p><strong><\/strong><\/p>\n<p><strong><\/strong><\/p>\n<h1 style=\"text-align: left;\"><strong>Historique<\/strong><\/h1>\n<h5><span style=\"color: #000000;\"><\/span><\/h5>\n<h5><span style=\"color: #000000;\">L&rsquo;Association des Soci\u00e9t\u00e9s Sportives Nyonnaises (ASSN) a \u00e9t\u00e9 fond\u00e9e en 1975. Son but est de d\u00e9fendre les int\u00e9r\u00eats des soci\u00e9t\u00e9s membres, de faire valoir et promouvoir l&rsquo;exercice du sport, de coordonner les activit\u00e9s des soci\u00e9t\u00e9s, de les soutenir le cas \u00e9ch\u00e9ant devant les autorit\u00e9s. Elle compte actuellement 55 soci\u00e9t\u00e9s.<\/span><\/h5>\n<h5><span style=\"color: #000000;\">Parmi ses multiples activit\u00e9s, l&rsquo;ASSN organise les <span style=\"color: #3366ff;\"><a href=\"http:\/\/assn-nyon.ch\/?page_id=636\" style=\"color: #3366ff;\">M\u00e9rites Sportifs Nyonnais <\/a><\/span>qui r\u00e9compensent chaque ann\u00e9e un sportif individuel masculin, f\u00e9minin, une \u00e9quipe, une personne particuli\u00e8rement d\u00e9vou\u00e9e \u00e0 la cause du sport et un prix fair play.<\/span><\/h5>\n<h5><span style=\"color: #000000;\">L&rsquo;ASSN participe \u00e9galement \u00e0 la nomination des b\u00e9n\u00e9ficiaires de la Fondation pour le d\u00e9veloppement du sport \u00e0 Nyon, appel\u00e9e \u00e9galement <a href=\"http:\/\/assn-nyon.ch\/?page_id=48\" style=\"color: #000000;\"><span style=\"color: #3366ff;\">Fondation UEFA<\/span><\/a><span style=\"color: #3366ff;\">.<\/span> Cette fondation verse chaque ann\u00e9e une somme importante \u00e0 des sportifs individuels, des \u00e9quipes ou des clubs d\u00e9sirant acqu\u00e9rir du mat\u00e9riel ou des \u00e9quipements<\/span><\/h5>\n<h5><span style=\"color: #000000;\">Historique &#8211; Origine de l&rsquo;ASSN<\/span><\/h5>\n<h5><span style=\"color: #000000;\">1\u00e8re assembl\u00e9e en vue de la constitution le <strong>24 mars 1965<\/strong> sous la pr\u00e9sidence de Gilbert Prodolliet (FC SN). Le secr\u00e9taire est Daniel Diserens (SFG). Les autres membres sont MM : Gaillard (BBC Masc), Rihs TCN), Rochaix(CVNy), Graf(SCN) et Sumi(Boule Nyonnaise).<\/span><\/h5>\n<h5><span style=\"color: #000000;\">Assembl\u00e9e constitutive le <strong>16 juin 1965<\/strong><\/span><br \/><span style=\"color: #000000;\">1er statut adopt\u00e9 le <strong>23 mars 1966<\/strong><\/span><br \/><span style=\"color: #000000;\">Activit\u00e9s en 1965. 1966. 1967 et 1968 (correspondances dans archives).Cessation d\u2019activit\u00e9 vraisemblablement en 1969.<\/span><br \/><span style=\"color: #000000;\">Trouv\u00e9 documents de 1971 dans archives. Veilleuse jusqu\u2019en 1975<\/span><\/h5>\n<h5><span style=\"color: #000000;\">R\u00e9union le <strong>10 novembre 1975 <\/strong>sur l\u2019initiative de 2 ma\u00eetres de sports, Daniel Cornaz et Jean-Fran\u00e7ois Jeanneret \u00e0 l\u2019attention des soci\u00e9t\u00e9s sportives.<\/span><br \/><span style=\"color: #000000;\">Suite \u00e0 cette discussion et face au tr\u00e8s important manque de salles, les Soci\u00e9t\u00e9s se rappellent qu\u2019il a exist\u00e9 une ASSN, tomb\u00e9e dans l\u2019oubli.<\/span><br \/><span style=\"color: #000000;\">Le PV de la s\u00e9ance mentionne que les membres d\u00e9cident qu\u2019il s\u2019agit de la cr\u00e9ation d\u2019une nouvelle ASSN avec de nouveaux statuts et non pas de la remise en fonction de l\u2019ancienne.<\/span><\/h5>\n<h5><span style=\"color: #000000;\">La date de naissance officielle de l\u2019ASSN actuelle est donc le <strong>15 d\u00e9cembre 1975<\/strong><\/span><\/h5>\n<p><span style=\"color: #000000;\"><strong><\/strong><\/span><\/p>\n<p><span style=\"color: #000000;\"><strong><\/strong><\/span><\/p>\n<h5 style=\"text-align: center;\"><span style=\"color: #000000; font-size: x-large;\"><strong>Comit\u00e9 :<\/strong><\/span><\/h5>\n<h6 style=\"text-align: center;\"><span style=\"color: #000000;\">D. Cornaz (Ma\u00eetre de sports) Pr\u00e9sident<\/span><\/h6>\n<h6 style=\"text-align: center;\"><span style=\"color: #000000;\"> J-C Stucki (Basket F\u00e9minin) Vice-pr\u00e9sident<\/span><\/h6>\n<h6 style=\"text-align: center;\"><span style=\"color: #000000;\">G. Chevalley (SFG) Tr\u00e9sorier<\/span><\/h6>\n<h6 style=\"text-align: center;\"><span style=\"color: #000000;\">D. Gilli\u00e9ron (Volley) Secr\u00e9taire<\/span><\/h6>\n<h6 style=\"text-align: center;\"><span style=\"color: #000000;\">P. Segesser (Handball) Membre<\/span><\/h6>\n<h6 style=\"text-align: center;\"><span style=\"color: #000000;\">E. Mounoud (CNN) Membre<\/span><\/h6>\n<h6 style=\"text-align: center;\"><span style=\"color: #000000;\">J-C Michel (Rugby) Membre<\/span><\/h6>\n<h5><span style=\"color: #000000;\">La cotisation \u00e9tait de Cotisation 20 francs par club<\/span><\/h5>\n<h5><span style=\"color: #000000;\">La motivation 1\u00e8re de la nouvelle ASSN est la cr\u00e9ation de salles de sports.<\/span><br \/><span style=\"color: #000000;\">A cette date Nyon et Bex sont les deux communes les plus mal \u00e9quip\u00e9es du canton en proportion du <\/span><span style=\"color: #000000;\">nombre d\u2019\u00e9l\u00e8ves.<\/span><\/h5>\n<h5><span style=\"color: #000000;\">L\u2019ASSN re\u00e7oit un accueil tr\u00e8s froid de la municipalit\u00e9 arguant la pr\u00e9carit\u00e9 des finances communales.<\/span><\/h5>\n<h5><span style=\"color: #000000;\">Une p\u00e9tition est envisag\u00e9e. La construction prochaine du Rocher calme les esprits mais est <\/span><span style=\"color: #000000;\">conditionn\u00e9e par l\u2019augmentation du taux d\u2019imposition de 5 cts.<\/span><\/h5>\n<h5><span style=\"color: #000000;\">D\u00e9cision de la cr\u00e9ation d\u2019un <a href=\"http:\/\/assn-nyon.ch\/?page_id=636\" style=\"color: #000000;\"><span style=\"color: #3366ff;\">M\u00e9rites Sportifs Nyonnais <\/span><\/a>\u00a0prise par le Comit\u00e9 le <strong>29 septembre 1977<\/strong>.<\/span><\/h5>\n<h5><span style=\"color: #000000;\">Le r\u00e8glement pr\u00e9cise que les candidats devront avoir un rattachement quelconque avec la r\u00e9gion <\/span><span style=\"color: #000000;\">nyonnaise (ville ou district) soit par exemple, leur domicile, leur appartenance \u00e0 un club ou association <\/span><span style=\"color: #000000;\">de la r\u00e9gion, le fait qu\u2019ils pratiquent leur sport dans la r\u00e9gion ou toute autre circonstance encore.<\/span><\/h5>\n<h5><span style=\"color: #000000;\"><em>Document \u00e9tabli sur la base des archives de l&rsquo;ASSN.<\/em><\/span><\/h5>\n<p>[\/et_pb_text][et_pb_button button_url=\u00a0\u00bbhttp:\/\/assn-nyon.ch\/?page_id=20&Prime; url_new_window=\u00a0\u00bbon\u00a0\u00bb button_text=\u00a0\u00bbCOMIT\u00c9 2023-2024&Prime; button_alignment=\u00a0\u00bbcenter\u00a0\u00bb _builder_version=\u00a0\u00bb4.21.0&Prime; _module_preset=\u00a0\u00bbdefault\u00a0\u00bb custom_button=\u00a0\u00bbon\u00a0\u00bb button_text_color=\u00a0\u00bb#FFFFFF\u00a0\u00bb button_bg_color=\u00a0\u00bb#0C71C3&Prime; button_border_width=\u00a0\u00bb4px\u00a0\u00bb button_border_radius=\u00a0\u00bb12px\u00a0\u00bb global_colors_info=\u00a0\u00bb{}\u00a0\u00bb][\/et_pb_button][et_pb_image src=\u00a0\u00bbhttp:\/\/assn-nyon.ch\/wp-content\/uploads\/23-comite-IMG-20230425-WA-compres.jpg\u00a0\u00bb title_text=\u00a0\u00bb23-comit\u00e9-IMG-20230425-WA compres\u00a0\u00bb align=\u00a0\u00bbcenter\u00a0\u00bb _builder_version=\u00a0\u00bb4.21.0&Prime; _module_preset=\u00a0\u00bbdefault\u00a0\u00bb transform_scale=\u00a0\u00bb111%|111%\u00a0\u00bb custom_margin=\u00a0\u00bb50px||||false|false\u00a0\u00bb global_colors_info=\u00a0\u00bb{}\u00a0\u00bb][\/et_pb_image][et_pb_text _builder_version=\u00a0\u00bb4.21.0&Prime; _module_preset=\u00a0\u00bbdefault\u00a0\u00bb custom_margin=\u00a0\u00bb33px|60px||58px|false|false\u00a0\u00bb global_colors_info=\u00a0\u00bb{}\u00a0\u00bb]<\/p>\n<p>Le comit\u00e9 actuel : Bernard Oberson, Ren\u00e9 Darmond, R\u00e9anne Maspero, Pierre-Alain Dupuis, Silvia Maillan, Nicolas Rozier et Dominique Poupaert.<\/p>\n<p>[\/et_pb_text][\/et_pb_column][\/et_pb_row][\/et_pb_section]<\/p>\n","protected":false},"excerpt":{"rendered":"<p>Historique L&rsquo;Association des Soci\u00e9t\u00e9s Sportives Nyonnaises (ASSN) a \u00e9t\u00e9 fond\u00e9e en 1975. Son but est de d\u00e9fendre les int\u00e9r\u00eats des soci\u00e9t\u00e9s membres, de faire valoir et promouvoir l&rsquo;exercice du sport, de coordonner les activit\u00e9s des soci\u00e9t\u00e9s, de les soutenir le cas \u00e9ch\u00e9ant devant les autorit\u00e9s. Elle compte actuellement 55 soci\u00e9t\u00e9s. Parmi ses multiples activit\u00e9s, l&rsquo;ASSN [&hellip;]<\/p>\n","protected":false},"author":3,"featured_media":0,"parent":0,"menu_order":0,"comment_status":"closed","ping_status":"closed","template":"","meta":{"_et_pb_use_builder":"on","_et_pb_old_content":"","_et_gb_content_width":"","footnotes":""},"class_list":["post-1634","page","type-page","status-publish","hentry"],"yoast_head":"<!-- This site is optimized with the Yoast SEO plugin v27.3 - https:\/\/yoast.com\/product\/yoast-seo-wordpress\/ -->\n<title>Historique de L&#039;ASSN - ASSN - NYON<\/title>\n<meta name=\"robots\" content=\"index, follow, max-snippet:-1, max-image-preview:large, max-video-preview:-1\" \/>\n<link rel=\"canonical\" href=\"https:\/\/assn-nyon.ch\/?page_id=1634\" \/>\n<meta property=\"og:locale\" content=\"fr_FR\" \/>\n<meta property=\"og:type\" content=\"article\" \/>\n<meta property=\"og:title\" content=\"Historique de L&#039;ASSN - ASSN - NYON\" \/>\n<meta property=\"og:description\" content=\"Historique L&#039;Association des Soci\u00e9t\u00e9s Sportives Nyonnaises (ASSN) a \u00e9t\u00e9 fond\u00e9e en 1975. Son but est de d\u00e9fendre les int\u00e9r\u00eats des soci\u00e9t\u00e9s membres, de faire valoir et promouvoir l&#039;exercice du sport, de coordonner les activit\u00e9s des soci\u00e9t\u00e9s, de les soutenir le cas \u00e9ch\u00e9ant devant les autorit\u00e9s. Elle compte actuellement 55 soci\u00e9t\u00e9s. Parmi ses multiples activit\u00e9s, l&#039;ASSN [&hellip;]\" \/>\n<meta property=\"og:url\" content=\"https:\/\/assn-nyon.ch\/?page_id=1634\" \/>\n<meta property=\"og:site_name\" content=\"ASSN - NYON\" \/>\n<meta property=\"article:modified_time\" content=\"2025-07-21T09:21:51+00:00\" \/>\n<meta name=\"twitter:card\" content=\"summary_large_image\" \/>\n<meta name=\"twitter:label1\" content=\"Dur\u00e9e de lecture estim\u00e9e\" \/>\n\t<meta name=\"twitter:data1\" content=\"8 minutes\" \/>\n<script type=\"application\/ld+json\" class=\"yoast-schema-graph\">{\"@context\":\"https:\\\/\\\/schema.org\",\"@graph\":[{\"@type\":\"WebPage\",\"@id\":\"https:\\\/\\\/assn-nyon.ch\\\/?page_id=1634\",\"url\":\"https:\\\/\\\/assn-nyon.ch\\\/?page_id=1634\",\"name\":\"Historique de L'ASSN - ASSN - NYON\",\"isPartOf\":{\"@id\":\"https:\\\/\\\/assn-nyon.ch\\\/#website\"},\"datePublished\":\"2021-09-14T14:16:30+00:00\",\"dateModified\":\"2025-07-21T09:21:51+00:00\",\"breadcrumb\":{\"@id\":\"https:\\\/\\\/assn-nyon.ch\\\/?page_id=1634#breadcrumb\"},\"inLanguage\":\"fr-FR\",\"potentialAction\":[{\"@type\":\"ReadAction\",\"target\":[\"https:\\\/\\\/assn-nyon.ch\\\/?page_id=1634\"]}]},{\"@type\":\"BreadcrumbList\",\"@id\":\"https:\\\/\\\/assn-nyon.ch\\\/?page_id=1634#breadcrumb\",\"itemListElement\":[{\"@type\":\"ListItem\",\"position\":1,\"name\":\"Accueil\",\"item\":\"https:\\\/\\\/assn-nyon.ch\\\/\"},{\"@type\":\"ListItem\",\"position\":2,\"name\":\"Historique de L&rsquo;ASSN\"}]},{\"@type\":\"WebSite\",\"@id\":\"https:\\\/\\\/assn-nyon.ch\\\/#website\",\"url\":\"https:\\\/\\\/assn-nyon.ch\\\/\",\"name\":\"ASSN - NYON\",\"description\":\"Un nouveau site pour les soci\u00e9t\u00e9s sportives\",\"publisher\":{\"@id\":\"https:\\\/\\\/assn-nyon.ch\\\/#organization\"},\"potentialAction\":[{\"@type\":\"SearchAction\",\"target\":{\"@type\":\"EntryPoint\",\"urlTemplate\":\"https:\\\/\\\/assn-nyon.ch\\\/?s={search_term_string}\"},\"query-input\":{\"@type\":\"PropertyValueSpecification\",\"valueRequired\":true,\"valueName\":\"search_term_string\"}}],\"inLanguage\":\"fr-FR\"},{\"@type\":\"Organization\",\"@id\":\"https:\\\/\\\/assn-nyon.ch\\\/#organization\",\"name\":\"ASSN - NYON\",\"url\":\"https:\\\/\\\/assn-nyon.ch\\\/\",\"logo\":{\"@type\":\"ImageObject\",\"inLanguage\":\"fr-FR\",\"@id\":\"https:\\\/\\\/assn-nyon.ch\\\/#\\\/schema\\\/logo\\\/image\\\/\",\"url\":\"https:\\\/\\\/assn-nyon.ch\\\/wp-content\\\/uploads\\\/21-logo-ASSN-10-cm-avec-filet-T-noir-1.png\",\"contentUrl\":\"https:\\\/\\\/assn-nyon.ch\\\/wp-content\\\/uploads\\\/21-logo-ASSN-10-cm-avec-filet-T-noir-1.png\",\"width\":283,\"height\":89,\"caption\":\"ASSN - NYON\"},\"image\":{\"@id\":\"https:\\\/\\\/assn-nyon.ch\\\/#\\\/schema\\\/logo\\\/image\\\/\"}}]}<\/script>\n<!-- \/ Yoast SEO plugin. -->","yoast_head_json":{"title":"Historique de L'ASSN - ASSN - NYON","robots":{"index":"index","follow":"follow","max-snippet":"max-snippet:-1","max-image-preview":"max-image-preview:large","max-video-preview":"max-video-preview:-1"},"canonical":"https:\/\/assn-nyon.ch\/?page_id=1634","og_locale":"fr_FR","og_type":"article","og_title":"Historique de L'ASSN - ASSN - NYON","og_description":"Historique L'Association des Soci\u00e9t\u00e9s Sportives Nyonnaises (ASSN) a \u00e9t\u00e9 fond\u00e9e en 1975. Son but est de d\u00e9fendre les int\u00e9r\u00eats des soci\u00e9t\u00e9s membres, de faire valoir et promouvoir l'exercice du sport, de coordonner les activit\u00e9s des soci\u00e9t\u00e9s, de les soutenir le cas \u00e9ch\u00e9ant devant les autorit\u00e9s. Elle compte actuellement 55 soci\u00e9t\u00e9s. Parmi ses multiples activit\u00e9s, l'ASSN [&hellip;]","og_url":"https:\/\/assn-nyon.ch\/?page_id=1634","og_site_name":"ASSN - NYON","article_modified_time":"2025-07-21T09:21:51+00:00","twitter_card":"summary_large_image","twitter_misc":{"Dur\u00e9e de lecture estim\u00e9e":"8 minutes"},"schema":{"@context":"https:\/\/schema.org","@graph":[{"@type":"WebPage","@id":"https:\/\/assn-nyon.ch\/?page_id=1634","url":"https:\/\/assn-nyon.ch\/?page_id=1634","name":"Historique de L'ASSN - ASSN - NYON","isPartOf":{"@id":"https:\/\/assn-nyon.ch\/#website"},"datePublished":"2021-09-14T14:16:30+00:00","dateModified":"2025-07-21T09:21:51+00:00","breadcrumb":{"@id":"https:\/\/assn-nyon.ch\/?page_id=1634#breadcrumb"},"inLanguage":"fr-FR","potentialAction":[{"@type":"ReadAction","target":["https:\/\/assn-nyon.ch\/?page_id=1634"]}]},{"@type":"BreadcrumbList","@id":"https:\/\/assn-nyon.ch\/?page_id=1634#breadcrumb","itemListElement":[{"@type":"ListItem","position":1,"name":"Accueil","item":"https:\/\/assn-nyon.ch\/"},{"@type":"ListItem","position":2,"name":"Historique de L&rsquo;ASSN"}]},{"@type":"WebSite","@id":"https:\/\/assn-nyon.ch\/#website","url":"https:\/\/assn-nyon.ch\/","name":"ASSN - NYON","description":"Un nouveau site pour les soci\u00e9t\u00e9s sportives","publisher":{"@id":"https:\/\/assn-nyon.ch\/#organization"},"potentialAction":[{"@type":"SearchAction","target":{"@type":"EntryPoint","urlTemplate":"https:\/\/assn-nyon.ch\/?s={search_term_string}"},"query-input":{"@type":"PropertyValueSpecification","valueRequired":true,"valueName":"search_term_string"}}],"inLanguage":"fr-FR"},{"@type":"Organization","@id":"https:\/\/assn-nyon.ch\/#organization","name":"ASSN - NYON","url":"https:\/\/assn-nyon.ch\/","logo":{"@type":"ImageObject","inLanguage":"fr-FR","@id":"https:\/\/assn-nyon.ch\/#\/schema\/logo\/image\/","url":"https:\/\/assn-nyon.ch\/wp-content\/uploads\/21-logo-ASSN-10-cm-avec-filet-T-noir-1.png","contentUrl":"https:\/\/assn-nyon.ch\/wp-content\/uploads\/21-logo-ASSN-10-cm-avec-filet-T-noir-1.png","width":283,"height":89,"caption":"ASSN - NYON"},"image":{"@id":"https:\/\/assn-nyon.ch\/#\/schema\/logo\/image\/"}}]}},"_links":{"self":[{"href":"https:\/\/assn-nyon.ch\/index.php?rest_route=\/wp\/v2\/pages\/1634","targetHints":{"allow":["GET"]}}],"collection":[{"href":"https:\/\/assn-nyon.ch\/index.php?rest_route=\/wp\/v2\/pages"}],"about":[{"href":"https:\/\/assn-nyon.ch\/index.php?rest_route=\/wp\/v2\/types\/page"}],"author":[{"embeddable":true,"href":"https:\/\/assn-nyon.ch\/index.php?rest_route=\/wp\/v2\/users\/3"}],"replies":[{"embeddable":true,"href":"https:\/\/assn-nyon.ch\/index.php?rest_route=%2Fwp%2Fv2%2Fcomments&post=1634"}],"version-history":[{"count":25,"href":"https:\/\/assn-nyon.ch\/index.php?rest_route=\/wp\/v2\/pages\/1634\/revisions"}],"predecessor-version":[{"id":8854,"href":"https:\/\/assn-nyon.ch\/index.php?rest_route=\/wp\/v2\/pages\/1634\/revisions\/8854"}],"wp:attachment":[{"href":"https:\/\/assn-nyon.ch\/index.php?rest_route=%2Fwp%2Fv2%2Fmedia&parent=1634"}],"curies":[{"name":"wp","href":"https:\/\/api.w.org\/{rel}","templated":true}]}}